{"id":122,"date":"2015-12-10T06:40:17","date_gmt":"2015-12-10T05:40:17","guid":{"rendered":"http:\/\/www.heideducht.de\/test\/blog\/?page_id=122"},"modified":"2015-12-10T06:40:17","modified_gmt":"2015-12-10T05:40:17","slug":"das-haarkleid-des-cockers","status":"publish","type":"page","link":"https:\/\/vonderheideducht.de\/?page_id=122","title":{"rendered":"Das Haarkleid des Cockers"},"content":{"rendered":"<table>\n<tbody>\n<tr>\n<td class=\"main\" width=\"600\"><b><u><span style=\"font-size: xx-small;\">Das Haarkleid des Cockers<\/span><\/u><\/b><span style=\"font-size: xx-small;\"><br \/>\n<\/span><\/td>\n<\/tr>\n<tr>\n<td class=\"main\">Habe ich einen Cocker gekauft, weil sie so sch\u00f6n aussehen?<br \/>\nWenn das einer Ihrer Gr\u00fcnde ist, dann ein paar pers\u00f6nliche Tipps von mir.<\/p>\n<p>Der Cocker kommt mit einem kurzen dichten gl\u00e4nzenden Fell zur Welt, ( Wie ein Mauelwurf) dann ab der ca. 12 Woche wird es wuschelig wie das Fell eines Teddyb\u00e4ren.<\/p>\n<p>Ich k\u00e4mme unsere Welpen schon regelm\u00e4\u00dfig jede Woche, auch wenn noch gar nichts zu K\u00e4mmen ist, damit sich der Welpe daran gew\u00f6hnt. Mit der zeit wird das Fell immer wuscheliger und auch trockner und l\u00e4nger. Wichtig ist es, die Beh\u00e4nge sch\u00f6n durchzuk\u00e4mmen, der Kamm muss bis auf den Grund durchgehen und alle Zotteln oder Filz werden mit der Kammspitze auseinander gezogen und dann durchgek\u00e4mmt &#8211; m\u00f6glichst nichts herausschneiden !!! In den Achselh\u00f6len und hinter den Ohren und in den Schenkeln innen findet man am ehesten filzige Stellen, die rausgek\u00e4mmt werden m\u00fcssen.<\/p>\n<p>Ich setze mich immer auf den Teppich oder im Sommer auf den Rasen und lege den Hund Zwischen meine Beine, die ich im Schneidersitz ( Offen) habe. So lege ich das linke Ohr \u00fcber mein linkes Knie, breite es aus und k\u00e4mme es bis auf den Gund durch ohne dass der Kamm noch irgendwo h\u00e4ngen bleibt.<br \/>\nDann wird jeder Hund gedreht und das rechte Ohr auf meinem rechten Knie gek\u00e4mmt.Nun wird der Hund auf die Seite gelegt, mit den Beinen zu mir und mit den Worten &#8222;Leg Dich&#8220; best\u00e4rkt. Dann h\u00e4lt man mit der linken Hand sch\u00f6n die Haare \u00fcber der Haut fest, so das man beim k\u00e4mmen des Bauchbehanges dem Hund nicht weh tut,denn es ziept sonst f\u00fcrchterlich und Ihr Hund wird das K\u00e4mmen hassen. Die Vorderbeine anheben in den Achseln sch\u00f6n die Filze vorsichtig rau\u00dfk\u00e4mmen, dann die Beh\u00e4nge von den Hinterbeinen genau so gr\u00fcndlich durchk\u00e4mmen bis runter zu den Pfoten. Die Haare in den Ohren werden kurzgeschnitten (so gibt es auch keine Oohrentz\u00fcndungen. Es muss Luft an die Ohren. Das obere Kopfhaar auch K\u00fcrzen damit es nicht in den Augen h\u00e4ngt.<\/p>\n<p>Die Pfoten werden rundrum kurz gehalten und unten bis auf Ballenh\u00f6he gek\u00fcrzt. Alles andere vom Fell wird nicht beschnitten (!!), bis der Hund zum ersten Mal getrimmt wird, meist im Alter von einem Jahr oder auch etwas sp\u00e4ter.<\/p>\n<p>Bis zu diesem Zeitpunkt wird ein Gummiband im Zickzack in den Kamm gezogen und an diesem Kamm haften dann all die Haare die der Hund in der Zwischenzeit loswerden muss. Man nennt dieses Haar Welpenwolle!!! Wenn Sie immer sch\u00f6n k\u00e4mmen, \u00fcberstehen Sie auch diese etwas haarige Angelegenheit, nun wird alles besser, die l\u00e4stige Welpenwolle ist so gut wie raus und wenn ihr Hund nun regelm\u00e4ssig getrimmt wird, haben Sie kaum noch Haare in Haus oder Wohnung.<\/p>\n<p>Sie haben doch einen Cocker gekauft weil Sie auch seinen Behang an Bauch und Beinen gerne leiden m\u00f6gen ???(von seine anderen tollen Eigenschafften mal abgesehen) oder???<\/p>\n<p>So muss man nun daf\u00fcr eben jede Woche einmal den feinen Hund K\u00e4mmen und aufpassen das er keine Filzkletten hinter den Ohren und unter den Achseln hat. So einfach ist es eigentlich immer einen gepflegten Cocker zu haben wo jeder sagt &#8220; Oh wie sch\u00f6n sieht Ihr Hund aus so Gepflegt!!! &#8220; ich sage Ihnen das geht dann runter wie \u00d6l und man wird doch gleich ein St\u00fcckchen gr\u00f6\u00dfer als stolzer Besitzer eines solch Sch\u00f6nen Hundes.<\/p>\n<p>Mich Pers\u00f6nlich macht es immer tief Traurig und auch ziemlich B\u00f6se, wenn ich sehe wie so einige Cocker aussehen!!! Da wird so mancher einfach geschoren wie ein Schaf, einfach alles ab damit egal wie es aussieht. Hauptsache man muss nicht K\u00e4mmen &#8222;er mag es ja nicht&#8220; oder war er im Matsch??? dann wird er eben abgeduscht, wenn der Hund es von anfang an lernt ist er brav und h\u00e4lt sch\u00f6n still auch an den F\u00f6hn sollte man Ihn gew\u00f6hnen so muss er nicht Frieren und er bekommt im Alter auch keinen Hexenschu\u00df!!! Die Besitzer der ungepflegten Hunde sind zu &#8222;Bequem &#8220; oder sie geben sich nicht genug M\u00fche!!! Meine Hunde lassen sich alle von mir gerne K\u00e4mmen auch die jetzt ein neues Herrchen haben und nur zu Besuch sind lassen sich gerne Pflegen.Auch die Sommerhitze wird gerne als Begr\u00fcndung des Terrierschnittes angegeben &#8222;der arme Hund schwitzt ja so, er muss so doll hecheln!!! (Vieleicht zu Dick!!!) die langen Haare sch\u00fctzen den Hund auch vor den Sonnenstrahlen. Wenn es m\u00f6glich ist kann man dem Hund im Sommer ein Bad g\u00f6nnen oder man macht Ihm die F\u00fc\u00dfe und den Bauch nass vor einem Sommerspaziergang, dann macht ihm auch die Hitze nicht Viel aus.<\/p>\n<p>Unsere Ellis ist 11 Jahre alt und ich muss immer Mittags mit meinen Hunden Laufen da ich bis dahin Arbeite und dann wollen sie halt los!!! Ellis wiegt 11,8 kg und l\u00e4uft immer ganz locker eine Stunde mit mir ( flott gelaufen ich halte nicht an, die Hunde folgen) und ihrer Tochter. Und wenn Ihre Tochter zur Jagt einer Katze ansetzt, rennt Ellis Ohne Probleme im gleichen Tempo mit ,da sie einfach Ihr Idealgewicht hat .. schon 1 kg zu viel ist an ihrer Beweglichkeit und Munterheit zu merken. Alles was an Gewicht zu viel ist, geht auf die Lebenserwartung Ihres Hundes, denken sie daran.<\/p>\n<p>Auch Salzwasser schadet dem Haar nicht, wenn man es mit klarem Wasser aussp\u00fclt, man kann auch eine Haarkur in die Spitzen der Beh\u00e4nge einkneten!<\/p>\n<p>Haarkur ins Fell und man kann die kleinen gr\u00fcnen Kugelkletten gut ausk\u00e4mmen!<\/td>\n<\/tr>\n<tr>\n<td><\/td>\n<\/tr>\n<\/tbody>\n<\/table>\n","protected":false},"excerpt":{"rendered":"<p>Das Haarkleid des Cockers Habe ich einen Cocker gekauft, weil sie so sch\u00f6n aussehen? Wenn das einer Ihrer Gr\u00fcnde ist, dann ein paar pers\u00f6nliche Tipps von mir. Der Cocker kommt mit einem kurzen dichten gl\u00e4nzenden Fell zur Welt, ( Wie ein Mauelwurf) dann ab der ca. 12 Woche wird es wuschelig wie das Fell eines &hellip; <a href=\"https:\/\/vonderheideducht.de\/?page_id=122\" class=\"more-link\"><span class=\"screen-reader-text\">Das Haarkleid des Cockers<\/span> weiterlesen <span class=\"meta-nav\">&rarr;<\/span><\/a><\/p>\n","protected":false},"author":1,"featured_media":0,"parent":120,"menu_order":1,"comment_status":"open","ping_status":"closed","template":"","meta":{"ngg_post_thumbnail":0,"jetpack_post_was_ever_published":false,"footnotes":""},"class_list":["post-122","page","type-page","status-publish","hentry"],"jetpack_sharing_enabled":true,"jetpack_shortlink":"https:\/\/wp.me\/P71my5-1Y","jetpack_likes_enabled":true,"_links":{"self":[{"href":"https:\/\/vonderheideducht.de\/index.php?rest_route=\/wp\/v2\/pages\/122","targetHints":{"allow":["GET"]}}],"collection":[{"href":"https:\/\/vonderheideducht.de\/index.php?rest_route=\/wp\/v2\/pages"}],"about":[{"href":"https:\/\/vonderheideducht.de\/index.php?rest_route=\/wp\/v2\/types\/page"}],"author":[{"embeddable":true,"href":"https:\/\/vonderheideducht.de\/index.php?rest_route=\/wp\/v2\/users\/1"}],"replies":[{"embeddable":true,"href":"https:\/\/vonderheideducht.de\/index.php?rest_route=%2Fwp%2Fv2%2Fcomments&post=122"}],"version-history":[{"count":1,"href":"https:\/\/vonderheideducht.de\/index.php?rest_route=\/wp\/v2\/pages\/122\/revisions"}],"predecessor-version":[{"id":123,"href":"https:\/\/vonderheideducht.de\/index.php?rest_route=\/wp\/v2\/pages\/122\/revisions\/123"}],"up":[{"embeddable":true,"href":"https:\/\/vonderheideducht.de\/index.php?rest_route=\/wp\/v2\/pages\/120"}],"wp:attachment":[{"href":"https:\/\/vonderheideducht.de\/index.php?rest_route=%2Fwp%2Fv2%2Fmedia&parent=122"}],"curies":[{"name":"wp","href":"https:\/\/api.w.org\/{rel}","templated":true}]}}