{"id":126,"date":"2015-12-10T06:42:15","date_gmt":"2015-12-10T05:42:15","guid":{"rendered":"http:\/\/www.heideducht.de\/test\/blog\/?page_id=126"},"modified":"2015-12-10T06:44:50","modified_gmt":"2015-12-10T05:44:50","slug":"ehrlichina-canis-zeckenfieber","status":"publish","type":"page","link":"https:\/\/vonderheideducht.de\/?page_id=126","title":{"rendered":"Ehrlichina Canis \/ Zeckenfieber"},"content":{"rendered":"<p>Ich m\u00f6chte hier die Geschichte von Nenas Krankheit schreiben, um vielleicht anderen zu helfen oder wieder Mut zu machen.<\/p>\n<p>Also wir sind im September 2011 &#8211; wie auch schon in den vergangenen 10 Jahren &#8211; in den Urlaub nach Frankreich gefahren, im Gep\u00e4ck unsere beiden Cocker Dicksche 8 Jahre und Nena 1 3\/4 Jahre alt.<\/p>\n<p>Im Kopf haben wir schon die Vorfreude auf Nenas Wurf im November. Wir warten nur noch auf Ihre L\u00e4ufigkeit, die jetzt jederzeit beginnen kann( wir hatten sogar eine Deckr\u00fcden Adresse in Frankreich).<\/p>\n<p>Nach unserer Ankunft, im Bungalow so im Trubel des Auspackens, habe ich eine vollgesaugte Zecke auf dem Fu\u00dfboden gefunden, oh habe ich gedacht: Achtung aufpassen!!!! &#8211; auf Symptome bei den Hunden in den 3 Wochen des Urlaubs\u2026\u2026..<br \/>\nIn den 10 Jahren vorher haben wir nie Zecken in Frankreich gehabt und auch bei uns zu Hause am Deich sind wir ohne Zecken und Zeckenschutz ausgekommen, die Zeckengebiete haben wir einfach gemieden.<\/p>\n<p>Unser 3- W\u00f6chiger Urlaub ist ohne jeglicher Symptome zu Ende gegangen . .Als wir zu Hause ankamen, ist Nena vor lauter Freude mit dem ganzen Anschnallgeschirr aus dem Auto gesprungen, oh ha !!! Sie ist dann aber ohne Beschwerden weitergelaufen.<\/p>\n<p>Am n\u00e4chsten Morgen ist mir aufgefallen das sie mit Ihrem Hinterteil also dem Popo sehr schlecht vom Boden hoch kam. Nena ist im Juni aus unserem hohen Bett gesprungen, hat dann gelahmt, ich gab ihr Arnika und Rhus toxicodendron (Hom\u00f6opathisches Mittel) und alles war wieder gut.<br \/>\nDas gleiche habe ich nun auch gemacht, aber nichts wurde besser.<br \/>\nDa ich den Zeckenbiss v\u00f6llig vergessen hatte, bin ich mit Nena zu unserer Physikalischen Sporttherapeutin Osteopath f\u00fcr Mensch und Tier. Sie hat Nena abgetastet und festgestellt, dass der Steissbeinwirbel verschoben ist, also ein Krankheitsbild gefunden. Der Wirbel wurde wieder eingerenkt, nach Hause alles gut. Aber so richtig gut war es noch nicht, bin wieder mit Nena hin zu Ihr, noch mal eingerenkt und bitte 2 Wochen den Hund ruhig und nur an der Leine laufen lassen.<\/p>\n<p>Nenas ganzen Gelenke gaben beim Abtrocknen nach einem Regenguss immer klickende Ger\u00e4usche von sich, so als wenn wir an unseren Finger ziehen und es dann knackt .<br \/>\nIch habe ihr auch zur Unterst\u00fctzung Pulver der Blaulippenmuschel gegeben, das half aber auch nicht. Wenn Nena in Bewegung war, lief sie ganz normal, nur wenn sie dann gelegen hat, war sie sehr steif und langsam wie eine Oma.<\/p>\n<p>Nun wurde Nena auch noch L\u00e4ufig und sie sollte doch gerne Babys haben, also sind wir zum richtigen Zeitpunkt auch zum Decken gefahren, alles war problemlos, sie hat sch\u00f6n mit dem R\u00fcden gespielt und sich gerne von ihm decken lassen.<br \/>\nIhr laufen war etwas besser, aber leider nicht von Dauer, das Spazierengehen war immer gut, aber danach war sie immer bequem und hat dann nachmittags im K\u00f6rbchen gelegen.<br \/>\nDann wurde Nena vom Fressen her immer Kr\u00fcscher, H\u00fchnchen fleisch heute nicht aber Rind ja, n\u00e4chsten Tag kein Rindfleisch, aber Leber gerne. Und so wurde es immer etwas schlechter mit dem Appetit. Mit M\u00fch und Not haben wir immer morgens und abends eine Portion geschafft &#8211; manchmal sind wir fast verzweifelt: 20 Min und 5 Sorten Fleisch angeboten und dann kriegst du noch zu H\u00f6ren, wir sollen sie ruhig mal einen oder 2 Tage Hungern lassen, dann w\u00fcrde sie schon Fressen, aber sie war ja nun mal tr\u00e4chtig, da ist Appetitlosigkeit auch keine Seltenheit.<br \/>\nNena hat beim Geruch des Fleisches angeekelt den Kopf zur Seite gedreht und erst wenn wir ein zwei Bissen ihr gegeben hatten, hat sie mit Appetit weiter gefressen.<\/p>\n<p>Trotz allem hat sie am 30.12.2011 3 gesunde Welpen bekommen ,vom Gewicht her auch 280g bis 300g schwer und ohne besondere Komplikationen. Sie hat sie gut versorgt und dann auch mit ihnen gespielt,aber oft auch im Liegen, was uns nicht besonders ungew\u00f6hnlich vorkam, denn jede H\u00fcndin geht anders mit den Welpen um.<br \/>\nNena war sehr Liebevoll. Als Nena nun abgestillt hatte und die Welpen aus dem Haus waren , habe ich beschlossen, ihrer Appetitlosigkeit und ihr schlechtes Hochkommen mit dem Popo endlich genauestens auf den Grund zu gehen , auch hatten ihre Muskeln erheblich abgebaut, was durch ihren selbst erw\u00e4hlten Bewegungsmangel ja auch kein Wunder war .<br \/>\nHabe mit meinem Tierarzt abgesprochen, in welche Klinik ich zum R\u00f6ntgen soll und ab ging die Post zur Klinik. Ich habe Nenas Symptome dort geschildert: Keinen Appetit, Lahmheit in der H\u00fcfte, Bewegungsmangel aus eigenen St\u00fccken ,Klickende, Lockere, Gelenke, schnell schlapp .<br \/>\nDie \u00c4rztin fand\u201c Nena doch noch ganz gut bei einander, so wenig Muskeln hat sie doch gar nicht und sie l\u00e4uft doch ganz vern\u00fcnftig!!!\u201c<br \/>\nNa wir werden sie mal R\u00f6ntgen und sehen uns die Bilder an\u2026.<br \/>\nAuf den Bildern war alles in Ordnung, nichts Auff\u00e4lliges. wir haben sogar noch HD Ger\u00f6ntgt auch alles ok.<br \/>\nJa dann m\u00f6chte ich ein gro\u00dfes Blutbild irgendwo muss doch was sein\u2026 gesagt getan .<br \/>\nDie Ergebnisse vom Blut w\u00fcrde ich erst am n\u00e4chsten Tag erfahren. Der Anruf kam Nenas Werte alle soweit in Ordnung nur die Lymphozyten waren bei 880 Normal ist 1000-4000 und Leukozyten waren bei 12,6 Normal ist 6-12. Ja und nun sage ich ja sie wissen auch nicht\u2026..!!! Aber ich Frage !!! und die Borrelien usw??? Antwort \u201e Sie sagten doch bei Ihnen sind keine Zecken\u2026\u2026 Ich habe dann noch um diese Untersuchung Gebeten.<\/p>\n<p>Und nach 3 Tagen hatten wir das Ergebnis Ehrlichia carnis \u2013 Ak =1 : 640 bitte drei Wochen Doxycycelin geben dann wieder Blutkontrolle des Titers . Der n\u00e4chste Test ergab einen Titer von 1 :50 auch Nenas Babys haben wir getestet, denn wie wir nun wissen, war Nena w\u00e4hrend der Tr\u00e4chtigkeit hochgradig krank.<br \/>\nDie Kinder von Nena sind Negativ Gott sei Dank\u2026.<\/p>\n<p>So nun also alles Gut???<br \/>\nWir schreiben nun den 2.4.2012 da wir auf Fahrradtour wollten, haben wir Nena und Dicksche eine Ampulle Zeckenschutz in den Nacken gegeben und einen Tag sp\u00e4ter hat Nena wieder nicht Gefressen, keine Schnauze ger\u00fchrt und wir waren froh, das sie gerade mal ein bisschen zugenommen hatte, sie war wieder schlapp und ohne Kraft, hiermit best\u00e4tige ich, dass Tiere, die Ehrliche Anaboler Borreliose haben, erst wieder mit Zeckenmittel behandelt werden ,wenn sie die Krankheit soweit \u00fcberstanden haben, dass sie wieder kr\u00e4ftig und fast gesund sind\u2026<\/p>\n<p>Ich bin mit Nena sofort wieder zum Tierarzt gefahren &#8211; er hat Ihr eine Spritze gegeben &#8211; Frag mich nicht was das war mir in dem Moment egal, n\u00e4chsten Tag wieder hin und Spritze\u2026<br \/>\nder Tierarzt sagt, wenn Nenas Kreislauf versagt, verlieren wir sie.<\/p>\n<p>Aber Nena ist z\u00e4h, h sie bekommt nochmal 10 Tabl. Doxy. Nena wiegt jetzt nur noch 9,3 kg von ehemals 10,5 . Zwischen diesen beiden Doxycycelin Behandlungen war ich bei meiner Menschen Heilpraktikerin(Ich habe auch mal was\u2026) und habe ihr auch von Nena erz\u00e4hlt sie gab mir f\u00fcr Nena 3 K\u00fcgelchen Hom\u00f6opathie mit zur St\u00e4rkung der Lebenskraft, habe ich ihr gegeben.<br \/>\nAls ich das n\u00e4chste Mal bei meiner Helpraktikerin war, erz\u00e4hlte ich ihr von Nenas erneutem Zusammenbruch, sie fragte mich wie lange das nach der Eingabe der K\u00fcgelchen(Globolys) von ihr gewesen ist 3 bis 4 Wochen\u2026..Ja sagt sie da haben die Globolis nicht mehr gewirkt das passt genau .<br \/>\nSie gab mir nun f\u00fcr Nena ein Glasr\u00f6hrchen voll Globolys Lebenskraft in einer sehr hohen Potenz mit. Ich sollte ihr immer alle 4 Wochen 1x 3 Globolys geben &#8211; haben wir gemacht und Nenas Appetit und Tatendrang wurde immer besser immer so 2 Tage nach der Gabe zu merken\u2026<br \/>\nAuch konnten wir deutlich merken, dass sie 3-4 Tage vor Ablauf der 4 Wochen wieder an Kraft nachlies &#8211; auch am Appetit\u2026<br \/>\nDer Tierarzt hatte uns noch \u201e Propollis\u201cvom Imker empfohlen f\u00fcr 6 Wochen lang 1xT\u00e4glich 1 Tropfen je K\u00f6rpergewicht in die Leftzen tropfen oder sonst wie eingeben\u2026 die Heilpraktikerin stimmte dem zu und hat diese Behandlung auf insgesamt 12 Wochen verl\u00e4ngert.<\/p>\n<p>Nenas Genesung machte nun stetig Fortschritte- wir haben die Wochen dann langsam verl\u00e4ngert erst auf 6 Wochen nun sind wir bei 8 Wochen also Nena bekommt heute noch am 3.2.2012 alle 8 Wochen 3 Globolis Lebenskraft. Sie ist soweit genesen , dass sie wieder aufs Sofa springen kann, mit Dicksche um die Wette l\u00e4uft, vom Sofa springt, ohne in den H\u00fcften zusammen zu brechen.<\/p>\n<p>Sie hat guten Appetit, wiegt wieder 10,6 Kg, hat wieder sch\u00f6ne Haare.<br \/>\nDas Einzige, was noch zu sehen ist: ich muss ihr noch die Krallen schneiden (die sich meine Hunde, weil sie genug Bewegung haben sonst ganz normal von selber ablaufen) \u2026 da sie sie noch nicht wieder selbstst\u00e4ndisch abl\u00e4uft , weil sie noch Plattf\u00fc\u00dfig l\u00e4uft und ihre Kniegelenke sehen noch runder und dicker aus als normal. Ich hoffe, auch das kriegen wir wieder hin\u2026<br \/>\nIch habe Nena nach der Doxycycelin Behandlung selbstverst\u00e4ndlich ein Mittel aus der Apotheke besorgt, was die Darmflora wieder regeneriert.<br \/>\nGutes Mittel gegen Durchfall ist 1 kg Wurzeln 2 Stunden in \u00be L Wasserkochen, dann p\u00fcrieren, etwas Salz oder Traubenzucker &#8211; bek\u00e4mpft jeden Durchfall und der Hund bekommt auch wieder Appetit, denn die Karotten entwickeln durch das Kochen eine Art Antibiotika, dasr den Darm gesunden l\u00e4sst ,auch bei uns Menschen \u2026.<\/p>\n<p>Unser Hunde werden durch Rohf\u00fctterung ern\u00e4hrt ( BARFEN; ) Nena seit der 8 Woche ihres Lebens und Dicksche seit ihrem 5 Lebensjahr .<br \/>\nvielleicht hat Nena die Krankheit ja deswegen so gut im Griff, weil sie Artgerecht ern\u00e4hrt wird..<\/p>\n<p>ICH DR\u00dcCKE ALLEN Kranken die Daumen\u2026. Und bin gerne bereit auch Information und Hilfe anzubieten wenn jemand Fragen hat\u2026.<\/p>\n<p>Ute Ramm<\/p>\n<p>04858\/971<\/p>\n","protected":false},"excerpt":{"rendered":"<p>Ich m\u00f6chte hier die Geschichte von Nenas Krankheit schreiben, um vielleicht anderen zu helfen oder wieder Mut zu machen. Also wir sind im September 2011 &#8211; wie auch schon in den vergangenen 10 Jahren &#8211; in den Urlaub nach Frankreich gefahren, im Gep\u00e4ck unsere beiden Cocker Dicksche 8 Jahre und Nena 1 3\/4 Jahre alt. &hellip; <a href=\"https:\/\/vonderheideducht.de\/?page_id=126\" class=\"more-link\"><span class=\"screen-reader-text\">Ehrlichina Canis \/ Zeckenfieber<\/span> weiterlesen <span class=\"meta-nav\">&rarr;<\/span><\/a><\/p>\n","protected":false},"author":1,"featured_media":0,"parent":124,"menu_order":1,"comment_status":"open","ping_status":"closed","template":"","meta":{"ngg_post_thumbnail":0,"jetpack_post_was_ever_published":false,"footnotes":""},"class_list":["post-126","page","type-page","status-publish","hentry"],"jetpack_sharing_enabled":true,"jetpack_shortlink":"https:\/\/wp.me\/P71my5-22","jetpack_likes_enabled":true,"_links":{"self":[{"href":"https:\/\/vonderheideducht.de\/index.php?rest_route=\/wp\/v2\/pages\/126","targetHints":{"allow":["GET"]}}],"collection":[{"href":"https:\/\/vonderheideducht.de\/index.php?rest_route=\/wp\/v2\/pages"}],"about":[{"href":"https:\/\/vonderheideducht.de\/index.php?rest_route=\/wp\/v2\/types\/page"}],"author":[{"embeddable":true,"href":"https:\/\/vonderheideducht.de\/index.php?rest_route=\/wp\/v2\/users\/1"}],"replies":[{"embeddable":true,"href":"https:\/\/vonderheideducht.de\/index.php?rest_route=%2Fwp%2Fv2%2Fcomments&post=126"}],"version-history":[{"count":1,"href":"https:\/\/vonderheideducht.de\/index.php?rest_route=\/wp\/v2\/pages\/126\/revisions"}],"predecessor-version":[{"id":127,"href":"https:\/\/vonderheideducht.de\/index.php?rest_route=\/wp\/v2\/pages\/126\/revisions\/127"}],"up":[{"embeddable":true,"href":"https:\/\/vonderheideducht.de\/index.php?rest_route=\/wp\/v2\/pages\/124"}],"wp:attachment":[{"href":"https:\/\/vonderheideducht.de\/index.php?rest_route=%2Fwp%2Fv2%2Fmedia&parent=126"}],"curies":[{"name":"wp","href":"https:\/\/api.w.org\/{rel}","templated":true}]}}