{"id":1397,"date":"2015-12-30T09:35:27","date_gmt":"2015-12-30T08:35:27","guid":{"rendered":"http:\/\/www.heideducht.de\/test\/blog\/?page_id=1397"},"modified":"2015-12-30T09:35:27","modified_gmt":"2015-12-30T08:35:27","slug":"die-polizei","status":"publish","type":"page","link":"https:\/\/vonderheideducht.de\/?page_id=1397","title":{"rendered":"Die Polizei!"},"content":{"rendered":"<p><b>Dicksches Welpen sind nun 8 Wochen alt, sie haben unser Grundst\u00fcck von vorne bis hinten ausgekundschaftet. Der Schredder ist von links nach rechts bewegt worden, durchgekaut, abgeschmeckt und f\u00fcr gut befunden worden, damit herum zu spielen, mit ins K\u00f6rbchen zu schleppen und nach Herzenslust in der K\u00fcche zu verteilen.<br \/>\nDas kleine Akazienb\u00e4umchen ist ein guter Schattenspender, auch kann man mit seinen h\u00e4ngenden \u00c4sten ganz toll Fangen und Zerren spielen. Zwecks k\u00fchlem Pl\u00e4tzchen zum Spielen haben wir etwas Erde h\u00f6hlenartig unter dem B\u00e4umchen abgetragen, auch ist der Sandhaufen neben unserem Stall, in dem wir Fahrr\u00e4der, Rasenm\u00e4her (aber keine Kleinen Hunde) aufbewahren, nicht zu verachten.<\/p>\n<p>Wenn der Rasen morgens noch sch\u00f6n taunass ist und Frauchen abgelenkt ist mit Torte zuzubereiten, l\u00e4sst es sich dort drinnen wunderbar Buddeln, mit meinen Geschwistern. Wir Raufen uns und Kullern dort so richtig sch\u00f6n herum, bis \u201cAch du Schreck Frauchen hat uns durchs K\u00fcchen Fenster gesehen und \u201e Hey Ihr Racker was verzapft ihr denn da, Ihr seht aus wie Streuselkuchen, so kommt Ihr mir aber nicht wieder ins Haus&#8220;.<\/p>\n<p>Also hatten wir mit unserem Spiel erreicht, dass wir jetzt endlich Spazieren laufen. Frauchen hatte gesehen, dass der Schafbauer seine Schafe von der Weide auf dem Deich gleich hinter unserem Haus weggetrieben hat, so war der Weg endlich f\u00fcr uns, denn mit 7 Welpen und zwei gro\u00dfen Hunden an der Leine kann auch unser Frauchen es nicht alleine schaffen, mit uns durch die Schafe zu laufen.<br \/>\nAlso Mutter Dicksche an die Leine und Oma Ellis auch! Und wir 7 alle freilaufend hinterher!! Frauchen ruft immer sch\u00f6n komm, komm, in einem hohen freundlichen Ton, dem wir gerne folgen, hinter unserer Mama wollen wir ja auch hinterher. Toll \u00fcber den Deich und schon sind wir auf der Asphaltstra\u00dfe im Au\u00dfendeich, alle weiteren Wiesen am Deich sind durch einen Draht von der Stra\u00dfe abgetrennt, so das man da prima laufen kann, wenn die kleinen Racker so gro\u00df sind, dass sie nicht mehr unbedingt durch den Maschendraht passen.<\/p>\n<p>Alles bestens,alles klasse .\u00a0 Oma Ellis und Mama laufen nun ohne Leine vorweg und wir hinterher- herrlich diese Freiheit, so entspanntes Laufen.<br \/>\nOh was nun ?? Frauchen hat was entdeckt &#8222;Ellis Sitz- Dicksche Sitz und Bleib\u201c!!! und uns lockt sie an den Grasstreifen an der Seite \u201e Fahrradfahrer\u201c ha, ha ja wir sind artig und Frauchen h\u00e4lt uns in Schach! Die Leute auf den R\u00e4dern schauen ganz verwundert -oh wie s\u00fc\u00df Welpen!!!<br \/>\nUnd weiter geht unser Ausflug! Frauchen schaut uns beim Tollen zu und freut sich mit uns \u2026 Schaut wieder voraus die Stra\u00dfe entlang und kann es nicht fassen\u201c Polizeiauto\u201c !! Nee das darf doch nicht war sein!!! Einmal in 8 Wochen wage ich es, die Welpen mit hinterm Deich zu nehmen und ausgerechnet dann kommt die Polizei!<\/p>\n<p>&#8222;Ellis mach Sitz,\u00a0 Dicksche auch und Bleib&#8220; Frauchen bem\u00fcht sich, 7 Welpen zusammen auf den Gr\u00fcnstreifen zu bekommen. 3 hat sie eingefangen ,4 laufen noch, jetzt hat sie 5 von uns, aber 2 laufen munter in die andere Richtung . Es ist einfach unm\u00f6glich, alle auf einen Haufen zu kriegen.<br \/>\nFrauchen schaut hoch , in das grinsende Gesicht des Polizisten und sagt sch\u00f6n &#8222;guten Tag&#8220; \u2026 &#8222;also wissen Sie, einmal lauf ich hier mit den Welpen und ausgerechnet Jetzt kommen Sie hier Lang gefahren!!!&#8220;<\/p>\n<p>&#8222;Ja Ja einmal!!! Das sagen alle&#8220; sagt er!! Frauchen schaut ihn an und sagt &#8222;was machen wir nun?? Wie w\u00e4re es? Ich locke alle Hunde hinters Auto und wenn sie alle bei mir sind, hebe ich die Hand und Sie fahren langsam weiter&#8220; (Frauchen l\u00e4chelt ihn nat\u00fcrlich an) \u201egut&#8220; sagt er &#8222;so machen wir es&#8220;.<br \/>\nFrauchen lockt uns Welpen unterm Auto hervor, hinters Auto. Z\u00e4hlt alle durch, 9 Hunde und hebt die Hand und der Polizist f\u00e4hrt vorsichtig davon. <\/b><\/p>\n<p><b><br \/>\nFrauchen f\u00e4llt ein Stein vom Herzen, Puh noch mal gut gegangen! Gl\u00fcck gehabt, war ein Netter!!! Wir gehen noch so 10 Minuten spazieren, dann machen wir uns auf den\u00a0 Heimweg.\u00a0 Frauchen denkt so unterwegs:\u00a0 9 Hunde nicht angeleint hinterm Deich- pro Hund 20 Euro Strafe-\u00a0 w\u00e4re ganz sch\u00f6n teuer geworden, wenn der Polizist ernst gemacht h\u00e4tte. <\/b><\/p>\n<p><b>Wir 7 Welpen hatten einen sch\u00f6nen Ausflug . M\u00fcde und Gl\u00fccklich machten wir nun Mittagsstunde. <\/b><\/p>\n","protected":false},"excerpt":{"rendered":"<p>Dicksches Welpen sind nun 8 Wochen alt, sie haben unser Grundst\u00fcck von vorne bis hinten ausgekundschaftet. Der Schredder ist von links nach rechts bewegt worden, durchgekaut, abgeschmeckt und f\u00fcr gut befunden worden, damit herum zu spielen, mit ins K\u00f6rbchen zu schleppen und nach Herzenslust in der K\u00fcche zu verteilen. Das kleine Akazienb\u00e4umchen ist ein guter &hellip; <a href=\"https:\/\/vonderheideducht.de\/?page_id=1397\" class=\"more-link\"><span class=\"screen-reader-text\">Die Polizei!<\/span> weiterlesen <span class=\"meta-nav\">&rarr;<\/span><\/a><\/p>\n","protected":false},"author":1,"featured_media":0,"parent":301,"menu_order":2,"comment_status":"open","ping_status":"closed","template":"","meta":{"ngg_post_thumbnail":0,"jetpack_post_was_ever_published":false,"footnotes":""},"class_list":["post-1397","page","type-page","status-publish","hentry"],"jetpack_sharing_enabled":true,"jetpack_shortlink":"https:\/\/wp.me\/P71my5-mx","jetpack_likes_enabled":true,"_links":{"self":[{"href":"https:\/\/vonderheideducht.de\/index.php?rest_route=\/wp\/v2\/pages\/1397","targetHints":{"allow":["GET"]}}],"collection":[{"href":"https:\/\/vonderheideducht.de\/index.php?rest_route=\/wp\/v2\/pages"}],"about":[{"href":"https:\/\/vonderheideducht.de\/index.php?rest_route=\/wp\/v2\/types\/page"}],"author":[{"embeddable":true,"href":"https:\/\/vonderheideducht.de\/index.php?rest_route=\/wp\/v2\/users\/1"}],"replies":[{"embeddable":true,"href":"https:\/\/vonderheideducht.de\/index.php?rest_route=%2Fwp%2Fv2%2Fcomments&post=1397"}],"version-history":[{"count":1,"href":"https:\/\/vonderheideducht.de\/index.php?rest_route=\/wp\/v2\/pages\/1397\/revisions"}],"predecessor-version":[{"id":1398,"href":"https:\/\/vonderheideducht.de\/index.php?rest_route=\/wp\/v2\/pages\/1397\/revisions\/1398"}],"up":[{"embeddable":true,"href":"https:\/\/vonderheideducht.de\/index.php?rest_route=\/wp\/v2\/pages\/301"}],"wp:attachment":[{"href":"https:\/\/vonderheideducht.de\/index.php?rest_route=%2Fwp%2Fv2%2Fmedia&parent=1397"}],"curies":[{"name":"wp","href":"https:\/\/api.w.org\/{rel}","templated":true}]}}