{"id":1403,"date":"2015-12-30T09:40:58","date_gmt":"2015-12-30T08:40:58","guid":{"rendered":"http:\/\/www.heideducht.de\/test\/blog\/?page_id=1403"},"modified":"2015-12-30T09:40:58","modified_gmt":"2015-12-30T08:40:58","slug":"dustin-erzaehlt-vom-spaziergang-18-03-09","status":"publish","type":"page","link":"https:\/\/vonderheideducht.de\/?page_id=1403","title":{"rendered":"Dustin erz\u00e4hlt vom Spaziergang 18.03.09"},"content":{"rendered":"<p>Als Frauchen heute nach Hause kam, haben Darling, Dicksche und ich sie nat\u00fcrlich gleich begr\u00fc\u00dft und vor Freude mit unseren Stofftieren rumgeschleppt. Frauchen hat erst ihre Sachen ausgepackt und dann hat sie gleich ihre Laufschuhe angezogen ah!! Nn geht es los Spazieren gehen, ich bin schon ganz aufgeregt und trampele mit den F\u00fc\u00dfen vor Vor Freude und fange an zu Piepsen und zu wimmern, Darling auch. Frauchen schimpft leise,sagt wir sollen ruhig und leise sein, mir f\u00e4llt es sehr schwer mich zur\u00fcckzuhalten und auch Darling ist auch nicht viel besser -sie wackelt und T\u00e4nzelt uch um uns rum, am liebsten w\u00fcrden wir laut kl\u00e4ffend schon zum Zaun laufen.<\/p>\n<p>&#8222;Nein&#8220; sagt Frauchen &#8222;sch\u00f6n sitz&#8220; und leint uns an .Uhi jetzt geht es aber los\u2026 oh man jetzt sagt Frauchen auch noch wir sollen Fu\u00df gehen auch langsam durch die T\u00fcr. Na gut ich und Darling geben uns M\u00fche Dicksche ist seit neustem ganz artig und zieht gar nicht mehr an der Leine, so gehen wir gesittet los ohne Palaver.<br \/>\n\u201cAUCH DEN Deich nicht Hochziehen\u201c sagt Frauchen und ich stemme mich auch fast gar nicht in die Leine\u2026 Darling geht ganz brav und gesittet Dicksche muss ab und zu doch mal schnell die Katzenspuhr riechen aber es klappt ganz gut. Gleich d\u00fcrfen wir von der Leine und zusammen mit viel Radau Lospreschen!!! So gehen wir flott voran, riechen hier und riechen dort . Dicksche immer unten an der Schilfkante entlang, es k\u00f6nnten dort ja auch ein paar Fasane sitzen, die muss man doch Hochjagen meint sie , das macht Laune.<\/p>\n<p>Heute ist Dicksches Suche erfolglos wir nehmen die Kurve und schon sind wir an unserer Badestelle Juhu&#8230; Aber was ist das! Frauchen sagt ganz klar und Deutlich \u201eNein; Dustin , nein, hier ist Ebbe\u201c und ich gehorche nat\u00fcrlich, ( denke nat\u00fcrlich oh n\u00f6h was soll das denn , da ist doch so sch\u00f6n Matsch aber na gut.) Wir gehen den schmalen Fu\u00df und Trampelweg hinunter zur Elbe.(\u201eHei\u00dfa das ist Klasse hier im weichern Sand Rennen und Toben mit Dicksche und Darling um die wette Rennen) Wir Kl\u00e4ffen und Rennen was das Zeug h\u00e4lt.<\/p>\n<p>Frauchen lacht und Freut sich mit uns. Oh Ja da ist ja auch noch das sch\u00f6ne Wasserloch vom letzten Jahr wo man so sch\u00f6n drinnen planschen kann, nix wie hin und rein ins k\u00fchle Nass! Hei\u00dfa das ist prickelnd! Darling Dicksche sind auch gleich mit von der Partie zu dritt macht es auch am meisten Spa\u00df . Nun so sch\u00f6n nass macht das Rennen noch mal soviel Laune, am Strand toben, Steine und Muscheln suchen Klasse! \u201e OCH Frauchen m\u00fcssen wir schon wieder zur\u00fcck ??? ja ja wir kommen ja schon, immer um Frauchen rum machen wir uns auf den R\u00fcckweg. Frauchen in Gedanken !! Ha Ha kann ich ja schon mal vorwetzen. Frauchen kommt an unsere Badestelle an schaut nach unten in den Schlamm und sieht dort bestimmt meine tollen Fu\u00dfabdr\u00fccke im Schlick.\u201cKlasse nicht Frauchen\u201c!! He Frauchen warum bist du denn gar nicht begeistert von meinen sch\u00f6nen Spuren im Schlick warum guggst du mich so Sprachlos an. na ja ich habe nat\u00fcrlich Schlick im Fell, Ja JA bis unter die Achseln die ganzen Beine voll ja ja auch mein Schwanz ,die sch\u00f6ne Fahne hat eine Menge abbekommen aber da musst du dich doch nicht dar\u00fcber \u00e4rgern .Na gut wenn du meinst dann gehen wir wieder an die Elbe zur\u00fcck zum Wasserloch und du kannst mich dort ja wieder absp\u00fclen\u2026 Ich glaube Frauchen fand die Spuren im Schlick erst ganz interessant und hat mit dem Herrchen, dessen Hund die Spuren gemacht hat Mitleid gehabt, aber als sie mich dann oben auf der Schleuse stehen sah und den Schlamm da war sie gar nicht begeistert \u2026 Frauchen eben!!! Aber bald hatte Frauchen diese Sache abgehakt und dann auch die Runde mit uns weiter gelaufen.<\/p>\n<p>Wenn sie ernstlich Sauer ist, macht sie auf der Hacke kehrt und geht mit uns nach Hause. (Wir sollen daraus besser gehorchen lernen.)<br \/>\nso hatten wir Gl\u00fcck und es war wieder ein sch\u00f6ner Tag f\u00fcr uns\u2026<\/p>\n","protected":false},"excerpt":{"rendered":"<p>Als Frauchen heute nach Hause kam, haben Darling, Dicksche und ich sie nat\u00fcrlich gleich begr\u00fc\u00dft und vor Freude mit unseren Stofftieren rumgeschleppt. Frauchen hat erst ihre Sachen ausgepackt und dann hat sie gleich ihre Laufschuhe angezogen ah!! Nn geht es los Spazieren gehen, ich bin schon ganz aufgeregt und trampele mit den F\u00fc\u00dfen vor Vor &hellip; <a href=\"https:\/\/vonderheideducht.de\/?page_id=1403\" class=\"more-link\"><span class=\"screen-reader-text\">Dustin erz\u00e4hlt vom Spaziergang 18.03.09<\/span> weiterlesen <span class=\"meta-nav\">&rarr;<\/span><\/a><\/p>\n","protected":false},"author":1,"featured_media":0,"parent":301,"menu_order":4,"comment_status":"open","ping_status":"closed","template":"","meta":{"ngg_post_thumbnail":0,"jetpack_post_was_ever_published":false,"footnotes":""},"class_list":["post-1403","page","type-page","status-publish","hentry"],"jetpack_sharing_enabled":true,"jetpack_shortlink":"https:\/\/wp.me\/P71my5-mD","jetpack_likes_enabled":true,"_links":{"self":[{"href":"https:\/\/vonderheideducht.de\/index.php?rest_route=\/wp\/v2\/pages\/1403","targetHints":{"allow":["GET"]}}],"collection":[{"href":"https:\/\/vonderheideducht.de\/index.php?rest_route=\/wp\/v2\/pages"}],"about":[{"href":"https:\/\/vonderheideducht.de\/index.php?rest_route=\/wp\/v2\/types\/page"}],"author":[{"embeddable":true,"href":"https:\/\/vonderheideducht.de\/index.php?rest_route=\/wp\/v2\/users\/1"}],"replies":[{"embeddable":true,"href":"https:\/\/vonderheideducht.de\/index.php?rest_route=%2Fwp%2Fv2%2Fcomments&post=1403"}],"version-history":[{"count":1,"href":"https:\/\/vonderheideducht.de\/index.php?rest_route=\/wp\/v2\/pages\/1403\/revisions"}],"predecessor-version":[{"id":1404,"href":"https:\/\/vonderheideducht.de\/index.php?rest_route=\/wp\/v2\/pages\/1403\/revisions\/1404"}],"up":[{"embeddable":true,"href":"https:\/\/vonderheideducht.de\/index.php?rest_route=\/wp\/v2\/pages\/301"}],"wp:attachment":[{"href":"https:\/\/vonderheideducht.de\/index.php?rest_route=%2Fwp%2Fv2%2Fmedia&parent=1403"}],"curies":[{"name":"wp","href":"https:\/\/api.w.org\/{rel}","templated":true}]}}