{"id":1524,"date":"2015-12-31T12:14:22","date_gmt":"2015-12-31T11:14:22","guid":{"rendered":"http:\/\/www.heideducht.de\/test\/blog\/?page_id=1524"},"modified":"2018-03-25T21:44:28","modified_gmt":"2018-03-25T19:44:28","slug":"ute-das-unkomplizierte-decken-meiner-huendinnen","status":"publish","type":"page","link":"https:\/\/vonderheideducht.de\/?page_id=1524","title":{"rendered":"Ute: Das unkomplizierte Decken meiner H\u00fcndinnen"},"content":{"rendered":"<p>Als wir unsere Ellis das erste Mal decken lassen wollten(laut B\u00fccher am 14. Tag), waren wir zu sp\u00e4t, da tat sich gar nichts mehr&#8230;<br \/>\nBeim 2. Versuch sind wir am 11 Tag gefahren und sie wurde gedeckt; Resultat: 3 R\u00fcden (auch fast zu sp\u00e4t, da die Jungssamen am l\u00e4ngsten leben).<\/p>\n<p>Beim 2 Wurf wollten wir im September in den Urlaub: Frankreich!!<br \/>\nEllis wurde 2 Tage vorher l\u00e4ufig, sie musste bei meinen Eltern bleiben und mein Vater ist mit ihr zum Decken gefahren!<br \/>\n6 Babys.<\/p>\n<p>Beim 3 Wurf habe ich im Urlaub verzweifelt die Tage gez\u00e4hlt, bis sie l\u00e4ufig wurde und meine Hoffnung ging auf: wir brauchten blo\u00df 3 Tage fr\u00fcher nach Hause fahren, um sie auf der Heimfahrt in Holland zu decken: 6 Babys..<\/p>\n<p>Der 4 Wurf:<br \/>\nEllis sollte nach 6 Monaten, also September(!!!) gedeckt werden&#8230;. wir sind Anfang August mit Wohnmobil nach Norwegen unterwegs. Und mittend im sch\u00f6nen Urlaub wird Ellis Schnalle dicker -Oh Ha- und nun Ich wieder verzweifelt die Tage gez\u00e4hlt&#8230;.<br \/>\ndenn mein Mann macht keine extra Touren!<br \/>\nHeraus kam zum Gl\u00fcck&#8230; wir mu\u00dften auf dem R\u00fcckweg von Norwegen nur in Rensburg noch schnell zur Augenuntersuchung, dann nach Hause Wohnm. saubermachen und abgeben, unser Auto packen und am Sonnabend morgen in aller Herrgottsfr\u00fch ab nach N\u00fcrnberg.<br \/>\nWir sind 6 Std gefahren, dann halbe Std. hat Ellis mit dem R\u00fcden gespielt, gedeckt und 6 Std nach Hause.. Resultat: 7 Babys&#8230;.<\/p>\n<p>Mit Dicksche hatten wir weniger Probleme, mit ihr sind wir nur am 1 Weihnachtstag zum Decken gefahren, ansonsten lief es ganz gut, nur das sie dann nach 2 W\u00fcrfen nicht mehr tr\u00e4chtig wurde&#8230;<\/p>\n<p>So und nun Nena!<br \/>\nNena war einmal im Jahr l\u00e4ufig, dann nach ihrem 1 Wurf pl\u00f6tzlich schon nach einem 1\/2 Jahr l\u00e4ufig und nun in 2014 l\u00e4sst sie auf sich warten.<br \/>\nSie ist 2 Monate dr\u00fcber! Naja, vielleicht ja Ende Februar mit Dicksche zusammen, wir warten eben weiter und sie l\u00e4sst uns dumm im Regen stehen.<br \/>\nAber so ist halt die Natur nicht wahr ?!<\/p>\n<p>Erg\u00e4nzt am 05.02.2014:<\/p>\n<p>ich bin am Montag (03.02.2014) um 9 Uhr los, bin um 14 Uhr 30 in Bocholt gewesen&#8230;. habe mich \u00fcber Joker gefreut, wie toll er Nena fand, aber Nena war noch etwas zickig und eingesch\u00fcchtert von allen Ger\u00fcchen der anderen Hunde.<\/p>\n<p>Wir sind dann mit beiden Raus in einen Park und da hatte Joker es fast geschafft, aber wir zwei unerfahrene Z\u00fcchter haben den richtigen Moment verpasst, ihn drauf zu halten, weil Nena Quickte ist er abgestiegen und hat leider dem Rasen all sein Hab und Gut gegeben&#8230; das wars f\u00fcr Montag<\/p>\n<p>Dienstag wieder hin und Joker war toll begeistert, ich dachte wir schaffen es alleine. Nena hat sich toll angeboten, genau der richtige Tag, auch Joker war wieder begeistert und bem\u00fcht, aber er ist immer wieder abgestiegen &#8230;&#8230;<\/p>\n<p>Dann sind wir mit Joker zu Eva gefahren, aber dort hatte Joker so viel Respekt vor den Ger\u00fcchen der anderen Hunde bei Eva, dass er keinen richtigen Versuch mehr gestartet hat und sein Frauchen etwas entt\u00e4uscht nach 2 Std nach Hause gefahren ist( 3 1\/2 Std zur\u00fcck nach Bochold).<\/p>\n<p>Eva und ich haben dann entschieden, dass wir mal was anderes Nettes nehmen &#8230;. wir haben den Sohn von Nenas ersten Mann Cheiron genommen und waren nach einer 3\/4 Stunde fertig mit Decken!!!!<\/p>\n<p>Nun erwarten wir um den 08.04.2014 herum Welpen in den Farben Rot, Schwarz, Zobel Schwarz- loh.<\/p>\n<p>Geschrieben am 14 .1.2014 von Ute Ramm<\/p>\n<p>__________<\/p>\n<p>Das Decken von Nena 09.11.2016 und 11.11.2016<\/p>\n<p>Nena hat am 30.10. 2016 den ersten Tropfen Blut verloren, dann hat Frauchen die Tage gez\u00e4hlt und gesagt, wir fahren\u00a0 am 8. und 9.11.2016 zu Cheiron nach Burg zum Decken.<\/p>\n<p>Wir schauen noch ein wenig nach Nenas Schnalle, ob nun auch alles sch\u00f6n weich ist und: ja alles ist Perfekt!<\/p>\n<p>Nach einem Spaziergang am Nord-Ostsee-Kanal zum Leeren der Blase fahren wir zu Cheiron . Erich, der Lebensgef\u00e4hrte von Schwiegermutter, hat im Keller schon 2 St\u00fchle hingestellt und ein alter Teppich liegt auf dem Boden (damit es nicht so glatt ist).<\/p>\n<p>Ich mu\u00df schon lachen\u00a0, was willst du denn mit den St\u00fchlen???<\/p>\n<p>Ja,\u00a0 na hinsetzen und zuschauen,\u00a0 sagt Erich! Ich lache und sage: nee, nee, so geht es nicht, das l\u00e4uft so meistens nur bei Hunden, die nicht Decken sollen !!! Hunde, die sollen, machen meistens&#8220; \u00e4tsch \u00e4tsch&#8220; wir wollen so nicht&#8230;&#8230;! Erich, wir m\u00fcssen uns\u00a0 Beide auf den Fussboden setzen und Du must Nena vorne halten, die Hand und den Arm\u00a0von vorne zwischen den Vorderbeinen durch;\u00a0 die Hand unter ihren Bauch und sie sanft Richtung &#8222;H\u00f6he&#8220; Cheiron schieben oder gegenhalten. Ich schaue dann, ob Cheiron die Schnalle trifft. Gesagt getan\u00a0&#8230;. Cheiron ist voll Eifer,\u00a0 zu schnell, trifft nicht und mu\u00df zum Abk\u00fchlen absteigen&#8230; was er auch brav macht&#8230;\u00a0 neuer Versuch ..das Ding ist zu lang ..zu tief unten. ..dann ist er H\u00f6he Po&#8230;.. dann ist das gute Nass auf dem Boden verschwendet&#8230;.und\u00a0 wir brauchen eine Kaffeepause und Cheiron kann sich verpusten, obwohl er voll Eifer ist. Nach einem ausgiebigen Kaffee wir wieder auf zu neuen Taten&#8230;. und wieder das gleiche Spiel&#8230; wenn ich Cheirons Schniedel anfassse, um das Ziel besser zu treffen, denkt er ,, er ist drin !! Und ich schicke ihn wieder runter zum Ak\u00fchlen. Oh Man,\u00a0 bei Eva hat es doch immer toll geklappt &#8230;was machen wir Falsch&#8230;????<\/p>\n<p>Wir geben auf&#8230;. Mensch,\u00a0 sagt Erich, lass uns dann doch nach Eva fahren , wenn Du sagst, da klappt das nach 5 Min.<\/p>\n<p>Ja, auf die Idee bin ich noch gar nicht gekommen&#8230;\u00a0 ja was solls, ja ich frage Eva&#8230;.. was sollen wir hier noch rum machen, wir nerven nur die Hunde&#8230; Ich habe Eva gefragt ob sie n\u00e4chsten Tag zu Hause ist und ob Ute, Erich, Schwiegermutter, Cheiron, Nena und Hexe zu\u00a0 Besuch kommen d\u00fcrfen. Eva hat gelacht und gesagt, auch die allergr\u00f6\u00dften Z\u00fcchter sind schon gescheitert und zu Jemandem gefahren, der mehr Erfahrung hat &#8230;.und ich m\u00fc\u00dfe mich daf\u00fcr nicht sch\u00e4men&#8230;.Gesagt getan :\u00a0 gestern Morgen um 6 Uhr in der Fr\u00fch sind wir hier losgefahren und durch alle Wetterfronten wie Schnee , Regen, \u00a0Frost, \u00a0Sonnenschein, nach 5 Stunden\u00a0 bei Eva in Eschwege eingetroffen.\u00a0 Liebe Begr\u00fc\u00dfung und\u00a0 auch Cheiron und seine alte Mama und Z\u00fcchterin, Eva, hat sich sehr gefreut,\u00a0 dass es ihm so gut geht.\u00a0 Wir haben nicht lange rumgesabbelt, sind auf den Fu\u00dfboden gegangen , ich habe meine Nena wie vorhin beschrieben Richtung Cheiron gehalten;\u00a0 Eva hat Cheiron noch mal runter von Nena Geschickt,\u00a0 weil er wieder sehr eifrig war und keine 5 Min:\u00a0 da war er drin und alles war perfekt!\u00a0 30 Min. gehangen und fertig waren wir.<\/p>\n<p>Zur Belohnung gabs nun Kaffee und ein bischen Gekl\u00f6ne, Hexe wurde noch betrachtet und f\u00fcr sehr sch\u00f6n befunden; wir haben schon \u00fcber Ihren k\u00fcnftigen Mann (R\u00fcden) gefachsimpelt.<\/p>\n<p>Dann ging es wieder nach Hause , um 16 Uhr waren wir wieder zu Hause. Nena hatte Hunger und wollte dann nur noch Schlafen.. Heute Morgen haben Nena und Hexe schon t\u00fcchtig Wackeln gespielt, das macht Nena immer, wenn sie gedeckt ist, ist sie auf den Geschmack gekommen und will nur noch Wackeln.. auch heute auf dem Deich mit Ihrer Jugendliebe Kuddel &#8230; den hat sie so bezitzt, das er sofort mit Ihr los gewackelt hat .. obwohl er nun ja kastriert ist, wuste er noch, wie es geht, er kann aber nicht mehr, nur noch mit 6 cm Abstand vo Ihrem K\u00f6rper&#8230;kann nichts mehr passieren.<\/p>\n<p>So,\u00a0 Ihr Lieben,\u00a0 nun heisst\u00a0 es Daumen Dr\u00fccken, dass es geklappt hat&#8230; es waren die richtigen Tage.\u00a0 Cheiron war von Ihr begeistert und das wird schon&#8230;!!!<\/p>\n<p>11.11.2016<\/p>\n<p>Ich war heute noch ein bischen im Garten und\u00a0 habe Bl\u00e4tter geharkt&#8230; dann ging das Tele. Schwiegermama war dran und sagt, sie kommen zum Kaffee und bringen Kuchen mit! Ja Klasse,\u00a0 dann k\u00f6nnt ihr gleich das Vogelfutter mitnehmen das ich Heute besorgt habe&#8230;. Nat\u00fcrlich war Cheiron auch mit\u00a0 und meine Nena hat ihn ohne Ende angebaggert und er hatte auch noch Lust mit Ihr zu wackeln na ja habe ich gesagt, dann lass sie man, vieleicht schaffen sie es ja heute alleine&#8230;. nachdem ich aber gesehen habe, wie mein Cheiron sich abm\u00fchte und Nena ja immer noch zu klein ist, und ich bei Eva ja noch mal eine Lehrstunde hatte, habe ich noch mal mit angepackt und siehe da:\u00a0 Ute hat es auch endlich begriffen, wie man die H\u00fcndin h\u00e4lt, wenn die zu klein ist; also heute am 11 .11 haben wir noch einmal gedeckt. Nun mu\u00df die Natur ihren Verlauf nehmen wir und auch Cheiron haben alles gegeben.. Lach Lach..<\/p>\n<p>_______________________________________________________________________<\/p>\n<p>M\u00e4rz 2018 Zum Decken von Hexe<\/p>\n<p>Das Decken von Hexe &#8211; zum hoffentlich 1. Wurf!!!<\/p>\n<p>Geschrieben von Ute Ramm<\/p>\n<p>Unsere Hexe legt seit Anfang November Duftmarken;\u00a0 Nena passt genau auf, wo und legt immer ihre Duftmarke dr\u00fcber.<\/p>\n<p>Da ja der erste Deckversuch im Juli (Hexe und der R\u00fcde sollten alleine Babys machen) nicht geklappt hat, habe ich nun einen erfahrenen R\u00fcden ausgesucht.\u00a0 Fan Bi\u00b4 s Elton ( genannt Moritz ) ist ein h\u00fcbscher, netter schwarz-loh R\u00fcde, der auch schon 8 mal Papa wurde.<\/p>\n<p>Ich habe mich mit Moritz Z\u00fcchterin schon im Dezember \u00fcber eine Deckanfrage unterhalten, habe ihr erz\u00e4hlt, dass Hexe von Dezember bis Februar l\u00e4ufig werden kann und ich dann gerne mit ihr zu Moritz kommen w\u00fcrde .\u00a0 Nat\u00fcrlich hat Hexe uns warten lassen und ist erst am 19.2.2018 l\u00e4ufig geworden. Ich habe Petra ( Z\u00fcchterin) angerufen und wir haben den Termin auf den 2. und 3.3. 2018 festgelegt;\u00a0 man haben wir uns gefreut, dass die Babyproduktion nun endlich anl\u00e4uft.<\/p>\n<p>Am Sonntag den 25.2.,\u00a0 f\u00fcnf Tage vorm Termin, ruft Petra an!!!!! Ute &#8211; ich habe leider ganz schlechte Nachrichten\u2026\u2026\u2026<\/p>\n<p>Ich glaube, ich bin ganz blass geworden, ich dachte schon, Moritz ist tod, aber nein. Moritz ist bei einem Spaziergang an der Leine, von einem frei laufenden Sch\u00e4ferhund gebissen worden, er hat sich einfach auf ihn gest\u00fcrzt und hat ohne Grund zugebissen, am Hals sind gro\u00dfe Fellfl\u00e4chen lose gerissen, zum Gl\u00fcck haben die Hundehalter sie z\u00fcgig trennen k\u00f6nnen und Moritz ist sofort zum Tierarzt gebracht worden. Moritz ist gen\u00e4ht worden und hat 4 Drainager\u00f6hrchen und Antibiotika bekommen. Somit f\u00e4llt Moritz als Deckr\u00fcde aus. Und,\u00a0 sagt Petra,\u00a0 hast Du Plan B???\u00a0 Neeeeee &#8211; dieses mal habe ich keinen B Plan, was sollte da auch schief gehen, an so was denkt doch kein Mensch!!!<\/p>\n<p>Petra hat mir dann Henry angeboten,\u00a0 5 Jahre alt, \u00e4hnliche Abstammung von der m\u00fctterlichen Seite,\u00a0 aber ein ganz ruhiges Loh und hat auch noch nie Gedeckt!!!!\u00a0 Puh. Puh! Erstmal habe ich &#8222;nee&#8220; zu Petra gesagt und wir haben uns verabschiedet.<\/p>\n<p>Ich bin dann erst mal ans Internet und habe mir die Deckr\u00fcden angesehen, die ich sonst schon mal ins Auge gefasst hatte, habe dann meinen Mann noch dazu geholt und wir waren uns mal wieder einig, dass wir die alle so gar nicht gerne leiden m\u00f6gen ( auch wenn sie noch so gute Abstammung haben).\u00a0 Also haben wir uns noch mal den Henry angesehen und vom Augenausdruck und der Kopfform ihn f\u00fcr sehr nett befunden, die Farbe des dunklen Lohs muss er ja nicht unbedingt vererben, und von Hexes Seite kommt ja ein sch\u00f6n klares Loh.\u00a0 Also gesagt getan, ich habe wieder bei Petra Wind angerufen und ihr gesagt, wir haben uns doch nun f\u00fcr Henry entschieden!<\/p>\n<p>Nun musste Henry noch in der selben Woche zur Augenuntersuchung, sonst darf er nicht decken, Petra hat am Donnerstag einen Termin bekommen, zum Gl\u00fcck konnte sie auch ihre Arbeitszeit \u00e4ndern, um alles auf die Reihe zu bekommen. Petra hatte erst noch in Erw\u00e4gung gezogen, mit den beiden Hunden zu einer im Decken erfahrenen Z\u00fcchterin zu fahren, aber dann h\u00e4tte sie noch fast 200 km fahren m\u00fcssen und ich h\u00e4tte \u00fcber die F\u00e4hre Gl\u00fcck-Wisch. (die war das Wochenende wegen Eisschollen au\u00dfer Betrieb) nehmen m\u00fcssen und dann \u00fcber die Landstra\u00dfe kutschern und das auf einem Freitag. Nee hab ich gesagt, bei dem Gedanken habe ich kein gutes Bauchgef\u00fchl, das ist f\u00fcr uns und auch f\u00fcr die Hunde zu stressig!! Ich fahre nach Halle in mein Hotel, gehe noch ganz in Ruhe mit den beiden M\u00e4dels spazieren,\u00a0 dann ruhen wir noch ein wenig und dann fahren wir zum Decken zu Petra. Gesagt getan, \u00a0 um 15 Uhr war ich bei Petra zum Kaffee und wir haben noch gekl\u00f6nt, wir haben dann Hexe schon mal in den Garten gelassen, damit sie f\u00fcr den Kerl schon mal Duftmarken legen kann.<\/p>\n<p>Dann kam Henry mit seinem Herrchen, hemmm was riecht hier denn so gut\u2026. Ah ein h\u00fcbsches schwarzes M\u00e4del!!!! Klasse und wie nett sie ist !!! Spielt mit mir und h\u00e4lt mir immer ihr Hinterteil ins Gesicht\u2026 oh und Batsch\u00a0 hat sie mir eins mit der Pfote verpasst, aber nicht doll, nur so zum Spielen, ich finde sie Klasse, mal sehen, ob sie mich aufsteigen l\u00e4sst, ja nun muss ich nur noch Treffen\u2026..<\/p>\n<p>hee was soll das denn nun, Herrchen, warum sollen wir ins Haus??? Ach so Euch ist es zu kalt , bei minus 11 Grad drau\u00dfen rumzustehen. Im warmen Trimmraum war Henry erst ein bisschen sch\u00fcchtern, aber Herrchen hat ihm gezeigt, er darf auch hier auf Hexe steigen und bald hatte Henry mit etwas Hilfe von uns Erfolg!<\/p>\n<p>Sie haben eine \u00bc Stunde gehangen und wir waren alle ganz stolz, dass wir mit Ruhe und Geduld Henry zum Erfolg gef\u00fchrt hatten. Wir haben dann noch ein paar sch\u00f6ne Fotos von den Beiden gemacht, haben uns am n\u00e4chsten Morgen noch mal getroffen, damit Henry noch mal nachlegen konnte. Um 11 Uhr habe ich mich dann verabschiedet und bin nach Hause gefahren.<\/p>\n<p>Nun hei\u00dft es abwarten!!! Heute haben wir den 19. Tag der eventuellen Tr\u00e4chtigkeit.\u00a0\u00a0 Hexe ist sehr schmusig und seit 2 Tagen kommt sie Mittags an den Tisch und bettelt nach Futter!!!!! Das sind schon gute Anzeichen\u2026.aber man wei\u00df es nie&#8230;am 29.3. werden wir einen Ultraschall machen, das ist der 28. Tag und dann werden wir es wissen. Dr\u00fcckt mal alle bitte flei\u00dfg\u00a0 die Daumen!!!<\/p>\n<p>Ute Ramm<\/p>\n","protected":false},"excerpt":{"rendered":"<p>Als wir unsere Ellis das erste Mal decken lassen wollten(laut B\u00fccher am 14. Tag), waren wir zu sp\u00e4t, da tat sich gar nichts mehr&#8230; Beim 2. Versuch sind wir am 11 Tag gefahren und sie wurde gedeckt; Resultat: 3 R\u00fcden (auch fast zu sp\u00e4t, da die Jungssamen am l\u00e4ngsten leben). Beim 2 Wurf wollten wir &hellip; <a href=\"https:\/\/vonderheideducht.de\/?page_id=1524\" class=\"more-link\"><span class=\"screen-reader-text\">Ute: Das unkomplizierte Decken meiner H\u00fcndinnen<\/span> weiterlesen <span class=\"meta-nav\">&rarr;<\/span><\/a><\/p>\n","protected":false},"author":1,"featured_media":0,"parent":301,"menu_order":0,"comment_status":"open","ping_status":"closed","template":"","meta":{"ngg_post_thumbnail":0,"jetpack_post_was_ever_published":false,"footnotes":""},"class_list":["post-1524","page","type-page","status-publish","hentry"],"jetpack_sharing_enabled":true,"jetpack_shortlink":"https:\/\/wp.me\/P71my5-oA","jetpack_likes_enabled":true,"_links":{"self":[{"href":"https:\/\/vonderheideducht.de\/index.php?rest_route=\/wp\/v2\/pages\/1524","targetHints":{"allow":["GET"]}}],"collection":[{"href":"https:\/\/vonderheideducht.de\/index.php?rest_route=\/wp\/v2\/pages"}],"about":[{"href":"https:\/\/vonderheideducht.de\/index.php?rest_route=\/wp\/v2\/types\/page"}],"author":[{"embeddable":true,"href":"https:\/\/vonderheideducht.de\/index.php?rest_route=\/wp\/v2\/users\/1"}],"replies":[{"embeddable":true,"href":"https:\/\/vonderheideducht.de\/index.php?rest_route=%2Fwp%2Fv2%2Fcomments&post=1524"}],"version-history":[{"count":4,"href":"https:\/\/vonderheideducht.de\/index.php?rest_route=\/wp\/v2\/pages\/1524\/revisions"}],"predecessor-version":[{"id":2711,"href":"https:\/\/vonderheideducht.de\/index.php?rest_route=\/wp\/v2\/pages\/1524\/revisions\/2711"}],"up":[{"embeddable":true,"href":"https:\/\/vonderheideducht.de\/index.php?rest_route=\/wp\/v2\/pages\/301"}],"wp:attachment":[{"href":"https:\/\/vonderheideducht.de\/index.php?rest_route=%2Fwp%2Fv2%2Fmedia&parent=1524"}],"curies":[{"name":"wp","href":"https:\/\/api.w.org\/{rel}","templated":true}]}}