{"id":2,"date":"2015-12-07T09:39:30","date_gmt":"2015-12-07T08:39:30","guid":{"rendered":"http:\/\/www.heideducht.de\/test\/blog\/?page_id=2"},"modified":"2019-08-14T13:58:18","modified_gmt":"2019-08-14T11:58:18","slug":"beispiel-seite","status":"publish","type":"page","link":"https:\/\/vonderheideducht.de\/?page_id=2","title":{"rendered":"Impressum"},"content":{"rendered":"<p><span style=\"text-decoration: underline;\"><b>Eigent\u00fcmer dieser Homepage und Verantwortliche sind<\/b>:<\/span><br \/>\n<b> Horst und Ute Ramm <\/b><br \/>\n<b>Heideducht 16<\/b><br \/>\n<b>25572 St. Margarethen <\/b><br \/>\n<b>Kontakt: <\/b>Tel. 04858\/971<br \/>\nE-Mail: admin@vonderheideducht.de<\/p>\n<p><strong>Von der Heideducht Banner zum Mitnehmen und Verlinken<\/strong><\/p>\n<p><a href=\"https:\/\/i0.wp.com\/vonderheideducht.de\/test\/blog\/wp-content\/uploads\/2015\/12\/banner_heideducht.jpg?ssl=1\"><img loading=\"lazy\" decoding=\"async\" class=\"alignnone wp-image-147 size-full\" src=\"https:\/\/i0.wp.com\/vonderheideducht.de\/blog\/wp-content\/uploads\/2015\/12\/banner_heideducht.jpg?resize=468%2C60&#038;ssl=1\" alt=\"banner_heideducht\" width=\"468\" height=\"60\" srcset=\"https:\/\/i0.wp.com\/vonderheideducht.de\/wp-content\/uploads\/2015\/12\/banner_heideducht.jpg?w=468&amp;ssl=1 468w, https:\/\/i0.wp.com\/vonderheideducht.de\/wp-content\/uploads\/2015\/12\/banner_heideducht.jpg?resize=300%2C38&amp;ssl=1 300w\" sizes=\"auto, (max-width: 468px) 100vw, 468px\" data-recalc-dims=\"1\" \/><\/a><\/p>\n<p>&nbsp;<\/p>\n<p><strong><span style=\"text-decoration: underline;\">Haftungshinweis:<\/span><\/strong><br \/>\nTrotz sorgf\u00e4ltiger inhaltlicher Kontrolle \u00fcbernehmen wir keine Haftung f\u00fcr die Inhalte externer Links. F\u00fcr den Inhalt der verlinkten Seiten sind ausschlie\u00dflich deren Betreiber verantwortlich.<\/p>\n","protected":false},"excerpt":{"rendered":"<p>Eigent\u00fcmer dieser Homepage und Verantwortliche sind: Horst und Ute Ramm Heideducht 16 25572 St. Margarethen Kontakt: Tel. 04858\/971 E-Mail: admin@vonderheideducht.de Von der Heideducht Banner zum Mitnehmen und Verlinken &nbsp; Haftungshinweis: Trotz sorgf\u00e4ltiger inhaltlicher Kontrolle \u00fcbernehmen wir keine Haftung f\u00fcr die Inhalte externer Links. F\u00fcr den Inhalt der verlinkten Seiten sind ausschlie\u00dflich deren Betreiber verantwortlich.<\/p>\n","protected":false},"author":1,"featured_media":0,"parent":0,"menu_order":0,"comment_status":"closed","ping_status":"closed","template":"","meta":{"ngg_post_thumbnail":0,"jetpack_post_was_ever_published":false,"footnotes":""},"class_list":["post-2","page","type-page","status-publish","hentry"],"jetpack_sharing_enabled":true,"jetpack_shortlink":"https:\/\/wp.me\/P71my5-2","jetpack_likes_enabled":true,"_links":{"self":[{"href":"https:\/\/vonderheideducht.de\/index.php?rest_route=\/wp\/v2\/pages\/2","targetHints":{"allow":["GET"]}}],"collection":[{"href":"https:\/\/vonderheideducht.de\/index.php?rest_route=\/wp\/v2\/pages"}],"about":[{"href":"https:\/\/vonderheideducht.de\/index.php?rest_route=\/wp\/v2\/types\/page"}],"author":[{"embeddable":true,"href":"https:\/\/vonderheideducht.de\/index.php?rest_route=\/wp\/v2\/users\/1"}],"replies":[{"embeddable":true,"href":"https:\/\/vonderheideducht.de\/index.php?rest_route=%2Fwp%2Fv2%2Fcomments&post=2"}],"version-history":[{"count":11,"href":"https:\/\/vonderheideducht.de\/index.php?rest_route=\/wp\/v2\/pages\/2\/revisions"}],"predecessor-version":[{"id":5932,"href":"https:\/\/vonderheideducht.de\/index.php?rest_route=\/wp\/v2\/pages\/2\/revisions\/5932"}],"wp:attachment":[{"href":"https:\/\/vonderheideducht.de\/index.php?rest_route=%2Fwp%2Fv2%2Fmedia&parent=2"}],"curies":[{"name":"wp","href":"https:\/\/api.w.org\/{rel}","templated":true}]}}