{"id":217,"date":"2015-12-10T15:18:50","date_gmt":"2015-12-10T14:18:50","guid":{"rendered":"http:\/\/www.heideducht.de\/test\/blog\/?page_id=217"},"modified":"2018-03-18T16:14:46","modified_gmt":"2018-03-18T15:14:46","slug":"cockertreffen-18-07-2015","status":"publish","type":"page","link":"https:\/\/vonderheideducht.de\/?page_id=217","title":{"rendered":"Cockertreffen 18.07.2015"},"content":{"rendered":"<p>Auch dieses Jahr gab es wieder unser schon traditionelles Cockertreffen!<\/p>\n<p>Hier ein paar Eindr\u00fccke:<\/p>\n<p>&nbsp;<\/p>\n<div class='polaroid-gallery galleryid-217' style='width:340px;'>\n\t\t\t<a href=\"https:\/\/i0.wp.com\/vonderheideducht.de\/wp-content\/uploads\/2015\/12\/0012.jpg?fit=474%2C313&ssl=1\" title=\"\" rel=\"polaroid_1796551463\" class=\"polaroid-gallery-item showcaption\"><span class=\"polaroid-gallery-image\" title=\"\" style=\"background-image: url(https:\/\/i0.wp.com\/vonderheideducht.de\/wp-content\/uploads\/2015\/12\/0012.jpg?resize=150%2C150&ssl=1); width: 150px; height: 150px;\"><\/span><\/a>\n\t\t\t<a href=\"https:\/\/i0.wp.com\/vonderheideducht.de\/wp-content\/uploads\/2015\/12\/0001.jpg?fit=474%2C313&ssl=1\" title=\"\" rel=\"polaroid_1796551463\" class=\"polaroid-gallery-item showcaption\"><span class=\"polaroid-gallery-image\" title=\"\" style=\"background-image: url(https:\/\/i0.wp.com\/vonderheideducht.de\/wp-content\/uploads\/2015\/12\/0001.jpg?resize=150%2C150&ssl=1); width: 150px; height: 150px;\"><\/span><\/a>\n\t\t\t<br style=\"clear: both;\" \/>\n\t\t\t<a href=\"https:\/\/i0.wp.com\/vonderheideducht.de\/wp-content\/uploads\/2015\/12\/0002.jpg?fit=474%2C313&ssl=1\" title=\"\" rel=\"polaroid_1796551463\" class=\"polaroid-gallery-item showcaption\"><span class=\"polaroid-gallery-image\" title=\"\" style=\"background-image: url(https:\/\/i0.wp.com\/vonderheideducht.de\/wp-content\/uploads\/2015\/12\/0002.jpg?resize=150%2C150&ssl=1); width: 150px; height: 150px;\"><\/span><\/a>\n\t\t\t<a href=\"https:\/\/i0.wp.com\/vonderheideducht.de\/wp-content\/uploads\/2015\/12\/0003.jpg?fit=474%2C313&ssl=1\" title=\"\" rel=\"polaroid_1796551463\" class=\"polaroid-gallery-item showcaption\"><span class=\"polaroid-gallery-image\" title=\"\" style=\"background-image: url(https:\/\/i0.wp.com\/vonderheideducht.de\/wp-content\/uploads\/2015\/12\/0003.jpg?resize=150%2C150&ssl=1); width: 150px; height: 150px;\"><\/span><\/a>\n\t\t\t<br style=\"clear: both;\" \/>\n\t\t\t<a href=\"https:\/\/i0.wp.com\/vonderheideducht.de\/wp-content\/uploads\/2015\/12\/0004.jpg?fit=474%2C313&ssl=1\" title=\"\" rel=\"polaroid_1796551463\" class=\"polaroid-gallery-item showcaption\"><span class=\"polaroid-gallery-image\" title=\"\" style=\"background-image: url(https:\/\/i0.wp.com\/vonderheideducht.de\/wp-content\/uploads\/2015\/12\/0004.jpg?resize=150%2C150&ssl=1); width: 150px; height: 150px;\"><\/span><\/a>\n\t\t\t<a href=\"https:\/\/i0.wp.com\/vonderheideducht.de\/wp-content\/uploads\/2015\/12\/0005.jpg?fit=330%2C500&ssl=1\" title=\"\" rel=\"polaroid_1796551463\" class=\"polaroid-gallery-item showcaption\"><span class=\"polaroid-gallery-image\" title=\"\" style=\"background-image: url(https:\/\/i0.wp.com\/vonderheideducht.de\/wp-content\/uploads\/2015\/12\/0005.jpg?resize=150%2C150&ssl=1); width: 150px; height: 150px;\"><\/span><\/a>\n\t\t\t<br style=\"clear: both;\" \/>\n\t\t\t<a href=\"https:\/\/i0.wp.com\/vonderheideducht.de\/wp-content\/uploads\/2015\/12\/0011.jpg?fit=330%2C500&ssl=1\" title=\"\" rel=\"polaroid_1796551463\" class=\"polaroid-gallery-item showcaption\"><span class=\"polaroid-gallery-image\" title=\"\" style=\"background-image: url(https:\/\/i0.wp.com\/vonderheideducht.de\/wp-content\/uploads\/2015\/12\/0011.jpg?resize=150%2C150&ssl=1); width: 150px; height: 150px;\"><\/span><\/a>\n\t\t\t<a href=\"https:\/\/i0.wp.com\/vonderheideducht.de\/wp-content\/uploads\/2015\/12\/0010.jpg?fit=474%2C313&ssl=1\" title=\"\" rel=\"polaroid_1796551463\" class=\"polaroid-gallery-item showcaption\"><span class=\"polaroid-gallery-image\" title=\"\" style=\"background-image: url(https:\/\/i0.wp.com\/vonderheideducht.de\/wp-content\/uploads\/2015\/12\/0010.jpg?resize=150%2C150&ssl=1); width: 150px; height: 150px;\"><\/span><\/a>\n\t\t\t<br style=\"clear: both;\" \/>\n\t\t\t<a href=\"https:\/\/i0.wp.com\/vonderheideducht.de\/wp-content\/uploads\/2015\/12\/0009.jpg?fit=330%2C500&ssl=1\" title=\"\" rel=\"polaroid_1796551463\" class=\"polaroid-gallery-item showcaption\"><span class=\"polaroid-gallery-image\" title=\"\" style=\"background-image: url(https:\/\/i0.wp.com\/vonderheideducht.de\/wp-content\/uploads\/2015\/12\/0009.jpg?resize=150%2C150&ssl=1); width: 150px; height: 150px;\"><\/span><\/a>\n\t\t\t<a href=\"https:\/\/i0.wp.com\/vonderheideducht.de\/wp-content\/uploads\/2015\/12\/0008.jpg?fit=474%2C313&ssl=1\" title=\"\" rel=\"polaroid_1796551463\" class=\"polaroid-gallery-item showcaption\"><span class=\"polaroid-gallery-image\" title=\"\" style=\"background-image: url(https:\/\/i0.wp.com\/vonderheideducht.de\/wp-content\/uploads\/2015\/12\/0008.jpg?resize=150%2C150&ssl=1); width: 150px; height: 150px;\"><\/span><\/a>\n\t\t\t<br style=\"clear: both;\" \/>\n\t\t\t<a href=\"https:\/\/i0.wp.com\/vonderheideducht.de\/wp-content\/uploads\/2015\/12\/0007.jpg?fit=474%2C313&ssl=1\" title=\"\" rel=\"polaroid_1796551463\" class=\"polaroid-gallery-item showcaption\"><span class=\"polaroid-gallery-image\" title=\"\" style=\"background-image: url(https:\/\/i0.wp.com\/vonderheideducht.de\/wp-content\/uploads\/2015\/12\/0007.jpg?resize=150%2C150&ssl=1); width: 150px; height: 150px;\"><\/span><\/a>\n\t\t\t<br style=\"clear: both;\" \/><\/div>\n\n<p>und hier nun noch ein paar sch\u00f6ne Videos von Menschen und Hunden &#8211; es war wirklich sch\u00f6n!<\/p>\n<div class=\"wp-playlist wp-video-playlist wp-playlist-light\">\n\t\t<video controls=\"controls\" preload=\"none\" width=\"452\"\n\t\t height=\"254\"\t><\/video>\n\t<div class=\"wp-playlist-next\"><\/div>\n\t<div class=\"wp-playlist-prev\"><\/div>\n\t<noscript>\n\t<ol>\n\t\t<li><a href='https:\/\/vonderheideducht.de\/wp-content\/uploads\/2018\/03\/001.mp4'>Cockertreffen 2015 - 1<\/a><\/li><li><a href='https:\/\/vonderheideducht.de\/wp-content\/uploads\/2018\/03\/002.mp4'>Cockertreffen 2015 - 2<\/a><\/li><li><a href='https:\/\/vonderheideducht.de\/wp-content\/uploads\/2018\/03\/003.mp4'>Cockertreffen 2015 - 3<\/a><\/li><li><a href='https:\/\/vonderheideducht.de\/wp-content\/uploads\/2018\/03\/004.mp4'>Cockertreffen 2015 - 4<\/a><\/li><li><a href='https:\/\/vonderheideducht.de\/wp-content\/uploads\/2018\/03\/005.mp4'>Cockertreffen 2015 - 5<\/a><\/li><li><a href='https:\/\/vonderheideducht.de\/wp-content\/uploads\/2018\/03\/006.mp4'>Cockertreffen 2015 - 6<\/a><\/li><li><a href='https:\/\/vonderheideducht.de\/wp-content\/uploads\/2018\/03\/007.mp4'>Cockertreffen 2015 - 7<\/a><\/li><li><a href='https:\/\/vonderheideducht.de\/wp-content\/uploads\/2018\/03\/008.mp4'>Cockertreffen 2015 - 8<\/a><\/li><li><a href='https:\/\/vonderheideducht.de\/wp-content\/uploads\/2018\/03\/009_alfhuutchkneipkur.mp4'>Cockertreffen 2015 - 9<\/a><\/li><li><a href='https:\/\/vonderheideducht.de\/wp-content\/uploads\/2018\/03\/010_frankafrieda.mp4'>Cockertreffen 2015 - 10<\/a><\/li><li><a href='https:\/\/vonderheideducht.de\/wp-content\/uploads\/2018\/03\/011_soschoenamdeich.mp4'>011_soschoenamdeich<\/a><\/li>\t<\/ol>\n\t<\/noscript>\n\t<script type=\"application\/json\" class=\"wp-playlist-script\">{\"type\":\"video\",\"tracklist\":true,\"tracknumbers\":true,\"images\":true,\"artists\":true,\"tracks\":[{\"src\":\"https:\/\/vonderheideducht.de\/wp-content\/uploads\/2018\/03\/001.mp4\",\"type\":\"video\/mp4\",\"title\":\"Cockertreffen 2015 - 1\",\"caption\":\"\",\"description\":\"\",\"meta\":{\"length_formatted\":\"0:11\"},\"dimensions\":{\"original\":{\"width\":1920,\"height\":1080},\"resized\":{\"width\":452,\"height\":254}},\"image\":{\"src\":\"https:\/\/vonderheideducht.de\/wp-includes\/images\/media\/video.svg\",\"width\":48,\"height\":64},\"thumb\":{\"src\":\"https:\/\/vonderheideducht.de\/wp-includes\/images\/media\/video.svg\",\"width\":48,\"height\":64}},{\"src\":\"https:\/\/vonderheideducht.de\/wp-content\/uploads\/2018\/03\/002.mp4\",\"type\":\"video\/mp4\",\"title\":\"Cockertreffen 2015 - 2\",\"caption\":\"\",\"description\":\"\",\"meta\":{\"length_formatted\":\"0:13\"},\"dimensions\":{\"original\":{\"width\":1920,\"height\":1080},\"resized\":{\"width\":452,\"height\":254}},\"image\":{\"src\":\"https:\/\/vonderheideducht.de\/wp-includes\/images\/media\/video.svg\",\"width\":48,\"height\":64},\"thumb\":{\"src\":\"https:\/\/vonderheideducht.de\/wp-includes\/images\/media\/video.svg\",\"width\":48,\"height\":64}},{\"src\":\"https:\/\/vonderheideducht.de\/wp-content\/uploads\/2018\/03\/003.mp4\",\"type\":\"video\/mp4\",\"title\":\"Cockertreffen 2015 - 3\",\"caption\":\"\",\"description\":\"\",\"meta\":{\"length_formatted\":\"0:14\"},\"dimensions\":{\"original\":{\"width\":1920,\"height\":1080},\"resized\":{\"width\":452,\"height\":254}},\"image\":{\"src\":\"https:\/\/vonderheideducht.de\/wp-includes\/images\/media\/video.svg\",\"width\":48,\"height\":64},\"thumb\":{\"src\":\"https:\/\/vonderheideducht.de\/wp-includes\/images\/media\/video.svg\",\"width\":48,\"height\":64}},{\"src\":\"https:\/\/vonderheideducht.de\/wp-content\/uploads\/2018\/03\/004.mp4\",\"type\":\"video\/mp4\",\"title\":\"Cockertreffen 2015 - 4\",\"caption\":\"\",\"description\":\"\",\"meta\":{\"length_formatted\":\"0:11\"},\"dimensions\":{\"original\":{\"width\":1920,\"height\":1080},\"resized\":{\"width\":452,\"height\":254}},\"image\":{\"src\":\"https:\/\/vonderheideducht.de\/wp-includes\/images\/media\/video.svg\",\"width\":48,\"height\":64},\"thumb\":{\"src\":\"https:\/\/vonderheideducht.de\/wp-includes\/images\/media\/video.svg\",\"width\":48,\"height\":64}},{\"src\":\"https:\/\/vonderheideducht.de\/wp-content\/uploads\/2018\/03\/005.mp4\",\"type\":\"video\/mp4\",\"title\":\"Cockertreffen 2015 - 5\",\"caption\":\"\",\"description\":\"\",\"meta\":{\"length_formatted\":\"0:11\"},\"dimensions\":{\"original\":{\"width\":1920,\"height\":1080},\"resized\":{\"width\":452,\"height\":254}},\"image\":{\"src\":\"https:\/\/vonderheideducht.de\/wp-includes\/images\/media\/video.svg\",\"width\":48,\"height\":64},\"thumb\":{\"src\":\"https:\/\/vonderheideducht.de\/wp-includes\/images\/media\/video.svg\",\"width\":48,\"height\":64}},{\"src\":\"https:\/\/vonderheideducht.de\/wp-content\/uploads\/2018\/03\/006.mp4\",\"type\":\"video\/mp4\",\"title\":\"Cockertreffen 2015 - 6\",\"caption\":\"\",\"description\":\"\",\"meta\":{\"length_formatted\":\"0:16\"},\"dimensions\":{\"original\":{\"width\":1920,\"height\":1080},\"resized\":{\"width\":452,\"height\":254}},\"image\":{\"src\":\"https:\/\/vonderheideducht.de\/wp-includes\/images\/media\/video.svg\",\"width\":48,\"height\":64},\"thumb\":{\"src\":\"https:\/\/vonderheideducht.de\/wp-includes\/images\/media\/video.svg\",\"width\":48,\"height\":64}},{\"src\":\"https:\/\/vonderheideducht.de\/wp-content\/uploads\/2018\/03\/007.mp4\",\"type\":\"video\/mp4\",\"title\":\"Cockertreffen 2015 - 7\",\"caption\":\"\",\"description\":\"\",\"meta\":{\"length_formatted\":\"0:10\"},\"dimensions\":{\"original\":{\"width\":1920,\"height\":1080},\"resized\":{\"width\":452,\"height\":254}},\"image\":{\"src\":\"https:\/\/vonderheideducht.de\/wp-includes\/images\/media\/video.svg\",\"width\":48,\"height\":64},\"thumb\":{\"src\":\"https:\/\/vonderheideducht.de\/wp-includes\/images\/media\/video.svg\",\"width\":48,\"height\":64}},{\"src\":\"https:\/\/vonderheideducht.de\/wp-content\/uploads\/2018\/03\/008.mp4\",\"type\":\"video\/mp4\",\"title\":\"Cockertreffen 2015 - 8\",\"caption\":\"\",\"description\":\"\",\"meta\":{\"length_formatted\":\"0:10\"},\"dimensions\":{\"original\":{\"width\":1920,\"height\":1080},\"resized\":{\"width\":452,\"height\":254}},\"image\":{\"src\":\"https:\/\/vonderheideducht.de\/wp-includes\/images\/media\/video.svg\",\"width\":48,\"height\":64},\"thumb\":{\"src\":\"https:\/\/vonderheideducht.de\/wp-includes\/images\/media\/video.svg\",\"width\":48,\"height\":64}},{\"src\":\"https:\/\/vonderheideducht.de\/wp-content\/uploads\/2018\/03\/009_alfhuutchkneipkur.mp4\",\"type\":\"video\/mp4\",\"title\":\"Cockertreffen 2015 - 9\",\"caption\":\"\",\"description\":\"\",\"meta\":{\"length_formatted\":\"0:14\"},\"dimensions\":{\"original\":{\"width\":1920,\"height\":1080},\"resized\":{\"width\":452,\"height\":254}},\"image\":{\"src\":\"https:\/\/vonderheideducht.de\/wp-includes\/images\/media\/video.svg\",\"width\":48,\"height\":64},\"thumb\":{\"src\":\"https:\/\/vonderheideducht.de\/wp-includes\/images\/media\/video.svg\",\"width\":48,\"height\":64}},{\"src\":\"https:\/\/vonderheideducht.de\/wp-content\/uploads\/2018\/03\/010_frankafrieda.mp4\",\"type\":\"video\/mp4\",\"title\":\"Cockertreffen 2015 - 10\",\"caption\":\"\",\"description\":\"\",\"meta\":{\"length_formatted\":\"0:07\"},\"dimensions\":{\"original\":{\"width\":1920,\"height\":1080},\"resized\":{\"width\":452,\"height\":254}},\"image\":{\"src\":\"https:\/\/vonderheideducht.de\/wp-includes\/images\/media\/video.svg\",\"width\":48,\"height\":64},\"thumb\":{\"src\":\"https:\/\/vonderheideducht.de\/wp-includes\/images\/media\/video.svg\",\"width\":48,\"height\":64}},{\"src\":\"https:\/\/vonderheideducht.de\/wp-content\/uploads\/2018\/03\/011_soschoenamdeich.mp4\",\"type\":\"video\/mp4\",\"title\":\"011_soschoenamdeich\",\"caption\":\"Cockertreffen 2015 - 11\",\"description\":\"\",\"meta\":{\"length_formatted\":\"0:13\"},\"dimensions\":{\"original\":{\"width\":1920,\"height\":1080},\"resized\":{\"width\":452,\"height\":254}},\"image\":{\"src\":\"https:\/\/vonderheideducht.de\/wp-includes\/images\/media\/video.svg\",\"width\":48,\"height\":64},\"thumb\":{\"src\":\"https:\/\/vonderheideducht.de\/wp-includes\/images\/media\/video.svg\",\"width\":48,\"height\":64}}]}<\/script>\n<\/div>\n\t\n","protected":false},"excerpt":{"rendered":"<p>Auch dieses Jahr gab es wieder unser schon traditionelles Cockertreffen! Hier ein paar Eindr\u00fccke: &nbsp; und hier nun noch ein paar sch\u00f6ne Videos von Menschen und Hunden &#8211; es war wirklich sch\u00f6n!<\/p>\n","protected":false},"author":1,"featured_media":0,"parent":215,"menu_order":1,"comment_status":"open","ping_status":"closed","template":"","meta":{"ngg_post_thumbnail":0,"jetpack_post_was_ever_published":false,"footnotes":""},"class_list":["post-217","page","type-page","status-publish","hentry"],"jetpack_sharing_enabled":true,"jetpack_shortlink":"https:\/\/wp.me\/P71my5-3v","jetpack_likes_enabled":true,"_links":{"self":[{"href":"https:\/\/vonderheideducht.de\/index.php?rest_route=\/wp\/v2\/pages\/217","targetHints":{"allow":["GET"]}}],"collection":[{"href":"https:\/\/vonderheideducht.de\/index.php?rest_route=\/wp\/v2\/pages"}],"about":[{"href":"https:\/\/vonderheideducht.de\/index.php?rest_route=\/wp\/v2\/types\/page"}],"author":[{"embeddable":true,"href":"https:\/\/vonderheideducht.de\/index.php?rest_route=\/wp\/v2\/users\/1"}],"replies":[{"embeddable":true,"href":"https:\/\/vonderheideducht.de\/index.php?rest_route=%2Fwp%2Fv2%2Fcomments&post=217"}],"version-history":[{"count":5,"href":"https:\/\/vonderheideducht.de\/index.php?rest_route=\/wp\/v2\/pages\/217\/revisions"}],"predecessor-version":[{"id":2514,"href":"https:\/\/vonderheideducht.de\/index.php?rest_route=\/wp\/v2\/pages\/217\/revisions\/2514"}],"up":[{"embeddable":true,"href":"https:\/\/vonderheideducht.de\/index.php?rest_route=\/wp\/v2\/pages\/215"}],"wp:attachment":[{"href":"https:\/\/vonderheideducht.de\/index.php?rest_route=%2Fwp%2Fv2%2Fmedia&parent=217"}],"curies":[{"name":"wp","href":"https:\/\/api.w.org\/{rel}","templated":true}]}}