{"id":2307,"date":"2017-06-07T09:28:40","date_gmt":"2017-06-07T07:28:40","guid":{"rendered":"http:\/\/www.heideducht.de\/blog\/?page_id=2307"},"modified":"2017-06-09T08:42:26","modified_gmt":"2017-06-09T06:42:26","slug":"cockertreffen-03-06-2017","status":"publish","type":"page","link":"https:\/\/vonderheideducht.de\/?page_id=2307","title":{"rendered":"Cockertreffen 03.06.2017"},"content":{"rendered":"<p>Diesen Samstag, 03.06.2017,  fand wieder unser schon traditionelles Cockertreffen statt!<\/p>\n<p>Was hatten wir f\u00fcr ein Gl\u00fcck mit dem Wetter! Morgens gab es noch Regen und dann, ab halb  11 Uhr, wurde das Wetter immer besser!<\/p>\n<p>Wir hatten alle so viel Freude mit den Hunden! Alle haben sich gut vertragen.  Auch unser Neuer!! Finley, 4 Jahre alt (Man in Black  of Luna\u00b4s Dynasty) mit Herrchen und Frauchen  Dorle und Hennig Flensburg, die vorher Dustin hatten.  Finley ist ein lieber und sehr fr\u00f6hlicher Hund, der sich auch mit allen Hunden gut verstanden hat.<\/p>\n<p>Wir haben uns auch sehr gefreut, Irma und Ida wiederzusehen! Beide sind sch\u00f6n gewachsen und sehr lieb.<\/p>\n<p>Und ein paar Verr\u00fcckte sind doch tats\u00e4chlich die weiten 580 Km aus Darmstadt gefahren, um an unseren Cockertreffen teilzunehmen. Familie Lietz ist mit Henry gekommen, der doch tats\u00e4chlich gr\u00f6\u00dfer ist als sein Vater Cheiron.<\/p>\n<p>Nach einem guten Mittagessen ging es zum Spaziergang hinterm Deich,  wobei auch t\u00fcchtig getratscht wurde.<\/p>\n<p>Danach gab es wie immer Kaffee und Kuchen, bis sich dann gegen 16 Uhr unser Treffen dem Ende zuneigte.<\/p>\n<p>Wir haben uns sehr \u00fcber alle Teilnehmer gefreut und hatten alle viel Spass. Es war ein sehr sch\u00f6ner Tag mit Euch allen und wir freuen uns schon aufs n\u00e4chste  Jahr!!<\/p>\n<p>Und nun gibt es nat\u00fcrlich auch ein paar Fotos<\/p>\n<div class='polaroid-gallery galleryid-2307' style='width:340px;'>\n\t\t\t<a href=\"https:\/\/i0.wp.com\/vonderheideducht.de\/wp-content\/uploads\/2017\/06\/gruppe2.jpg?fit=474%2C313&ssl=1\" title=\"gruppe2\" rel=\"polaroid_2120340193\" class=\"polaroid-gallery-item showcaption\"><span class=\"polaroid-gallery-image\" title=\"Cockertreffen 2017\" style=\"background-image: url(https:\/\/i0.wp.com\/vonderheideducht.de\/wp-content\/uploads\/2017\/06\/gruppe2.jpg?resize=150%2C150&ssl=1); width: 150px; height: 150px;\"><\/span><\/a>\n\t\t\t<a href=\"https:\/\/i0.wp.com\/vonderheideducht.de\/wp-content\/uploads\/2017\/06\/gruppe.jpg?fit=474%2C313&ssl=1\" title=\"gruppe\" rel=\"polaroid_2120340193\" class=\"polaroid-gallery-item showcaption\"><span class=\"polaroid-gallery-image\" title=\"Cockertreffen 2017\" style=\"background-image: url(https:\/\/i0.wp.com\/vonderheideducht.de\/wp-content\/uploads\/2017\/06\/gruppe.jpg?resize=150%2C150&ssl=1); width: 150px; height: 150px;\"><\/span><\/a>\n\t\t\t<br style=\"clear: both;\" \/>\n\t\t\t<a href=\"https:\/\/i0.wp.com\/vonderheideducht.de\/wp-content\/uploads\/2017\/06\/gruppe3.jpg?fit=474%2C313&ssl=1\" title=\"gruppe3\" rel=\"polaroid_2120340193\" class=\"polaroid-gallery-item showcaption\"><span class=\"polaroid-gallery-image\" title=\"Cockertreffen 2017\" style=\"background-image: url(https:\/\/i0.wp.com\/vonderheideducht.de\/wp-content\/uploads\/2017\/06\/gruppe3.jpg?resize=150%2C150&ssl=1); width: 150px; height: 150px;\"><\/span><\/a>\n\t\t\t<a href=\"https:\/\/i0.wp.com\/vonderheideducht.de\/wp-content\/uploads\/2017\/06\/gruppe4.jpg?fit=474%2C313&ssl=1\" title=\"gruppe4\" rel=\"polaroid_2120340193\" class=\"polaroid-gallery-item showcaption\"><span class=\"polaroid-gallery-image\" title=\"Cockertreffen 2017\" style=\"background-image: url(https:\/\/i0.wp.com\/vonderheideducht.de\/wp-content\/uploads\/2017\/06\/gruppe4.jpg?resize=150%2C150&ssl=1); width: 150px; height: 150px;\"><\/span><\/a>\n\t\t\t<br style=\"clear: both;\" \/>\n\t\t\t<a href=\"https:\/\/i0.wp.com\/vonderheideducht.de\/wp-content\/uploads\/2017\/06\/gruppe5.jpg?fit=474%2C313&ssl=1\" title=\"gruppe5\" rel=\"polaroid_2120340193\" class=\"polaroid-gallery-item showcaption\"><span class=\"polaroid-gallery-image\" title=\"Cockertreffen 2017\" style=\"background-image: url(https:\/\/i0.wp.com\/vonderheideducht.de\/wp-content\/uploads\/2017\/06\/gruppe5.jpg?resize=150%2C150&ssl=1); width: 150px; height: 150px;\"><\/span><\/a>\n\t\t\t<a href=\"https:\/\/i0.wp.com\/vonderheideducht.de\/wp-content\/uploads\/2017\/06\/henny.jpg?fit=474%2C313&ssl=1\" title=\"henny\" rel=\"polaroid_2120340193\" class=\"polaroid-gallery-item showcaption\"><span class=\"polaroid-gallery-image\" title=\"Cockertreffen 2017\" style=\"background-image: url(https:\/\/i0.wp.com\/vonderheideducht.de\/wp-content\/uploads\/2017\/06\/henny.jpg?resize=150%2C150&ssl=1); width: 150px; height: 150px;\"><\/span><\/a>\n\t\t\t<br style=\"clear: both;\" \/>\n\t\t\t<a href=\"https:\/\/i0.wp.com\/vonderheideducht.de\/wp-content\/uploads\/2017\/06\/irmafinley.jpg?fit=400%2C600&ssl=1\" title=\"irmafinley\" rel=\"polaroid_2120340193\" class=\"polaroid-gallery-item showcaption\"><span class=\"polaroid-gallery-image\" title=\"Cockertreffen 2017\" style=\"background-image: url(https:\/\/i0.wp.com\/vonderheideducht.de\/wp-content\/uploads\/2017\/06\/irmafinley.jpg?resize=150%2C150&ssl=1); width: 150px; height: 150px;\"><\/span><\/a>\n\t\t\t<a href=\"https:\/\/i0.wp.com\/vonderheideducht.de\/wp-content\/uploads\/2017\/06\/cocker17_hunde.jpg?fit=474%2C313&ssl=1\" title=\"cocker17_hunde\" rel=\"polaroid_2120340193\" class=\"polaroid-gallery-item showcaption\"><span class=\"polaroid-gallery-image\" title=\"Cockertreffen 2017\" style=\"background-image: url(https:\/\/i0.wp.com\/vonderheideducht.de\/wp-content\/uploads\/2017\/06\/cocker17_hunde.jpg?resize=150%2C150&ssl=1); width: 150px; height: 150px;\"><\/span><\/a>\n\t\t\t<br style=\"clear: both;\" \/>\n\t\t\t<a href=\"https:\/\/i0.wp.com\/vonderheideducht.de\/wp-content\/uploads\/2017\/06\/hexenenaute.jpg?fit=474%2C313&ssl=1\" title=\"hexenenaute\" rel=\"polaroid_2120340193\" class=\"polaroid-gallery-item showcaption\"><span class=\"polaroid-gallery-image\" title=\"Cockertreffen 2017\" style=\"background-image: url(https:\/\/i0.wp.com\/vonderheideducht.de\/wp-content\/uploads\/2017\/06\/hexenenaute.jpg?resize=150%2C150&ssl=1); width: 150px; height: 150px;\"><\/span><\/a>\n\t\t\t<a href=\"https:\/\/i0.wp.com\/vonderheideducht.de\/wp-content\/uploads\/2017\/06\/amdeich.jpg?fit=474%2C313&ssl=1\" title=\"amdeich\" rel=\"polaroid_2120340193\" class=\"polaroid-gallery-item showcaption\"><span class=\"polaroid-gallery-image\" title=\"Cockertreffen 2017\" style=\"background-image: url(https:\/\/i0.wp.com\/vonderheideducht.de\/wp-content\/uploads\/2017\/06\/amdeich.jpg?resize=150%2C150&ssl=1); width: 150px; height: 150px;\"><\/span><\/a>\n\t\t\t<br style=\"clear: both;\" \/>\n\t\t\t<a href=\"https:\/\/i0.wp.com\/vonderheideducht.de\/wp-content\/uploads\/2017\/06\/cheiron.jpg?fit=474%2C313&ssl=1\" title=\"cheiron\" rel=\"polaroid_2120340193\" class=\"polaroid-gallery-item showcaption\"><span class=\"polaroid-gallery-image\" title=\"Cockertreffen 2017\" style=\"background-image: url(https:\/\/i0.wp.com\/vonderheideducht.de\/wp-content\/uploads\/2017\/06\/cheiron.jpg?resize=150%2C150&ssl=1); width: 150px; height: 150px;\"><\/span><\/a>\n\t\t\t<a href=\"https:\/\/i0.wp.com\/vonderheideducht.de\/wp-content\/uploads\/2017\/06\/fannyhanna.jpg?fit=400%2C600&ssl=1\" title=\"fannyhanna\" rel=\"polaroid_2120340193\" class=\"polaroid-gallery-item showcaption\"><span class=\"polaroid-gallery-image\" title=\"Cockertreffen 2017\" style=\"background-image: url(https:\/\/i0.wp.com\/vonderheideducht.de\/wp-content\/uploads\/2017\/06\/fannyhanna.jpg?resize=150%2C150&ssl=1); width: 150px; height: 150px;\"><\/span><\/a>\n\t\t\t<br style=\"clear: both;\" \/>\n\t\t\t<a href=\"https:\/\/i0.wp.com\/vonderheideducht.de\/wp-content\/uploads\/2017\/06\/finley.jpg?fit=474%2C313&ssl=1\" title=\"finley\" rel=\"polaroid_2120340193\" class=\"polaroid-gallery-item showcaption\"><span class=\"polaroid-gallery-image\" title=\"Cockertreffen 2017\" style=\"background-image: url(https:\/\/i0.wp.com\/vonderheideducht.de\/wp-content\/uploads\/2017\/06\/finley.jpg?resize=150%2C150&ssl=1); width: 150px; height: 150px;\"><\/span><\/a>\n\t\t\t<a href=\"https:\/\/i0.wp.com\/vonderheideducht.de\/wp-content\/uploads\/2017\/06\/finleyhexe.jpg?fit=474%2C313&ssl=1\" title=\"finleyhexe\" rel=\"polaroid_2120340193\" class=\"polaroid-gallery-item showcaption\"><span class=\"polaroid-gallery-image\" title=\"Cockertreffen 2017\" style=\"background-image: url(https:\/\/i0.wp.com\/vonderheideducht.de\/wp-content\/uploads\/2017\/06\/finleyhexe.jpg?resize=150%2C150&ssl=1); width: 150px; height: 150px;\"><\/span><\/a>\n\t\t\t<br style=\"clear: both;\" \/>\n\t\t\t<a href=\"https:\/\/i0.wp.com\/vonderheideducht.de\/wp-content\/uploads\/2017\/06\/franka.jpg?fit=400%2C600&ssl=1\" title=\"franka\" rel=\"polaroid_2120340193\" class=\"polaroid-gallery-item showcaption\"><span class=\"polaroid-gallery-image\" title=\"Cockertreffen 2017\" style=\"background-image: url(https:\/\/i0.wp.com\/vonderheideducht.de\/wp-content\/uploads\/2017\/06\/franka.jpg?resize=150%2C150&ssl=1); width: 150px; height: 150px;\"><\/span><\/a>\n\t\t\t<a href=\"https:\/\/i0.wp.com\/vonderheideducht.de\/wp-content\/uploads\/2017\/06\/ginahenny.jpg?fit=400%2C600&ssl=1\" title=\"ginahenny\" rel=\"polaroid_2120340193\" class=\"polaroid-gallery-item showcaption\"><span class=\"polaroid-gallery-image\" title=\"Cockertreffen 2017\" style=\"background-image: url(https:\/\/i0.wp.com\/vonderheideducht.de\/wp-content\/uploads\/2017\/06\/ginahenny.jpg?resize=150%2C150&ssl=1); width: 150px; height: 150px;\"><\/span><\/a>\n\t\t\t<br style=\"clear: both;\" \/>\n\t\t\t<a href=\"https:\/\/i0.wp.com\/vonderheideducht.de\/wp-content\/uploads\/2017\/06\/ginaundenkel.jpg?fit=474%2C313&ssl=1\" title=\"ginaundenkel\" rel=\"polaroid_2120340193\" class=\"polaroid-gallery-item showcaption\"><span class=\"polaroid-gallery-image\" title=\"Cockertreffen 2017\" style=\"background-image: url(https:\/\/i0.wp.com\/vonderheideducht.de\/wp-content\/uploads\/2017\/06\/ginaundenkel.jpg?resize=150%2C150&ssl=1); width: 150px; height: 150px;\"><\/span><\/a>\n\t\t\t<a href=\"https:\/\/i0.wp.com\/vonderheideducht.de\/wp-content\/uploads\/2017\/06\/henrygeorge2.jpg?fit=474%2C313&ssl=1\" title=\"henrygeorge2\" rel=\"polaroid_2120340193\" class=\"polaroid-gallery-item showcaption\"><span class=\"polaroid-gallery-image\" title=\"Cockertreffen 2017\" style=\"background-image: url(https:\/\/i0.wp.com\/vonderheideducht.de\/wp-content\/uploads\/2017\/06\/henrygeorge2.jpg?resize=150%2C150&ssl=1); width: 150px; height: 150px;\"><\/span><\/a>\n\t\t\t<br style=\"clear: both;\" \/>\n\t\t\t<a href=\"https:\/\/i0.wp.com\/vonderheideducht.de\/wp-content\/uploads\/2017\/06\/henrygeorge3.jpg?fit=474%2C313&ssl=1\" title=\"henrygeorge3\" rel=\"polaroid_2120340193\" class=\"polaroid-gallery-item showcaption\"><span class=\"polaroid-gallery-image\" title=\"Cockertreffen 2017\" style=\"background-image: url(https:\/\/i0.wp.com\/vonderheideducht.de\/wp-content\/uploads\/2017\/06\/henrygeorge3.jpg?resize=150%2C150&ssl=1); width: 150px; height: 150px;\"><\/span><\/a>\n\t\t\t<a href=\"https:\/\/i0.wp.com\/vonderheideducht.de\/wp-content\/uploads\/2017\/06\/hexe.jpg?fit=474%2C313&ssl=1\" title=\"hexe\" rel=\"polaroid_2120340193\" class=\"polaroid-gallery-item showcaption\"><span class=\"polaroid-gallery-image\" title=\"Cockertreffen 2017\" style=\"background-image: url(https:\/\/i0.wp.com\/vonderheideducht.de\/wp-content\/uploads\/2017\/06\/hexe.jpg?resize=150%2C150&ssl=1); width: 150px; height: 150px;\"><\/span><\/a>\n\t\t\t<br style=\"clear: both;\" \/>\n\t\t\t<a href=\"https:\/\/i0.wp.com\/vonderheideducht.de\/wp-content\/uploads\/2017\/06\/hexe2.jpg?fit=474%2C313&ssl=1\" title=\"hexe2\" rel=\"polaroid_2120340193\" class=\"polaroid-gallery-item showcaption\"><span class=\"polaroid-gallery-image\" title=\"Cockertreffen 2017\" style=\"background-image: url(https:\/\/i0.wp.com\/vonderheideducht.de\/wp-content\/uploads\/2017\/06\/hexe2.jpg?resize=150%2C150&ssl=1); width: 150px; height: 150px;\"><\/span><\/a>\n\t\t\t<a href=\"https:\/\/i0.wp.com\/vonderheideducht.de\/wp-content\/uploads\/2017\/06\/ida.jpg?fit=474%2C313&ssl=1\" title=\"ida\" rel=\"polaroid_2120340193\" class=\"polaroid-gallery-item showcaption\"><span class=\"polaroid-gallery-image\" title=\"Cockertreffen 2017\" style=\"background-image: url(https:\/\/i0.wp.com\/vonderheideducht.de\/wp-content\/uploads\/2017\/06\/ida.jpg?resize=150%2C150&ssl=1); width: 150px; height: 150px;\"><\/span><\/a>\n\t\t\t<br style=\"clear: both;\" \/>\n\t\t\t<a href=\"https:\/\/i0.wp.com\/vonderheideducht.de\/wp-content\/uploads\/2017\/06\/ida2.jpg?fit=474%2C313&ssl=1\" title=\"ida2\" rel=\"polaroid_2120340193\" class=\"polaroid-gallery-item showcaption\"><span class=\"polaroid-gallery-image\" title=\"Cockertreffen 2017\" style=\"background-image: url(https:\/\/i0.wp.com\/vonderheideducht.de\/wp-content\/uploads\/2017\/06\/ida2.jpg?resize=150%2C150&ssl=1); width: 150px; height: 150px;\"><\/span><\/a>\n\t\t\t<a href=\"https:\/\/i0.wp.com\/vonderheideducht.de\/wp-content\/uploads\/2017\/06\/idaadolf.jpg?fit=400%2C600&ssl=1\" title=\"idaadolf\" rel=\"polaroid_2120340193\" class=\"polaroid-gallery-item showcaption\"><span class=\"polaroid-gallery-image\" title=\"Cockertreffen 2017\" style=\"background-image: url(https:\/\/i0.wp.com\/vonderheideducht.de\/wp-content\/uploads\/2017\/06\/idaadolf.jpg?resize=150%2C150&ssl=1); width: 150px; height: 150px;\"><\/span><\/a>\n\t\t\t<br style=\"clear: both;\" \/>\n\t\t\t<a href=\"https:\/\/i0.wp.com\/vonderheideducht.de\/wp-content\/uploads\/2017\/06\/irmagaby.jpg?fit=400%2C600&ssl=1\" title=\"irmagaby\" rel=\"polaroid_2120340193\" class=\"polaroid-gallery-item showcaption\"><span class=\"polaroid-gallery-image\" title=\"Cockertreffen 2017\" style=\"background-image: url(https:\/\/i0.wp.com\/vonderheideducht.de\/wp-content\/uploads\/2017\/06\/irmagaby.jpg?resize=150%2C150&ssl=1); width: 150px; height: 150px;\"><\/span><\/a>\n\t\t\t<a href=\"https:\/\/i0.wp.com\/vonderheideducht.de\/wp-content\/uploads\/2017\/06\/uteida.jpg?fit=400%2C600&ssl=1\" title=\"uteida\" rel=\"polaroid_2120340193\" class=\"polaroid-gallery-item showcaption\"><span class=\"polaroid-gallery-image\" title=\"Cockertreffen 2017\" style=\"background-image: url(https:\/\/i0.wp.com\/vonderheideducht.de\/wp-content\/uploads\/2017\/06\/uteida.jpg?resize=150%2C150&ssl=1); width: 150px; height: 150px;\"><\/span><\/a>\n\t\t\t<br style=\"clear: both;\" \/><\/div>\n\n<p><strong><span style=\"color: #ff0000;\">und die Videos:<br \/>\n<\/span><\/strong><\/p>\n<div class=\"wp-playlist wp-video-playlist wp-playlist-light\">\n\t\t<video controls=\"controls\" preload=\"none\" width=\"452\"\n\t\t height=\"254\"\t><\/video>\n\t<div class=\"wp-playlist-next\"><\/div>\n\t<div class=\"wp-playlist-prev\"><\/div>\n\t<noscript>\n\t<ol>\n\t\t<li><a href='https:\/\/vonderheideducht.de\/wp-content\/uploads\/2017\/06\/cockertreffen17_01.mp4'>Cockertreffen 2017 - Teil 1<\/a><\/li><li><a href='https:\/\/vonderheideducht.de\/wp-content\/uploads\/2017\/06\/cockertreffen17_02.mp4'>Cockertreffen 2017 - Teil 2<\/a><\/li><li><a href='https:\/\/vonderheideducht.de\/wp-content\/uploads\/2017\/06\/cockertreffen17_03.mp4'>Cockertreffen 2017 - Teil 3<\/a><\/li><li><a href='https:\/\/vonderheideducht.de\/wp-content\/uploads\/2017\/06\/cockertreffen17_04.mp4'>Cockertreffen 2017 - Teil 4<\/a><\/li><li><a href='https:\/\/vonderheideducht.de\/wp-content\/uploads\/2017\/06\/cockertreffen17_05.mp4'>Cockertreffen 2017 - Teil 5<\/a><\/li><li><a href='https:\/\/vonderheideducht.de\/wp-content\/uploads\/2017\/06\/cockertreffen17_06.mp4'>Cockertreffen 2017 - Teil 6<\/a><\/li>\t<\/ol>\n\t<\/noscript>\n\t<script type=\"application\/json\" class=\"wp-playlist-script\">{\"type\":\"video\",\"tracklist\":true,\"tracknumbers\":true,\"images\":true,\"artists\":true,\"tracks\":[{\"src\":\"https:\/\/vonderheideducht.de\/wp-content\/uploads\/2017\/06\/cockertreffen17_01.mp4\",\"type\":\"video\/mp4\",\"title\":\"Cockertreffen 2017 - Teil 1\",\"caption\":\"\",\"description\":\"\",\"meta\":{\"length_formatted\":\"0:40\"},\"dimensions\":{\"original\":{\"width\":1920,\"height\":1080},\"resized\":{\"width\":452,\"height\":254}},\"image\":{\"src\":\"https:\/\/vonderheideducht.de\/wp-includes\/images\/media\/video.svg\",\"width\":48,\"height\":64},\"thumb\":{\"src\":\"https:\/\/vonderheideducht.de\/wp-includes\/images\/media\/video.svg\",\"width\":48,\"height\":64}},{\"src\":\"https:\/\/vonderheideducht.de\/wp-content\/uploads\/2017\/06\/cockertreffen17_02.mp4\",\"type\":\"video\/mp4\",\"title\":\"Cockertreffen 2017 - Teil 2\",\"caption\":\"\",\"description\":\"\",\"meta\":{\"length_formatted\":\"0:17\"},\"dimensions\":{\"original\":{\"width\":1920,\"height\":1080},\"resized\":{\"width\":452,\"height\":254}},\"image\":{\"src\":\"https:\/\/vonderheideducht.de\/wp-includes\/images\/media\/video.svg\",\"width\":48,\"height\":64},\"thumb\":{\"src\":\"https:\/\/vonderheideducht.de\/wp-includes\/images\/media\/video.svg\",\"width\":48,\"height\":64}},{\"src\":\"https:\/\/vonderheideducht.de\/wp-content\/uploads\/2017\/06\/cockertreffen17_03.mp4\",\"type\":\"video\/mp4\",\"title\":\"Cockertreffen 2017 - Teil 3\",\"caption\":\"\",\"description\":\"\",\"meta\":{\"length_formatted\":\"0:26\"},\"dimensions\":{\"original\":{\"width\":1920,\"height\":1080},\"resized\":{\"width\":452,\"height\":254}},\"image\":{\"src\":\"https:\/\/vonderheideducht.de\/wp-includes\/images\/media\/video.svg\",\"width\":48,\"height\":64},\"thumb\":{\"src\":\"https:\/\/vonderheideducht.de\/wp-includes\/images\/media\/video.svg\",\"width\":48,\"height\":64}},{\"src\":\"https:\/\/vonderheideducht.de\/wp-content\/uploads\/2017\/06\/cockertreffen17_04.mp4\",\"type\":\"video\/mp4\",\"title\":\"Cockertreffen 2017 - Teil 4\",\"caption\":\"\",\"description\":\"\",\"meta\":{\"length_formatted\":\"0:16\"},\"dimensions\":{\"original\":{\"width\":1920,\"height\":1080},\"resized\":{\"width\":452,\"height\":254}},\"image\":{\"src\":\"https:\/\/vonderheideducht.de\/wp-includes\/images\/media\/video.svg\",\"width\":48,\"height\":64},\"thumb\":{\"src\":\"https:\/\/vonderheideducht.de\/wp-includes\/images\/media\/video.svg\",\"width\":48,\"height\":64}},{\"src\":\"https:\/\/vonderheideducht.de\/wp-content\/uploads\/2017\/06\/cockertreffen17_05.mp4\",\"type\":\"video\/mp4\",\"title\":\"Cockertreffen 2017 - Teil 5\",\"caption\":\"\",\"description\":\"\",\"meta\":{\"length_formatted\":\"0:34\"},\"dimensions\":{\"original\":{\"width\":1920,\"height\":1080},\"resized\":{\"width\":452,\"height\":254}},\"image\":{\"src\":\"https:\/\/vonderheideducht.de\/wp-includes\/images\/media\/video.svg\",\"width\":48,\"height\":64},\"thumb\":{\"src\":\"https:\/\/vonderheideducht.de\/wp-includes\/images\/media\/video.svg\",\"width\":48,\"height\":64}},{\"src\":\"https:\/\/vonderheideducht.de\/wp-content\/uploads\/2017\/06\/cockertreffen17_06.mp4\",\"type\":\"video\/mp4\",\"title\":\"Cockertreffen 2017 - Teil 6\",\"caption\":\"\",\"description\":\"\",\"meta\":{\"length_formatted\":\"0:19\"},\"dimensions\":{\"original\":{\"width\":1920,\"height\":1080},\"resized\":{\"width\":452,\"height\":254}},\"image\":{\"src\":\"https:\/\/vonderheideducht.de\/wp-includes\/images\/media\/video.svg\",\"width\":48,\"height\":64},\"thumb\":{\"src\":\"https:\/\/vonderheideducht.de\/wp-includes\/images\/media\/video.svg\",\"width\":48,\"height\":64}}]}<\/script>\n<\/div>\n\t\n","protected":false},"excerpt":{"rendered":"<p>Diesen Samstag, 03.06.2017, fand wieder unser schon traditionelles Cockertreffen statt! Was hatten wir f\u00fcr ein Gl\u00fcck mit dem Wetter! Morgens gab es noch Regen und dann, ab halb 11 Uhr, wurde das Wetter immer besser! Wir hatten alle so viel Freude mit den Hunden! Alle haben sich gut vertragen. Auch unser Neuer!! Finley, 4 Jahre &hellip; <a href=\"https:\/\/vonderheideducht.de\/?page_id=2307\" class=\"more-link\"><span class=\"screen-reader-text\">Cockertreffen 03.06.2017<\/span> weiterlesen <span class=\"meta-nav\">&rarr;<\/span><\/a><\/p>\n","protected":false},"author":1,"featured_media":0,"parent":215,"menu_order":0,"comment_status":"open","ping_status":"closed","template":"","meta":{"ngg_post_thumbnail":0,"jetpack_post_was_ever_published":false,"footnotes":""},"class_list":["post-2307","page","type-page","status-publish","hentry"],"jetpack_sharing_enabled":true,"jetpack_shortlink":"https:\/\/wp.me\/P71my5-Bd","jetpack_likes_enabled":true,"_links":{"self":[{"href":"https:\/\/vonderheideducht.de\/index.php?rest_route=\/wp\/v2\/pages\/2307","targetHints":{"allow":["GET"]}}],"collection":[{"href":"https:\/\/vonderheideducht.de\/index.php?rest_route=\/wp\/v2\/pages"}],"about":[{"href":"https:\/\/vonderheideducht.de\/index.php?rest_route=\/wp\/v2\/types\/page"}],"author":[{"embeddable":true,"href":"https:\/\/vonderheideducht.de\/index.php?rest_route=\/wp\/v2\/users\/1"}],"replies":[{"embeddable":true,"href":"https:\/\/vonderheideducht.de\/index.php?rest_route=%2Fwp%2Fv2%2Fcomments&post=2307"}],"version-history":[{"count":4,"href":"https:\/\/vonderheideducht.de\/index.php?rest_route=\/wp\/v2\/pages\/2307\/revisions"}],"predecessor-version":[{"id":2343,"href":"https:\/\/vonderheideducht.de\/index.php?rest_route=\/wp\/v2\/pages\/2307\/revisions\/2343"}],"up":[{"embeddable":true,"href":"https:\/\/vonderheideducht.de\/index.php?rest_route=\/wp\/v2\/pages\/215"}],"wp:attachment":[{"href":"https:\/\/vonderheideducht.de\/index.php?rest_route=%2Fwp%2Fv2%2Fmedia&parent=2307"}],"curies":[{"name":"wp","href":"https:\/\/api.w.org\/{rel}","templated":true}]}}