{"id":260,"date":"2015-12-14T11:19:20","date_gmt":"2015-12-14T10:19:20","guid":{"rendered":"http:\/\/www.heideducht.de\/test\/blog\/?page_id=260"},"modified":"2015-12-14T11:26:35","modified_gmt":"2015-12-14T10:26:35","slug":"cockertreffen-24-05-2014","status":"publish","type":"page","link":"https:\/\/vonderheideducht.de\/?page_id=260","title":{"rendered":"Cockertreffen 24.05.2014"},"content":{"rendered":"<p>Eigentlich gibt es keine Bilder von unserem diesj\u00e4hrigen Treffen, aber ein sehr sch\u00f6nes Video, das wir hier leider nicht zeigen k\u00f6nnen, weil es viel zu gro\u00df ist.<\/p>\n<p>Eine Auswahl von Bildern, erstellt aus dem Video, haben wir aber dennoch zum Zeigen f\u00fcr Euch!<\/p>\n<p>Bild Nr. 1:  Dino 10 1\/2 Jahre, Bruder von Dicksche <br \/>\n<image src=\"images\/treffen_24052014\/0001.jpg\"><\/p>\n<p>Bild Nr. 2: Kleine Blauschimmel H\u00fcndin Bara, 5 Monate <br \/>\nEbbas (Gretje Tochter von Nena) Schwester die hat ganz viel mit Gretje und George getobt&#8230; Georg war davon \u00fcberhaupt nicht mit einverstanden er wollte lieber mit Ebba allein spielen &#8230;.er war  total in seine Schwester verliebt obwohl die gar nicht L\u00e4ufig war&#8230; er ist  aber mit der kleinen Bara ganz sachte umgegangen hat sie immer ganz sanft aus dem weg geschoben zum piepen war das <br \/>\n<image src=\"images\/treffen_24052014\/0002.jpg\"><\/p>\n<p>Bild Nr. 3: <br \/>\n<image src=\"images\/treffen_24052014\/0003.jpg\"><\/p>\n<p>Bild Nr. 4: Bella <br \/>\n<image src=\"images\/treffen_24052014\/0004.jpg\"><\/p>\n<p>Bild Nr. 5: George<br \/>\n<image src=\"images\/treffen_24052014\/0005.jpg\"><\/p>\n<p>Bild Nr. 6: Wolfgang, Waltraud mit Hund Brenda und Helga <br \/>\n<image src=\"images\/treffen_24052014\/0006.jpg\"><\/p>\n<p>Bild Nr. 7: Bella<br \/>\n<image src=\"images\/treffen_24052014\/0007.jpg\"><\/p>\n<p>Bild Nr. 8:8 Uwe, Ute und Renate  <br \/>\n<image src=\"images\/treffen_24052014\/0008.jpg\"><\/p>\n<p>Bild Nr. 9: Ute mit der Frechen Nena auf dem Arm  <br \/>\n<image src=\"images\/treffen_24052014\/0009.jpg\"><\/p>\n<p>Bild Nr. 10: <br \/>\n<image src=\"images\/treffen_24052014\/0010.jpg\"><\/p>\n<p>Bild Nr. 11: Bara und George <br \/>\n<image src=\"images\/treffen_24052014\/0011.jpg\"><\/p>\n<p>Bild Nr. 12: Ingrid, Harald, Cevin, Edith und Schwester<br \/>\n<image src=\"images\/treffen_24052014\/0012.jpg\"><\/p>\n<p>Bild Nr. 13: Sybille, Frauchen von George, Ute, Peter mit Nena und Regina   <br \/>\n<image src=\"images\/treffen_24052014\/0013.jpg\"><\/p>\n<p>Bild Nr. 14: Eiko macht Ferien bei Ute <br \/>\n<image src=\"images\/treffen_24052014\/0014.jpg\"><\/p>\n<p>Bild Nr. 15: <br \/>\n<image src=\"images\/treffen_24052014\/0015.jpg\"><\/p>\n<p>Bild Nr. 16: <br \/>\n<image src=\"images\/treffen_24052014\/0016.jpg\"><\/p>\n<p>Bild Nr. 17: <br \/>\n<image src=\"images\/treffen_24052014\/0017.jpg\"><\/p>\n<p>Bild Nr. 18: <br \/>\n<image src=\"images\/treffen_24052014\/0018.jpg\"><\/p>\n<p>Bild Nr. 19: <br \/>\n<image src=\"images\/treffen_24052014\/0019.jpg\"><\/p>\n<p>Bild Nr. 20: Dorle, Dustin, Brigitte <br \/>\n<image src=\"images\/treffen_24052014\/0020.jpg\"><\/p>\n<p>Bild Nr. 21:  Dustin<br \/>\n<image src=\"images\/treffen_24052014\/0021.jpg\"><\/p>\n<p>Bild Nr. 22: Cevin mit Bella &#8211; Ediths Hund <br \/>\n<image src=\"images\/treffen_24052014\/0022.jpg\"><\/p>\n<p>Bild Nr. 23: Bernda 12 1\/2  und Ginger 4 1\/2 Jahre  <br \/>\n<image src=\"images\/treffen_24052014\/0023.jpg\"><\/p>\n<p>Bild Nr. 24: Ute und Eiko   <br \/>\n<image src=\"images\/treffen_24052014\/0024.jpg\"><\/p>\n<p>Bild Nr. 25: <br \/>\n<image src=\"images\/treffen_24052014\/0025.jpg\"><\/p>\n<p>Bild Nr. 26: <br \/>\n<image src=\"images\/treffen_24052014\/0026.jpg\"><\/p>\n<p>Bild Nr. 27: <br \/>\n<image src=\"images\/treffen_24052014\/0027.jpg\"><\/p>\n<p>Bild Nr. 28: <br \/>\n<image src=\"images\/treffen_24052014\/0028.jpg\"><\/p>\n<p>Bild Nr. 29: Dicksche<br \/>\n<image src=\"images\/treffen_24052014\/0029.jpg\"><\/p>\n<p>Bild Nr. 30: Ginger <br \/>\n<image src=\"images\/treffen_24052014\/0030.jpg\"><\/p>\n<p>Bild Nr. 31: <br \/>\n<image src=\"images\/treffen_24052014\/0031.jpg\"><\/p>\n<p>Bild Nr. 32: <br \/>\n<image src=\"images\/treffen_24052014\/0032.jpg\"><\/p>\n<p>Bild Nr. 33: <br \/>\n<image src=\"images\/treffen_24052014\/0033.jpg\"><\/p>\n<p>Bild Nr. 34: <br \/>\n<image src=\"images\/treffen_24052014\/0034.jpg\"><\/p>\n<p>Bild Nr. 35: Limettentorte<br \/>\n<image src=\"images\/treffen_24052014\/0035.jpg\"><\/p>\n<p>Bild Nr. 36: Fantaschnitten<br \/>\n<image src=\"images\/treffen_24052014\/0036.jpg\"><\/p>\n<p>Bild Nr. 37: Horst, Uwes Enkel und Ute<br \/>\n<image src=\"images\/treffen_24052014\/0037.jpg\"><\/p>\n","protected":false},"excerpt":{"rendered":"<p>Eigentlich gibt es keine Bilder von unserem diesj\u00e4hrigen Treffen, aber ein sehr sch\u00f6nes Video, das wir hier leider nicht zeigen k\u00f6nnen, weil es viel zu gro\u00df ist. Eine Auswahl von Bildern, erstellt aus dem Video, haben wir aber dennoch zum Zeigen f\u00fcr Euch! Bild Nr. 1: Dino 10 1\/2 Jahre, Bruder von Dicksche Bild Nr. &hellip; <a href=\"https:\/\/vonderheideducht.de\/?page_id=260\" class=\"more-link\"><span class=\"screen-reader-text\">Cockertreffen 24.05.2014<\/span> weiterlesen <span class=\"meta-nav\">&rarr;<\/span><\/a><\/p>\n","protected":false},"author":1,"featured_media":0,"parent":215,"menu_order":2,"comment_status":"open","ping_status":"closed","template":"","meta":{"ngg_post_thumbnail":0,"jetpack_post_was_ever_published":false,"footnotes":""},"class_list":["post-260","page","type-page","status-publish","hentry"],"jetpack_sharing_enabled":true,"jetpack_shortlink":"https:\/\/wp.me\/P71my5-4c","jetpack_likes_enabled":true,"_links":{"self":[{"href":"https:\/\/vonderheideducht.de\/index.php?rest_route=\/wp\/v2\/pages\/260","targetHints":{"allow":["GET"]}}],"collection":[{"href":"https:\/\/vonderheideducht.de\/index.php?rest_route=\/wp\/v2\/pages"}],"about":[{"href":"https:\/\/vonderheideducht.de\/index.php?rest_route=\/wp\/v2\/types\/page"}],"author":[{"embeddable":true,"href":"https:\/\/vonderheideducht.de\/index.php?rest_route=\/wp\/v2\/users\/1"}],"replies":[{"embeddable":true,"href":"https:\/\/vonderheideducht.de\/index.php?rest_route=%2Fwp%2Fv2%2Fcomments&post=260"}],"version-history":[{"count":3,"href":"https:\/\/vonderheideducht.de\/index.php?rest_route=\/wp\/v2\/pages\/260\/revisions"}],"predecessor-version":[{"id":278,"href":"https:\/\/vonderheideducht.de\/index.php?rest_route=\/wp\/v2\/pages\/260\/revisions\/278"}],"up":[{"embeddable":true,"href":"https:\/\/vonderheideducht.de\/index.php?rest_route=\/wp\/v2\/pages\/215"}],"wp:attachment":[{"href":"https:\/\/vonderheideducht.de\/index.php?rest_route=%2Fwp%2Fv2%2Fmedia&parent=260"}],"curies":[{"name":"wp","href":"https:\/\/api.w.org\/{rel}","templated":true}]}}