{"id":303,"date":"2015-12-14T14:19:20","date_gmt":"2015-12-14T13:19:20","guid":{"rendered":"http:\/\/www.heideducht.de\/test\/blog\/?page_id=303"},"modified":"2015-12-14T14:21:07","modified_gmt":"2015-12-14T13:21:07","slug":"jenny","status":"publish","type":"page","link":"https:\/\/vonderheideducht.de\/?page_id=303","title":{"rendered":"Jenny"},"content":{"rendered":"<p>Ich wei\u00df nicht mehr welches Jahr es war aber Ellis hatte noch keine Babys gehabt und es war Fr\u00fchjahr Mai oder Juni. Zu dem Zeitpunkt las ich die D\u00fct und Dat Tiermarkt und stie\u00df auf eine Anzeige die ungef\u00e4hr so lautete, Cockerspaniel sucht Ferienunterkunft mit Familienanschluss und Garten Usw. Die Telefonnummer war hier ganz in der N\u00e4he aus Gl\u00fcckstadt gleich bei uns um die Ecke. Ich fragte meinen Manne \u201e Horst hier sucht ein Cocker einen Ferienplatz, soll ich da mal anrufen? Wir k\u00f6nnten doch ohne Probleme einen nehmen wenn er sich mit Ellis vertr\u00e4gt; was meinst Du dazu. Mein lieber Mann hatte nichts dagegen einzuwenden und war schon mit mir gespannt um weh es sich wohl handelt. Ich rief also an und erfuhr dass es sich bei dem Cocker um eine 10 Jahre alte Blauschimmelh\u00fcndin handelt, die jetzt f\u00fcr die Sommerhitze in Italien zu alt geworden ist man wollte ihr diese weite Reise und Strapaze nicht mehr zumuten. Das Frauchen von Jenny hatte aber bedenken ob sich wohl zwei Weiber vertragen w\u00fcrden? Ich sagte, sie k\u00f6nne uns ja besuchen dann werden wir sehen wie die Damen sich bei einem Spaziergang verhalten. Jennys Frauchen stimmte zu, wollte sich aber auch noch zwei andere Unterk\u00fcnfte ansehen.<\/p>\n<p>Gesagt getan wir trafen uns in der kommenden Wochen an meinem Freien Tag, und ich fand Jenny gleich toll und Ellis hat sie auch nicht abweisend begr\u00fc\u00dft, das dazugeh\u00f6rige Frauchen fanden wir auch auf Anhhieb nett. Als wir dann an der Elbe Spazieren liefen war gleich klar das klappt, Ellis und Jenny rannten um die Wette und schnupperten gemeinsam die Spuren der schon gelaufenen Hunde.<br \/>\nAls ich Jenny rief kam sie auch gleich freudig angelaufen, also auch das kein Problem. Das Frauchen von Jenny berichtete mir das die beiden anderen Stellen nicht so berauschend waren ,einmal sollte das Kind der Familie mit Jenny laufen um sich sein Taschengeld in den Sommerferien aufzubessern und einmal war es ein Bauerhof in der N\u00e4he wo alle Hunde wirklich gut untergebracht waren, aber Jenny ist ja schon 10 Jahre und kann schon sehr schlecht Sehen und Ihr Frauchen hatte Angst das sie so in der Hundemeute untergehen w\u00fcrde ,da sie ja auch von zuhause her sehr verschmust und verw\u00f6hnt ist so wie Ellis halt auch.<\/p>\n<p>Jenny durfte mit ins Haus ohne murren von Ellis durch ihr K\u00f6rbchen wackeln und auch wir waren uns Sympathisch und hatten auch die gleiche Richtung in unseren Ansichten. Jenny machte also 4 Wochen Urlaub in der Heideducht. Jenny war eine sehr liebe unkomplizierte H\u00fcndin , die sich Ihres Lebens freute wenn sie ohne Leine auf der Schafweide laufen durfte, sie trabte wie ein kleines Tunirpferdchen durch das Gras, wenn der \u00fcbermut sie packte ist sie auf den R\u00fcckend Deichschr\u00e4gung runtergerutscht, mit den Beinen nach oben den F\u00fc\u00dfen Strampelnd vor lauter Wonne, es war einfach zu sch\u00f6n Ihr dabei zu zusehen und des \u00f6ffteren , hatte ich ein zwei Tr\u00e4nchen in den Augen so ging mir ihre Freude zu Herzen. Im Haus und im Garten hat Jenny noch eine Woche das Zwingerkreisen gezeigt obwohl sie zu Hause auch einen gro\u00dfen Garten hat !! Nach einer Woche bei uns war das vorbei, sie genoss jeden Tag unsere Spazierg\u00e4nge von 1 Stunde. Ellis und Jenny wurden ein Schn\u00fcffelteam. Wo die eine war, war auch die andere &#8211; wo die eine ihre Marke legte, tat die andere ihre drauf. Abbends lag Ellis auf ihren Platz auf dem Sofa und Jenny in ihrem K\u00f6rbchen (Das wurde abends in die Stube geholt) oder bei mir auf dem Scho\u00df, um sich die letzten Streicheleinheiten des Tages zu holen. Jenny hat abends auch immer t\u00fcchtig Hunger und hat ihren Napf in einem Zug leer gefressen, die viele Bewegung macht eben hungrig. Wir haben so sehr sch\u00f6ne 4 Wochen verlebt, auch wenn Jennys Mundgeruch abends nicht mehr ganz so angenehm war , mit ihren 10 Jahren, ist sie mit ihren Anstupsen (komm Streichle mich) oder in ihrer Zufriedenheit, mit der sie in voller L\u00e4nge im K\u00f6rbchen drau\u00dfen im Garten auf dem Rasen geschlafen hat ,daneben Ellis ausgestreckt und ich im Blumenbeet an Werkeln, ein so lieber umg\u00e4nglicher Hund (Ihr Fauchen sagte mir, als ich ihr ein Bild von Jenny ausgestreckt schlafend auf dem Rasen Zeigte, \u201e so ausgeglichen und entspannt hat sie ihre Jenny noch nicht gesehen&#8220;) Ich nehme an, das es einfach der regelm\u00e4\u00dfige Auslauf tag ein tag aus gebracht hat, bei uns war Jenny immer so ruhig und zufrieden. als sie wieder abgeholt worden ist, hat sie mir einen Blick zugeworfen, der mir wieder die Tr\u00e4nen in die Augen steigen lies\u2026.Ab diesen Sommer kam Jenny jedes Jahr, oft auch schon in den Osterferien.<\/p>\n<p>Jennys n\u00e4chster Sommerurlaub<\/p>\n<p>Dieses Jahr war Jenny schon Ostern 2 Wochen ohne besondere Vorkommnisse bei uns, sie konnte aber nun schon sehr viel schlechter sehen ,ich musste sie immer im Auge behalten beim laufen, auf der Stra\u00dfe hinterm Deich lief sie immer noch ohne Leine fast Blind aber weil sie den Weg schon auswendig konnte, ging es immer noch, sie hat auch die Stelle gefunden, die hinunter zur Elbe ging durch schnuppern, sie lief vorne weg und war schon am Baden wenn ich angedackelt kam und bellte vor Freude.<\/p>\n<p>So ging die Zeit dahin. Wenn sie auf dem Deich lief konnte ich Jenny noch ohne Leine laufen lassen, sie h\u00f6rte genau hin wenn ich rief und peilte genau die Richtung an kam dann angelaufen und freute sich wenn sie mich wieder gefunden hatte. Hatten wir viel Wind klappte diese Sache nicht mehr denn der Wind trug meine Stimme in die verkehrte Richtung und ich musste dann zum Spurt ansetzen um Jenny einzufangen.<\/p>\n<p>Also kam sie dann eben an die Leine. Im Sommer dann musste sie immer an die Leine da sie ganz erblindet war das machte ihr aber auch nichts aus ,im Haus kannte sie sich aus, so das sie dort auch nirgends gegen lief. Jenny war nach wie vor ein fr\u00f6hlicher temperamentvoller Hund. Ich hab immer gesagt sie l\u00e4uft wie ein Dragona immer voran nicht nach links und nicht nach rechts geschaut nur voran, voran\u2026<\/p>\n<p>Montags morgens bin ich zur Arbeit bis 12 Uhr 30 dann mit den Hunden laufen ,dann der \u00fcbliche Haushalts und Alltags kram Garten ,Haushalt ,usw. Dienstags bin ich auch erst zur Arbeit bin dann aber etwas fr\u00fcher zu Hause um noch mit den Hunden zu laufen bevor ich mich auf den 12 km weg zu meinen Eltern mache um mit Muttern Einkaufen zu Fahren. Die Hunde kamen immer mit auch Jenny fand den Opa ganz prima zum schmusen und blieb gerne dort. Zur Sicherheit der Hunde habe ich immer einen Zaun drau\u00dfen im Garten gespannt damit sie nicht abhauen konnten aber auch das sch\u00f6ne Wetter geniessen konnte.Ellis lauft nicht vom Grundst\u00fcck das hat sie von klein auf so gelernt wir brauchten nie einen Zaun!<br \/>\nAlso wir los unsere Einkauftur erledigen, lebensmittel Optiker noch ein paar Bl\u00fcschen angeschaut und um ca. 16 ur 30 waren wir wieder auf dem Hof meiner Eltern. Mein Vater kam ganz geknickt und fix und fertig auf uns zu.. Jenny ist weggelaufen schon als du vom Hof gefahren bist muss sie sich durch den Zaun gew\u00fchlt haben!! An der Hauswand an der Hauswand war ein kleiner Spalt gewesen, da muss sie hindurch sein, ich hatte mir nur Schuhe angezogen und wie ich wieder hoch schaute, war sie weg!!! Papa sagte, er hat sie gleich gerufen,sei ums Haus gelaufen auch nach hinten, wo es nur noch Brennesselwiese gibt, die sich dann mit dem ehemaligem Weideland des Hofes verbindet,dort sind die Brennesseln Mannshoch und dicht an dicht wie in einem Urwald ,er habe auch dort gesucht und lange gerufen ,er hat dann das Fahrrad genommen ,hat alle Nebenstra\u00dfen in dem kleinen Ort mit wenig verkehr abgefahren ,auch die Hauptstra\u00dfe ..nichts !! Papa erz\u00e4hlte dann, es h\u00e4tte gleich nach dem wir abgefahren waren, das Abdeckerauto (f\u00fcr tote Schafe u. Rinder) an der Stra\u00dfe gehalten er konnte aber nicht sehen warum, vielleicht hat er Jenny ja angefahren und hat sie gleich mit aufs Auto geschmissen und so entsorgt\u2026 Wie mein Vater sich gef\u00fchlt hat kann wohl so manch einer nachempfinden ,der gleiches schon erlebt hat ,das Herz pocht einem bis zu dem Ohren man denkt immer, es kann nicht sein ,das gibst doch gar nicht gleich kommt Jenny wieder um die Ecke aber kein Hund kommt!!!! Da es nun schon Sp\u00e4t war habe ich auch mein Rufen und Suchen eingestellt und musste schwereren Herzen nach Hause fahren, vorher hatte ich noch alle Nachbarn meiner Eltern in Kenntnis gesetzt, dass wir die Jenny suchen, sie Blind ist usw.<\/p>\n<p>Zu Hause habe ich alle Tier\u00e4rzte in der Umgebung verst\u00e4ndigt, wir suchen einen Blinden Blauschimmel Cocker und auch die Polizei!! Auch eine Vermisstenanzeige in der Hiesigen Zeitung aufgegeben. Ja in Hochdonn Wagner die Hundeaufnahmestelle und auch Tierheim in Itzehoe noch verst\u00e4ndigt. Die Abdecker Firma angerufen habe ganz Herzlich erz\u00e4hlt was passiert ist und gebeten doch den Fahrer;der in diesem Gebiet gefahren ist zu Fragen ob er vielleicht einen totgefahren hat aufgeladen hat?? Es k\u00f6nne so was ja passieren ohne das er da was f\u00fcr kann, aber wir w\u00fcssten doch gerne, wo Jenny abgeblieben ist wir wollen so alle M\u00f6glichkeiten abkl\u00e4ren. Nach einem schlechten Abend und Nacht mit nur Gr\u00fcbelei was, wie wo und so die arme muss nun Drau\u00dfen schlafen wenn sie denn noch lebt!! AM N\u00c4CHSTEN Morgen Rief die Abdeckerei an, der Fahrer h\u00e4tte dort wegen einer Katze gehalten die \u00fcber die Stra\u00dfe lief er habe keinen Hund gesehen, w\u00fcnscht uns viel Gl\u00fcck bei der Suche. Nun ist es schon Mittwoch 16 Uhr 45 und mein man kommt von der Arbeit, wir sitzen Traurig beim Kaffe auch Ellis macht einen bedr\u00fcbbelten Eindruck, sp\u00fchrt unsere Angst um Jenny. und oh Gott wie sollen wir das blo\u00df Annemarie beibringen das Jenny weg ist!! Ich kann sie nicht wieder herzaubern nur Tr\u00f6sten und Ihnen h\u00f6stens einen Welpen aus Ellis 1 Wurf schenken. Wie nehmen die Leute das auf werden sie mich beschimpfen, verklagen oder mit dem Satz, das h\u00e4tte uns auch passieren k\u00f6nnen!! Wo sie wohl ist wo sie geschlafen hat und sie doch nichts sehen kann keinen Graben keinen Zaun keine Stra\u00dfe???? Aber gut riechen und ein gesundes Temperament mit Ihren 12 Jahren immer voran voran, laufen, laufen wie ein Traber. Als wir das nun so alles besprachen ging das Telefon, die Nachbarin meiner Eltern ist dran , sie stehen in Vaalermoor ganz hinten am Weideland meines Vaters 3Km Luftlinie vom Haus meiner Eltern entfernt am einem gro\u00dfen tiefen Laufgraben und Ihr Mann hat Jenny von der anderen Seite des Grabens geholt hat sie auf dem Arm, sie ist gesund , wir sollen sie holen!!! Mir schlug das Herz vor Freude bis zum Hals nichts wie los ab ins Auto und nach 10 min waren wir im Moor angekommen. Ich habe Jenny gleich \u00fcbergl\u00fccklich in die Arme genommen, sie hat geschnuppert mich erkannt und h\u00f6rte dann auch sofort auf zu Zittern. Jenny war dreckig Stinkig voller Torfkr\u00fcmel sah so ehr braun als blauschimmelig aus.<\/p>\n<p>So aus den Augenwinkel heraus sah ich beim Gespr\u00e4ch mit den Nachbarn meiner Eltern das ein Auto hielt ,aus dem drei M\u00e4nner stiegen die in J\u00e4gerkleidung waren ,sie wollten auf die abendliche Pirsch und h\u00e4tten garantiert als erstes den herumstreunenden Hund abgeschossen!! ! Was hatte Jenny und wir vor Gl\u00fcck das die Nachbarn meiner Eltern zu dem rechten Zeitpunk eine Fahradtur gemacht haben und dabei auch nach Jenny Ausschau hielten. Wir sind mit Jenny schnell nach Hause ,haben habe sie sch\u00f6n gebadet ,sie hat die F\u00fchrsorge so richtig genossen auch Ellis hat Jenny immer wieder \u00fcbers Gesicht geleckt so als wollte sie sagen gut das du wieder da bist., sie hat richtig aufgepasst was wir so mit Jenny machten Oh waren wir Froh das Jenny wieder da ist gesund und munter. Ich habe dann \u00fcberall Bescheid gesagt das wir die Maus wieder haben alle haben sich mit uns gefreut. Jenny muss wohl hinterm Haus meiner Eltern immer gerade aus Richtung westen gelaufen sein ,rechts von Ihr war immer ein sehr Tiefer Moorgraben aus dem sie vielleicht allein nicht wieder raus gekommen w\u00e4hre .das hat sie wohl gesp\u00fcrt so wie sie auch am Landende bei meines Vaters Wiese vor dem gro\u00dfen Graben stehen geblieben ist aus Instinkt eben. Zum Gl\u00fcck waren die 1 \u00bd Tage warmes und Trockenes Wetter. Als Jenny dann 2 Wochen Sp\u00e4ter abgeholt wurde wir gem\u00fctlich beim Kaffe trinken waren habe ich Jennys Frauchen die Annonce hingeschoben, sie las diese und sah mich fragend an .Ja wir haben Jenny vermist und erz\u00e4hlte die ganze Geschichte. Sie war gar nicht so \u00fcberrascht das sie ausgeb\u00fcchst ist ,sie sagte Jenny w\u00fcrde zu Hause auch das Kleinste loch im Zaun Finden und w\u00e4re auch dort schon auf die Stra\u00dfe marschiert sie hatte aber vergessen mir das zu sagen. Annemarie meinte sie h\u00e4tte genauso wie ich gehandelt es h\u00e4tte ihr genauso passieren k\u00f6nnen und sie h\u00e4tte mir keine vorw\u00fcrfe gemacht. Na ja Jenny ist ja auch wohlbehalten wieder da .Jenny ist dann noch 2-mal in Ferien bei uns gewesen ist dann aber an Krebs v gestorben und \u00fcber die Regenbogen Br\u00fccke in den Himmel gelaufen.<\/p>\n","protected":false},"excerpt":{"rendered":"<p>Ich wei\u00df nicht mehr welches Jahr es war aber Ellis hatte noch keine Babys gehabt und es war Fr\u00fchjahr Mai oder Juni. Zu dem Zeitpunkt las ich die D\u00fct und Dat Tiermarkt und stie\u00df auf eine Anzeige die ungef\u00e4hr so lautete, Cockerspaniel sucht Ferienunterkunft mit Familienanschluss und Garten Usw. Die Telefonnummer war hier ganz in &hellip; <a href=\"https:\/\/vonderheideducht.de\/?page_id=303\" class=\"more-link\"><span class=\"screen-reader-text\">Jenny<\/span> weiterlesen <span class=\"meta-nav\">&rarr;<\/span><\/a><\/p>\n","protected":false},"author":1,"featured_media":304,"parent":301,"menu_order":1,"comment_status":"open","ping_status":"closed","template":"","meta":{"ngg_post_thumbnail":0,"jetpack_post_was_ever_published":false,"footnotes":""},"class_list":["post-303","page","type-page","status-publish","has-post-thumbnail","hentry"],"jetpack_sharing_enabled":true,"jetpack_shortlink":"https:\/\/wp.me\/P71my5-4T","jetpack_likes_enabled":true,"_links":{"self":[{"href":"https:\/\/vonderheideducht.de\/index.php?rest_route=\/wp\/v2\/pages\/303","targetHints":{"allow":["GET"]}}],"collection":[{"href":"https:\/\/vonderheideducht.de\/index.php?rest_route=\/wp\/v2\/pages"}],"about":[{"href":"https:\/\/vonderheideducht.de\/index.php?rest_route=\/wp\/v2\/types\/page"}],"author":[{"embeddable":true,"href":"https:\/\/vonderheideducht.de\/index.php?rest_route=\/wp\/v2\/users\/1"}],"replies":[{"embeddable":true,"href":"https:\/\/vonderheideducht.de\/index.php?rest_route=%2Fwp%2Fv2%2Fcomments&post=303"}],"version-history":[{"count":2,"href":"https:\/\/vonderheideducht.de\/index.php?rest_route=\/wp\/v2\/pages\/303\/revisions"}],"predecessor-version":[{"id":308,"href":"https:\/\/vonderheideducht.de\/index.php?rest_route=\/wp\/v2\/pages\/303\/revisions\/308"}],"up":[{"embeddable":true,"href":"https:\/\/vonderheideducht.de\/index.php?rest_route=\/wp\/v2\/pages\/301"}],"wp:featuredmedia":[{"embeddable":true,"href":"https:\/\/vonderheideducht.de\/index.php?rest_route=\/wp\/v2\/media\/304"}],"wp:attachment":[{"href":"https:\/\/vonderheideducht.de\/index.php?rest_route=%2Fwp%2Fv2%2Fmedia&parent=303"}],"curies":[{"name":"wp","href":"https:\/\/api.w.org\/{rel}","templated":true}]}}