{"id":35,"date":"2015-12-07T15:20:42","date_gmt":"2015-12-07T14:20:42","guid":{"rendered":"http:\/\/www.heideducht.de\/test\/blog\/?page_id=35"},"modified":"2015-12-12T14:02:35","modified_gmt":"2015-12-12T13:02:35","slug":"ausstellungen","status":"publish","type":"page","link":"https:\/\/vonderheideducht.de\/?page_id=35","title":{"rendered":"Ausstellungen"},"content":{"rendered":"<p>Hier berichten wir \u00fcber unsere Ausstellungen und hoffentlich nat\u00fcrlich auch \u00fcber die Erfolge auf den Ausstellungen :o)<\/p>\n<p><a href=\"https:\/\/vonderheideducht.de\/test\/blog\/?page_id=84\">Hexes erste Ausstellung in Kassel 06.12.2015<\/a><\/p>\n<p><a href=\"https:\/\/vonderheideducht.de\/test\/blog\/?p=247\">Nena in Berlin 09.07.2011<\/a><\/p>\n<p><a href=\"https:\/\/vonderheideducht.de\/test\/blog\/?p=256\">Dicksche und Nena in Bramsche 28.11.2010<\/a><\/p>\n<p>&nbsp;<\/p>\n<p>&nbsp;<\/p>\n<p>&nbsp;<\/p>\n","protected":false},"excerpt":{"rendered":"<p>Hier berichten wir \u00fcber unsere Ausstellungen und hoffentlich nat\u00fcrlich auch \u00fcber die Erfolge auf den Ausstellungen :o) Hexes erste Ausstellung in Kassel 06.12.2015 Nena in Berlin 09.07.2011 Dicksche und Nena in Bramsche 28.11.2010 &nbsp; &nbsp; &nbsp;<\/p>\n","protected":false},"author":1,"featured_media":0,"parent":0,"menu_order":5,"comment_status":"open","ping_status":"closed","template":"","meta":{"ngg_post_thumbnail":0,"jetpack_post_was_ever_published":false,"footnotes":""},"class_list":["post-35","page","type-page","status-publish","hentry"],"jetpack_sharing_enabled":true,"jetpack_shortlink":"https:\/\/wp.me\/P71my5-z","jetpack_likes_enabled":true,"_links":{"self":[{"href":"https:\/\/vonderheideducht.de\/index.php?rest_route=\/wp\/v2\/pages\/35","targetHints":{"allow":["GET"]}}],"collection":[{"href":"https:\/\/vonderheideducht.de\/index.php?rest_route=\/wp\/v2\/pages"}],"about":[{"href":"https:\/\/vonderheideducht.de\/index.php?rest_route=\/wp\/v2\/types\/page"}],"author":[{"embeddable":true,"href":"https:\/\/vonderheideducht.de\/index.php?rest_route=\/wp\/v2\/users\/1"}],"replies":[{"embeddable":true,"href":"https:\/\/vonderheideducht.de\/index.php?rest_route=%2Fwp%2Fv2%2Fcomments&post=35"}],"version-history":[{"count":3,"href":"https:\/\/vonderheideducht.de\/index.php?rest_route=\/wp\/v2\/pages\/35\/revisions"}],"predecessor-version":[{"id":259,"href":"https:\/\/vonderheideducht.de\/index.php?rest_route=\/wp\/v2\/pages\/35\/revisions\/259"}],"wp:attachment":[{"href":"https:\/\/vonderheideducht.de\/index.php?rest_route=%2Fwp%2Fv2%2Fmedia&parent=35"}],"curies":[{"name":"wp","href":"https:\/\/api.w.org\/{rel}","templated":true}]}}