{"id":84,"date":"2015-12-08T08:02:40","date_gmt":"2015-12-08T07:02:40","guid":{"rendered":"http:\/\/www.heideducht.de\/test\/blog\/?page_id=84"},"modified":"2018-03-18T19:42:49","modified_gmt":"2018-03-18T18:42:49","slug":"hexe-ausstellung-in-kassel-06-12-2015","status":"publish","type":"page","link":"https:\/\/vonderheideducht.de\/?page_id=84","title":{"rendered":"Hexe &#8211; Ausstellung in Kassel 06.12.2015"},"content":{"rendered":"<table>\n<tbody>\n<tr>\n<td>Hexe ist auf ihrer ersten Ausstellung gelaufen!<\/p>\n<p>Nena blieb zuhause bei Oma, und mit Hexe fuhren wir nach Kassel zu ihrer ersten Ausstellung!<br \/>\nDas ging recht turbulent zu, wir kamen erst 15 min vor unserem Laufstart \u00fcberhaupt dort an!!!<br \/>\nIm Turbo-Gang hie\u00df es: Nummer holen, oh Schreck, wir sind gleich dran!! Schnell Hexe gek\u00e4mmt und.. los ging es schon! Da kam Mensch (Ute) ganz sch\u00f6n ins Schwitzen, w\u00e4hrend Hexe alles ganz ruhig mitgemacht hat.<\/p>\n<p><b>Hexe hat ein &#8222;sehr gut&#8220; bekommen! <\/b><\/p>\n<p>Wir sind auch noch eine zweite Runde mitgelaufen, um Platz 3, aber haben die Konkurrenz nicht schlagen k\u00f6nnen. Hexe ist noch unerfahren und wir m\u00fcssen noch ein bisschen mit ihr \u00fcben :o)<\/p>\n<p>Getroffen haben wir dann auch noch Gretjes (Ebba Nenas Tochter Bremerhaven) und aus Darmstadt war Henri mit seiner Familie auch auf der Ausstellung. Alle fanden es interesant, mal alle Rassen anzuschauen&#8230;&#8230;<\/td>\n<\/tr>\n<tr>\n<td>Und ein paar Fotos!<\/p>\n<div class='polaroid-gallery galleryid-84' style='width:340px;'>\n\t\t\t<a href=\"https:\/\/i0.wp.com\/vonderheideducht.de\/wp-content\/uploads\/2015\/12\/kassel01.jpg?fit=474%2C313&ssl=1\" title=\"Aufstellen\" rel=\"polaroid_1310371394\" class=\"polaroid-gallery-item showcaption\"><span class=\"polaroid-gallery-image\" title=\"Aufstellen\" style=\"background-image: url(https:\/\/i0.wp.com\/vonderheideducht.de\/wp-content\/uploads\/2015\/12\/kassel01.jpg?resize=150%2C150&ssl=1); width: 150px; height: 150px;\"><\/span><\/a>\n\t\t\t<a href=\"https:\/\/i0.wp.com\/vonderheideducht.de\/wp-content\/uploads\/2015\/12\/kassel02.jpg?fit=474%2C313&ssl=1\" title=\"nun gehts los\" rel=\"polaroid_1310371394\" class=\"polaroid-gallery-item showcaption\"><span class=\"polaroid-gallery-image\" title=\"nun gehts los\" style=\"background-image: url(https:\/\/i0.wp.com\/vonderheideducht.de\/wp-content\/uploads\/2015\/12\/kassel02.jpg?resize=150%2C150&ssl=1); width: 150px; height: 150px;\"><\/span><\/a>\n\t\t\t<br style=\"clear: both;\" \/>\n\t\t\t<a href=\"https:\/\/i0.wp.com\/vonderheideducht.de\/wp-content\/uploads\/2015\/12\/kassel03.jpg?fit=474%2C313&ssl=1\" title=\"Lauf!\" rel=\"polaroid_1310371394\" class=\"polaroid-gallery-item showcaption\"><span class=\"polaroid-gallery-image\" title=\"Lauf!\" style=\"background-image: url(https:\/\/i0.wp.com\/vonderheideducht.de\/wp-content\/uploads\/2015\/12\/kassel03.jpg?resize=150%2C150&ssl=1); width: 150px; height: 150px;\"><\/span><\/a>\n\t\t\t<a href=\"https:\/\/i0.wp.com\/vonderheideducht.de\/wp-content\/uploads\/2015\/12\/kassel05.jpg?fit=474%2C313&ssl=1\" title=\"kritischer Blick\" rel=\"polaroid_1310371394\" class=\"polaroid-gallery-item showcaption\"><span class=\"polaroid-gallery-image\" title=\"kritischer Blick\" style=\"background-image: url(https:\/\/i0.wp.com\/vonderheideducht.de\/wp-content\/uploads\/2015\/12\/kassel05.jpg?resize=150%2C150&ssl=1); width: 150px; height: 150px;\"><\/span><\/a>\n\t\t\t<br style=\"clear: both;\" \/>\n\t\t\t<a href=\"https:\/\/i0.wp.com\/vonderheideducht.de\/wp-content\/uploads\/2015\/12\/kassel06.jpg?fit=474%2C313&ssl=1\" title=\"kassel06\" rel=\"polaroid_1310371394\" class=\"polaroid-gallery-item showcaption\"><span class=\"polaroid-gallery-image\" title=\"\" style=\"background-image: url(https:\/\/i0.wp.com\/vonderheideducht.de\/wp-content\/uploads\/2015\/12\/kassel06.jpg?resize=150%2C150&ssl=1); width: 150px; height: 150px;\"><\/span><\/a>\n\t\t\t<br style=\"clear: both;\" \/><\/div>\n\n<p>&nbsp;<\/p>\n<p>und es gibt auch noch ein paar Videos!<\/p>\n<div style=\"width: 474px;\" class=\"wp-video\"><video class=\"wp-video-shortcode\" id=\"video-84-1\" width=\"474\" height=\"356\" poster=\"https:\/\/vonderheideducht.de\/test\/blog\/wp-content\/uploads\/2015\/12\/kassel01.jpg\" preload=\"metadata\" controls=\"controls\"><source type=\"video\/mp4\" src=\"https:\/\/vonderheideducht.de\/blog\/wp-content\/uploads\/2018\/03\/kassel11.mp4?_=1\" \/><a href=\"https:\/\/vonderheideducht.de\/blog\/wp-content\/uploads\/2018\/03\/kassel11.mp4\">https:\/\/vonderheideducht.de\/blog\/wp-content\/uploads\/2018\/03\/kassel11.mp4<\/a><\/video><\/div>\n<p><div style=\"width: 474px;\" class=\"wp-video\"><video class=\"wp-video-shortcode\" id=\"video-84-2\" width=\"474\" height=\"356\" preload=\"metadata\" controls=\"controls\"><source type=\"video\/mp4\" src=\"https:\/\/vonderheideducht.de\/blog\/wp-content\/uploads\/2018\/03\/kassel21.mp4?_=2\" \/><a href=\"https:\/\/vonderheideducht.de\/blog\/wp-content\/uploads\/2018\/03\/kassel21.mp4\">https:\/\/vonderheideducht.de\/blog\/wp-content\/uploads\/2018\/03\/kassel21.mp4<\/a><\/video><\/div><\/td>\n<\/tr>\n<\/tbody>\n<\/table>\n","protected":false},"excerpt":{"rendered":"<p>Hexe ist auf ihrer ersten Ausstellung gelaufen! Nena blieb zuhause bei Oma, und mit Hexe fuhren wir nach Kassel zu ihrer ersten Ausstellung! Das ging recht turbulent zu, wir kamen erst 15 min vor unserem Laufstart \u00fcberhaupt dort an!!! Im Turbo-Gang hie\u00df es: Nummer holen, oh Schreck, wir sind gleich dran!! Schnell Hexe gek\u00e4mmt und.. &hellip; <a href=\"https:\/\/vonderheideducht.de\/?page_id=84\" class=\"more-link\"><span class=\"screen-reader-text\">Hexe &#8211; Ausstellung in Kassel 06.12.2015<\/span> weiterlesen <span class=\"meta-nav\">&rarr;<\/span><\/a><\/p>\n","protected":false},"author":1,"featured_media":0,"parent":35,"menu_order":1,"comment_status":"open","ping_status":"closed","template":"","meta":{"ngg_post_thumbnail":0,"jetpack_post_was_ever_published":false,"footnotes":""},"class_list":["post-84","page","type-page","status-publish","hentry"],"jetpack_sharing_enabled":true,"jetpack_shortlink":"https:\/\/wp.me\/P71my5-1m","jetpack_likes_enabled":true,"_links":{"self":[{"href":"https:\/\/vonderheideducht.de\/index.php?rest_route=\/wp\/v2\/pages\/84","targetHints":{"allow":["GET"]}}],"collection":[{"href":"https:\/\/vonderheideducht.de\/index.php?rest_route=\/wp\/v2\/pages"}],"about":[{"href":"https:\/\/vonderheideducht.de\/index.php?rest_route=\/wp\/v2\/types\/page"}],"author":[{"embeddable":true,"href":"https:\/\/vonderheideducht.de\/index.php?rest_route=\/wp\/v2\/users\/1"}],"replies":[{"embeddable":true,"href":"https:\/\/vonderheideducht.de\/index.php?rest_route=%2Fwp%2Fv2%2Fcomments&post=84"}],"version-history":[{"count":4,"href":"https:\/\/vonderheideducht.de\/index.php?rest_route=\/wp\/v2\/pages\/84\/revisions"}],"predecessor-version":[{"id":2690,"href":"https:\/\/vonderheideducht.de\/index.php?rest_route=\/wp\/v2\/pages\/84\/revisions\/2690"}],"up":[{"embeddable":true,"href":"https:\/\/vonderheideducht.de\/index.php?rest_route=\/wp\/v2\/pages\/35"}],"wp:attachment":[{"href":"https:\/\/vonderheideducht.de\/index.php?rest_route=%2Fwp%2Fv2%2Fmedia&parent=84"}],"curies":[{"name":"wp","href":"https:\/\/api.w.org\/{rel}","templated":true}]}}