{"id":969,"date":"2015-12-25T16:03:25","date_gmt":"2015-12-25T15:03:25","guid":{"rendered":"http:\/\/www.heideducht.de\/test\/blog\/?page_id=969"},"modified":"2016-01-02T14:18:42","modified_gmt":"2016-01-02T13:18:42","slug":"b-wurf-von-ellis-27-11-2001","status":"publish","type":"page","link":"https:\/\/vonderheideducht.de\/?page_id=969","title":{"rendered":"C-Wurf von Ellis 02.12.2002"},"content":{"rendered":"<p>H\u00fcndin: unsere Tivoli\u00b4s Ellis CSZB 029\/C97\u00a0 Farbe Schw.-loh<\/p>\n<p>Deckr\u00fcde:\u00a0 Schw. -loh R\u00fcde\u00a0 Maxim v.d. Dollardhoeve NHSB 2137254\u00a0 aus Holland<\/p>\n<p><span style=\"text-decoration: underline;\">C\u00a0 Wurf\u00a0 geboren am 2.12.2002<\/span><\/p>\n<p>1 Baby R\u00fcde : Carlos\u00a0 275g um 3 Uhr 20<\/p>\n<p>2 Baby H\u00fcndin:\u00a0 Cate\u00a0\u00a0\u00a0 275g um 3 Uhr 35<\/p>\n<p>3 Baby\u00a0H\u00fcndin:\u00a0\u00a0Chery 278g um 4 Uhr 05<\/p>\n<p>4 Baby H\u00fcndin:\u00a0 Claire\u00a0270g um 5 Uhr 30<\/p>\n<p>5 Baby H\u00fcndin:\u00a0 Choice 285g um 6 Uhr 10<\/p>\n<p>6 Baby\u00a0R\u00fcde: Claude 275g\u00a0 um 6 Uhr 55<\/p>\n<p>_________________<\/p>\n<p>Das war eine schlimme Erfahrung f\u00fcr uns, die immer noch weh tut&#8230; Mir laufen beim Schreiben noch die Tr\u00e4nen, wenn ich an die 6 properen Babys denke.<\/p>\n<p>_________________<\/p>\n<p>Ellis hatte gleich nach dem Decken Analdr\u00fcsenentz\u00fcndung\u00a0 und wurde mit Kortison und Antibiotika behandelt\u00a0 , weil ich noch zu unerfahren war und nichts von den Gefahren davon wusste. Und ich mu\u00dfte dann nach drei N\u00e4chten Flasche geben 4\u00a0\u00a0\u00a0Babys einschl\u00e4fern, weil sie Gaumenspalten hatten &#8230;\u00a0 Cate\u00a0 und Chery tranken gut bei Mama,\u00a0 aber Cate ist mit 11 Wochen an Zwergfellherm operiert worden und ist leider nach der\u00a0OP verstorben ( Die Haut, die das Ged\u00e4rme von Herz und Lunge und Leber fern h\u00e4lt, hatte ein Loch und alles war\u00a0 von den D\u00e4rmen umwickelt.. )\u00a0 Mit Chery waren wir in Hanover in derUniklinik.\u00a0 Die Haut ums Herz hatte ein Loch und darin steckte ein St\u00fcck von der Leber; Das lie\u00dfen wir im Alter von 1 Jahr operieren &#8230; dann war sie Gesund und h\u00e4tte alt werden k\u00f6nnen. Wenn.. ja, wenn sie nicht im Alter von 1 \/ 1\/2 Jahren vor einen Laster gelaufen w\u00e4re.\u00a0 Ihre Familie war ersch\u00fcttert (sie hatte immer so gut gehorcht) Ich habe Cate und Chery bei uns zu den anderen\u00a0 4 Babys beerdigt.Nun sind sie wieder alle vereint.<\/p>\n<p>&nbsp;<\/p>\n<p><img loading=\"lazy\" decoding=\"async\" class=\"alignnone size-medium wp-image-1020\" src=\"https:\/\/i0.wp.com\/vonderheideducht.de\/blog\/wp-content\/uploads\/2015\/12\/cwurf-300x198.jpg?resize=300%2C198&#038;ssl=1\" alt=\"Cherry\" width=\"300\" height=\"198\" srcset=\"https:\/\/i0.wp.com\/vonderheideducht.de\/wp-content\/uploads\/2015\/12\/cwurf.jpg?resize=300%2C198&amp;ssl=1 300w, https:\/\/i0.wp.com\/vonderheideducht.de\/wp-content\/uploads\/2015\/12\/cwurf.jpg?w=500&amp;ssl=1 500w\" sizes=\"auto, (max-width: 300px) 100vw, 300px\" data-recalc-dims=\"1\" \/><\/p>\n<p><img loading=\"lazy\" decoding=\"async\" class=\"alignnone  wp-image-1591\" src=\"https:\/\/i0.wp.com\/vonderheideducht.de\/blog\/wp-content\/uploads\/2015\/12\/chery2.jpg?resize=379%2C250&#038;ssl=1\" alt=\"Chery\" width=\"379\" height=\"250\" srcset=\"https:\/\/i0.wp.com\/vonderheideducht.de\/wp-content\/uploads\/2015\/12\/chery2.jpg?w=500&amp;ssl=1 500w, https:\/\/i0.wp.com\/vonderheideducht.de\/wp-content\/uploads\/2015\/12\/chery2.jpg?resize=300%2C198&amp;ssl=1 300w\" sizes=\"auto, (max-width: 379px) 100vw, 379px\" data-recalc-dims=\"1\" \/><\/p>\n<figure id=\"attachment_1019\" aria-describedby=\"caption-attachment-1019\" style=\"width: 300px\" class=\"wp-caption alignnone\"><img loading=\"lazy\" decoding=\"async\" class=\"size-medium wp-image-1019\" src=\"https:\/\/i0.wp.com\/vonderheideducht.de\/blog\/wp-content\/uploads\/2015\/12\/chery-300x198.jpg?resize=300%2C198&#038;ssl=1\" alt=\"Cherry\" width=\"300\" height=\"198\" srcset=\"https:\/\/i0.wp.com\/vonderheideducht.de\/wp-content\/uploads\/2015\/12\/chery.jpg?resize=300%2C198&amp;ssl=1 300w, https:\/\/i0.wp.com\/vonderheideducht.de\/wp-content\/uploads\/2015\/12\/chery.jpg?w=500&amp;ssl=1 500w\" sizes=\"auto, (max-width: 300px) 100vw, 300px\" data-recalc-dims=\"1\" \/><figcaption id=\"caption-attachment-1019\" class=\"wp-caption-text\">Cherry<\/figcaption><\/figure>\n","protected":false},"excerpt":{"rendered":"<p>H\u00fcndin: unsere Tivoli\u00b4s Ellis CSZB 029\/C97\u00a0 Farbe Schw.-loh Deckr\u00fcde:\u00a0 Schw. -loh R\u00fcde\u00a0 Maxim v.d. Dollardhoeve NHSB 2137254\u00a0 aus Holland C\u00a0 Wurf\u00a0 geboren am 2.12.2002 1 Baby R\u00fcde : Carlos\u00a0 275g um 3 Uhr 20 2 Baby H\u00fcndin:\u00a0 Cate\u00a0\u00a0\u00a0 275g um 3 Uhr 35 3 Baby\u00a0H\u00fcndin:\u00a0\u00a0Chery 278g um 4 Uhr 05 4 Baby H\u00fcndin:\u00a0 Claire\u00a0270g um &hellip; <a href=\"https:\/\/vonderheideducht.de\/?page_id=969\" class=\"more-link\"><span class=\"screen-reader-text\">C-Wurf von Ellis 02.12.2002<\/span> weiterlesen <span class=\"meta-nav\">&rarr;<\/span><\/a><\/p>\n","protected":false},"author":1,"featured_media":0,"parent":30,"menu_order":0,"comment_status":"open","ping_status":"closed","template":"","meta":{"ngg_post_thumbnail":0,"jetpack_post_was_ever_published":false,"footnotes":""},"class_list":["post-969","page","type-page","status-publish","hentry"],"jetpack_sharing_enabled":true,"jetpack_shortlink":"https:\/\/wp.me\/P71my5-fD","jetpack_likes_enabled":true,"_links":{"self":[{"href":"https:\/\/vonderheideducht.de\/index.php?rest_route=\/wp\/v2\/pages\/969","targetHints":{"allow":["GET"]}}],"collection":[{"href":"https:\/\/vonderheideducht.de\/index.php?rest_route=\/wp\/v2\/pages"}],"about":[{"href":"https:\/\/vonderheideducht.de\/index.php?rest_route=\/wp\/v2\/types\/page"}],"author":[{"embeddable":true,"href":"https:\/\/vonderheideducht.de\/index.php?rest_route=\/wp\/v2\/users\/1"}],"replies":[{"embeddable":true,"href":"https:\/\/vonderheideducht.de\/index.php?rest_route=%2Fwp%2Fv2%2Fcomments&post=969"}],"version-history":[{"count":6,"href":"https:\/\/vonderheideducht.de\/index.php?rest_route=\/wp\/v2\/pages\/969\/revisions"}],"predecessor-version":[{"id":1592,"href":"https:\/\/vonderheideducht.de\/index.php?rest_route=\/wp\/v2\/pages\/969\/revisions\/1592"}],"up":[{"embeddable":true,"href":"https:\/\/vonderheideducht.de\/index.php?rest_route=\/wp\/v2\/pages\/30"}],"wp:attachment":[{"href":"https:\/\/vonderheideducht.de\/index.php?rest_route=%2Fwp%2Fv2%2Fmedia&parent=969"}],"curies":[{"name":"wp","href":"https:\/\/api.w.org\/{rel}","templated":true}]}}