{"id":976,"date":"2015-12-25T16:06:18","date_gmt":"2015-12-25T15:06:18","guid":{"rendered":"http:\/\/www.heideducht.de\/test\/blog\/?page_id=976"},"modified":"2021-08-14T19:40:12","modified_gmt":"2021-08-14T17:40:12","slug":"e-wurf-von-dicksche-17-03-2006","status":"publish","type":"page","link":"https:\/\/vonderheideducht.de\/?page_id=976","title":{"rendered":"E-Wurf von Dicksche 17.03.2006"},"content":{"rendered":"<p>H\u00fcndin: unsere <strong>Dicksche<\/strong> von der Heideducht&nbsp;&nbsp; Farbe Schwarz<\/p>\n<p>Deckr\u00fcde&nbsp; Birchen Belschirash NHSB 2389430&nbsp; Rot<\/p>\n<p><span style=\"text-decoration: underline;\">Geboren am 17.3.2006<\/span><\/p>\n<p><strong>1 Baby&nbsp; R\u00fcde: Elvis<\/strong> &#8211; Schw.-loh- 300g &#8211; 4 Uhr 30&nbsp; \/\/ &nbsp;&nbsp;&nbsp;&nbsp;&nbsp;&nbsp;&nbsp;&nbsp;&nbsp; verstorben&nbsp;&nbsp;&nbsp; &#8211; &nbsp;&nbsp;&nbsp;&nbsp; &nbsp; gesund bis Herbst 2013 Bronchitis Lungenendz\u00fcndung<\/p>\n<p><strong>2 Baby H\u00fcndin: Eschra<\/strong> &#8211;&nbsp; Schwarz &#8211; 300g&nbsp; -um 4 Uhr 50&nbsp;&nbsp; \/\/ &nbsp;&nbsp; nach ein paar Jahren keinen Kontakt mehr \/\/ leider im M\u00e4rz 2018 mit fast 12 Jahren gestorben<\/p>\n<p><strong>3 Baby&nbsp; R\u00fcde: Eiko<\/strong> &#8211; Schwarz &#8211; 240g&nbsp; -7 Uhr 03 \/\/ verstorben<\/p>\n<p>Unser S\u00fc\u00dfi lebte in Schleswig, ganz&nbsp; gesund nach Annaplasmose mit Hom\u00f6opathie und Bioresonanzbehandlung. Leider am 02.01.2017 mit 10,5 Jahren ganz pl\u00f6tzlich gestorben; Eiko ist w\u00e4hrend seines Spazierganges bei bester Laune mitten im Laufen einfach umgefallen und \u00fcber die Regenbogenbr\u00fccke gelaufen<\/p>\n<p>Eiko:<\/p>\n<p><img loading=\"lazy\" decoding=\"async\" class=\"alignnone size-full wp-image-1886\" src=\"https:\/\/i0.wp.com\/vonderheideducht.de\/blog\/wp-content\/uploads\/2015\/12\/eiko-01.jpg?resize=474%2C313&#038;ssl=1\" alt=\"eiko-01\" width=\"474\" height=\"313\" srcset=\"https:\/\/i0.wp.com\/vonderheideducht.de\/wp-content\/uploads\/2015\/12\/eiko-01.jpg?w=500&amp;ssl=1 500w, https:\/\/i0.wp.com\/vonderheideducht.de\/wp-content\/uploads\/2015\/12\/eiko-01.jpg?resize=300%2C198&amp;ssl=1 300w\" sizes=\"auto, (max-width: 474px) 100vw, 474px\" data-recalc-dims=\"1\" \/><\/p>\n<p>&nbsp;<\/p>\n<p><strong>4 Baby H\u00fcndin:&nbsp; Emma<\/strong>&nbsp; &#8211; Schwarz- 315g -um 8 Uhr 06 \/\/ &nbsp; lebt gesund in Pinneberg mit Schwester En- Joy, hatte auch schon Mamatumore &#8211; verstorben mit 14 Jahren am 18.12.2020 an Krebs<\/p>\n<p><strong>5 Baby H\u00fcndin: En-Joy<\/strong> &#8211; Schwarz &#8211;&nbsp; 250g um 8 Uhr 50\/\/ &nbsp;&nbsp; verstorben mit 14,5 Jahren am 23.05.2021, an Krebs<\/p>\n<p><strong>6 Babys H\u00fcndin: Elisa Doolitles<\/strong> &#8211; Rot &#8211; 300g um 10 Uhr 47&nbsp;&nbsp;&nbsp; \/\/ leider2013 an Geb\u00e4rmutterendz\u00fcndung&nbsp; wegen Tumor bei OP verstorben<\/p>\n<p><strong>7 Baby&nbsp; R\u00fcde: Einstein<\/strong>&#8211; 200g &#8211; Schwarz um 11 Uhr 15 \/\/&nbsp; hatte ein gesundes Fr\u00f6hliches Leben, bis er einen Tumor am Herzen bekam&nbsp; und nicht mehr Op bekam, er ist 10.2015 verstorben<\/p>\n<p>&nbsp;<\/p>\n<div class='polaroid-gallery galleryid-976' style='width:340px;'>\n\t\t\t<a href=\"https:\/\/i0.wp.com\/vonderheideducht.de\/wp-content\/uploads\/2015\/12\/002-2.jpg?fit=474%2C313&ssl=1\" title=\"E-Wurf\" rel=\"polaroid_1619560174\" class=\"polaroid-gallery-item showcaption\"><span class=\"polaroid-gallery-image\" title=\"\" style=\"background-image: url(https:\/\/i0.wp.com\/vonderheideducht.de\/wp-content\/uploads\/2015\/12\/002-2.jpg?resize=150%2C150&ssl=1); width: 150px; height: 150px;\"><\/span><\/a>\n\t\t\t<a href=\"https:\/\/i0.wp.com\/vonderheideducht.de\/wp-content\/uploads\/2015\/12\/emma_geboren.jpg?fit=474%2C313&ssl=1\" title=\"E-Wurf\" rel=\"polaroid_1619560174\" class=\"polaroid-gallery-item showcaption\"><span class=\"polaroid-gallery-image\" title=\"\" style=\"background-image: url(https:\/\/i0.wp.com\/vonderheideducht.de\/wp-content\/uploads\/2015\/12\/emma_geboren.jpg?resize=150%2C150&ssl=1); width: 150px; height: 150px;\"><\/span><\/a>\n\t\t\t<br style=\"clear: both;\" \/>\n\t\t\t<a href=\"https:\/\/i0.wp.com\/vonderheideducht.de\/wp-content\/uploads\/2015\/12\/elisa_geboren.jpg?fit=474%2C313&ssl=1\" title=\"E-Wurf\" rel=\"polaroid_1619560174\" class=\"polaroid-gallery-item showcaption\"><span class=\"polaroid-gallery-image\" title=\"\" style=\"background-image: url(https:\/\/i0.wp.com\/vonderheideducht.de\/wp-content\/uploads\/2015\/12\/elisa_geboren.jpg?resize=150%2C150&ssl=1); width: 150px; height: 150px;\"><\/span><\/a>\n\t\t\t<a href=\"https:\/\/i0.wp.com\/vonderheideducht.de\/wp-content\/uploads\/2015\/12\/065_elliseikolachen.jpg?fit=474%2C313&ssl=1\" title=\"E-Wurf\" rel=\"polaroid_1619560174\" class=\"polaroid-gallery-item showcaption\"><span class=\"polaroid-gallery-image\" title=\"\" style=\"background-image: url(https:\/\/i0.wp.com\/vonderheideducht.de\/wp-content\/uploads\/2015\/12\/065_elliseikolachen.jpg?resize=150%2C150&ssl=1); width: 150px; height: 150px;\"><\/span><\/a>\n\t\t\t<br style=\"clear: both;\" \/>\n\t\t\t<a href=\"https:\/\/i0.wp.com\/vonderheideducht.de\/wp-content\/uploads\/2015\/12\/063_elviseiko.jpg?fit=474%2C313&ssl=1\" title=\"E-Wurf\" rel=\"polaroid_1619560174\" class=\"polaroid-gallery-item showcaption\"><span class=\"polaroid-gallery-image\" title=\"\" style=\"background-image: url(https:\/\/i0.wp.com\/vonderheideducht.de\/wp-content\/uploads\/2015\/12\/063_elviseiko.jpg?resize=150%2C150&ssl=1); width: 150px; height: 150px;\"><\/span><\/a>\n\t\t\t<a href=\"https:\/\/i0.wp.com\/vonderheideducht.de\/wp-content\/uploads\/2015\/12\/005-1.jpg?fit=474%2C313&ssl=1\" title=\"E-Wurf\" rel=\"polaroid_1619560174\" class=\"polaroid-gallery-item showcaption\"><span class=\"polaroid-gallery-image\" title=\"\" style=\"background-image: url(https:\/\/i0.wp.com\/vonderheideducht.de\/wp-content\/uploads\/2015\/12\/005-1.jpg?resize=150%2C150&ssl=1); width: 150px; height: 150px;\"><\/span><\/a>\n\t\t\t<br style=\"clear: both;\" \/>\n\t\t\t<a href=\"https:\/\/i0.wp.com\/vonderheideducht.de\/wp-content\/uploads\/2015\/12\/elvis.jpg?fit=474%2C313&ssl=1\" title=\"E-Wurf\" rel=\"polaroid_1619560174\" class=\"polaroid-gallery-item showcaption\"><span class=\"polaroid-gallery-image\" title=\"\" style=\"background-image: url(https:\/\/i0.wp.com\/vonderheideducht.de\/wp-content\/uploads\/2015\/12\/elvis.jpg?resize=150%2C150&ssl=1); width: 150px; height: 150px;\"><\/span><\/a>\n\t\t\t<a href=\"https:\/\/i0.wp.com\/vonderheideducht.de\/wp-content\/uploads\/2015\/12\/dicksche_miteiko.jpg?fit=474%2C313&ssl=1\" title=\"E-Wurf\" rel=\"polaroid_1619560174\" class=\"polaroid-gallery-item showcaption\"><span class=\"polaroid-gallery-image\" title=\"\" style=\"background-image: url(https:\/\/i0.wp.com\/vonderheideducht.de\/wp-content\/uploads\/2015\/12\/dicksche_miteiko.jpg?resize=150%2C150&ssl=1); width: 150px; height: 150px;\"><\/span><\/a>\n\t\t\t<br style=\"clear: both;\" \/>\n\t\t\t<a href=\"https:\/\/i0.wp.com\/vonderheideducht.de\/wp-content\/uploads\/2015\/12\/064_elviseiko2.jpg?fit=474%2C313&ssl=1\" title=\"E-Wurf\" rel=\"polaroid_1619560174\" class=\"polaroid-gallery-item showcaption\"><span class=\"polaroid-gallery-image\" title=\"\" style=\"background-image: url(https:\/\/i0.wp.com\/vonderheideducht.de\/wp-content\/uploads\/2015\/12\/064_elviseiko2.jpg?resize=150%2C150&ssl=1); width: 150px; height: 150px;\"><\/span><\/a>\n\t\t\t<a href=\"https:\/\/i0.wp.com\/vonderheideducht.de\/wp-content\/uploads\/2015\/12\/060.jpg?fit=474%2C313&ssl=1\" title=\"E-Wurf\" rel=\"polaroid_1619560174\" class=\"polaroid-gallery-item showcaption\"><span class=\"polaroid-gallery-image\" title=\"\" style=\"background-image: url(https:\/\/i0.wp.com\/vonderheideducht.de\/wp-content\/uploads\/2015\/12\/060.jpg?resize=150%2C150&ssl=1); width: 150px; height: 150px;\"><\/span><\/a>\n\t\t\t<br style=\"clear: both;\" \/>\n\t\t\t<a href=\"https:\/\/i0.wp.com\/vonderheideducht.de\/wp-content\/uploads\/2015\/12\/059.jpg?fit=474%2C313&ssl=1\" title=\"E-Wurf\" rel=\"polaroid_1619560174\" class=\"polaroid-gallery-item showcaption\"><span class=\"polaroid-gallery-image\" title=\"\" style=\"background-image: url(https:\/\/i0.wp.com\/vonderheideducht.de\/wp-content\/uploads\/2015\/12\/059.jpg?resize=150%2C150&ssl=1); width: 150px; height: 150px;\"><\/span><\/a>\n\t\t\t<a href=\"https:\/\/i0.wp.com\/vonderheideducht.de\/wp-content\/uploads\/2015\/12\/053.jpg?fit=474%2C313&ssl=1\" title=\"E-Wurf\" rel=\"polaroid_1619560174\" class=\"polaroid-gallery-item showcaption\"><span class=\"polaroid-gallery-image\" title=\"\" style=\"background-image: url(https:\/\/i0.wp.com\/vonderheideducht.de\/wp-content\/uploads\/2015\/12\/053.jpg?resize=150%2C150&ssl=1); width: 150px; height: 150px;\"><\/span><\/a>\n\t\t\t<br style=\"clear: both;\" \/>\n\t\t\t<a href=\"https:\/\/i0.wp.com\/vonderheideducht.de\/wp-content\/uploads\/2015\/12\/052.jpg?fit=474%2C313&ssl=1\" title=\"E-Wurf\" rel=\"polaroid_1619560174\" class=\"polaroid-gallery-item showcaption\"><span class=\"polaroid-gallery-image\" title=\"\" style=\"background-image: url(https:\/\/i0.wp.com\/vonderheideducht.de\/wp-content\/uploads\/2015\/12\/052.jpg?resize=150%2C150&ssl=1); width: 150px; height: 150px;\"><\/span><\/a>\n\t\t\t<a href=\"https:\/\/i0.wp.com\/vonderheideducht.de\/wp-content\/uploads\/2015\/12\/004-1.jpg?fit=474%2C313&ssl=1\" title=\"E-Wurf\" rel=\"polaroid_1619560174\" class=\"polaroid-gallery-item showcaption\"><span class=\"polaroid-gallery-image\" title=\"\" style=\"background-image: url(https:\/\/i0.wp.com\/vonderheideducht.de\/wp-content\/uploads\/2015\/12\/004-1.jpg?resize=150%2C150&ssl=1); width: 150px; height: 150px;\"><\/span><\/a>\n\t\t\t<br style=\"clear: both;\" \/>\n\t\t\t<a href=\"https:\/\/i0.wp.com\/vonderheideducht.de\/wp-content\/uploads\/2015\/12\/003-2.jpg?fit=474%2C313&ssl=1\" title=\"E-Wurf\" rel=\"polaroid_1619560174\" class=\"polaroid-gallery-item showcaption\"><span class=\"polaroid-gallery-image\" title=\"\" style=\"background-image: url(https:\/\/i0.wp.com\/vonderheideducht.de\/wp-content\/uploads\/2015\/12\/003-2.jpg?resize=150%2C150&ssl=1); width: 150px; height: 150px;\"><\/span><\/a>\n\t\t\t<a href=\"https:\/\/i0.wp.com\/vonderheideducht.de\/wp-content\/uploads\/2015\/12\/001_z.jpg?fit=474%2C313&ssl=1\" title=\"E-Wurf\" rel=\"polaroid_1619560174\" class=\"polaroid-gallery-item showcaption\"><span class=\"polaroid-gallery-image\" title=\"\" style=\"background-image: url(https:\/\/i0.wp.com\/vonderheideducht.de\/wp-content\/uploads\/2015\/12\/001_z.jpg?resize=150%2C150&ssl=1); width: 150px; height: 150px;\"><\/span><\/a>\n\t\t\t<br style=\"clear: both;\" \/>\n\t\t\t<a href=\"https:\/\/i0.wp.com\/vonderheideducht.de\/wp-content\/uploads\/2015\/12\/001_dievier001.jpg?fit=474%2C313&ssl=1\" title=\"E-Wurf\" rel=\"polaroid_1619560174\" class=\"polaroid-gallery-item showcaption\"><span class=\"polaroid-gallery-image\" title=\"\" style=\"background-image: url(https:\/\/i0.wp.com\/vonderheideducht.de\/wp-content\/uploads\/2015\/12\/001_dievier001.jpg?resize=150%2C150&ssl=1); width: 150px; height: 150px;\"><\/span><\/a>\n\t\t\t<a href=\"https:\/\/i0.wp.com\/vonderheideducht.de\/wp-content\/uploads\/2015\/12\/010-1.jpg?fit=474%2C313&ssl=1\" title=\"E-Wurf\" rel=\"polaroid_1619560174\" class=\"polaroid-gallery-item showcaption\"><span class=\"polaroid-gallery-image\" title=\"\" style=\"background-image: url(https:\/\/i0.wp.com\/vonderheideducht.de\/wp-content\/uploads\/2015\/12\/010-1.jpg?resize=150%2C150&ssl=1); width: 150px; height: 150px;\"><\/span><\/a>\n\t\t\t<br style=\"clear: both;\" \/>\n\t\t\t<a href=\"https:\/\/i0.wp.com\/vonderheideducht.de\/wp-content\/uploads\/2015\/12\/009-1.jpg?fit=474%2C313&ssl=1\" title=\"E-Wurf\" rel=\"polaroid_1619560174\" class=\"polaroid-gallery-item showcaption\"><span class=\"polaroid-gallery-image\" title=\"\" style=\"background-image: url(https:\/\/i0.wp.com\/vonderheideducht.de\/wp-content\/uploads\/2015\/12\/009-1.jpg?resize=150%2C150&ssl=1); width: 150px; height: 150px;\"><\/span><\/a>\n\t\t\t<a href=\"https:\/\/i0.wp.com\/vonderheideducht.de\/wp-content\/uploads\/2015\/12\/012.jpg?fit=474%2C313&ssl=1\" title=\"E-Wurf\" rel=\"polaroid_1619560174\" class=\"polaroid-gallery-item showcaption\"><span class=\"polaroid-gallery-image\" title=\"\" style=\"background-image: url(https:\/\/i0.wp.com\/vonderheideducht.de\/wp-content\/uploads\/2015\/12\/012.jpg?resize=150%2C150&ssl=1); width: 150px; height: 150px;\"><\/span><\/a>\n\t\t\t<br style=\"clear: both;\" \/>\n\t\t\t<a href=\"https:\/\/i0.wp.com\/vonderheideducht.de\/wp-content\/uploads\/2015\/12\/015.jpg?fit=474%2C313&ssl=1\" title=\"E-Wurf\" rel=\"polaroid_1619560174\" class=\"polaroid-gallery-item showcaption\"><span class=\"polaroid-gallery-image\" title=\"\" style=\"background-image: url(https:\/\/i0.wp.com\/vonderheideducht.de\/wp-content\/uploads\/2015\/12\/015.jpg?resize=150%2C150&ssl=1); width: 150px; height: 150px;\"><\/span><\/a>\n\t\t\t<a href=\"https:\/\/i0.wp.com\/vonderheideducht.de\/wp-content\/uploads\/2015\/12\/011-1.jpg?fit=474%2C313&ssl=1\" title=\"E-Wurf\" rel=\"polaroid_1619560174\" class=\"polaroid-gallery-item showcaption\"><span class=\"polaroid-gallery-image\" title=\"\" style=\"background-image: url(https:\/\/i0.wp.com\/vonderheideducht.de\/wp-content\/uploads\/2015\/12\/011-1.jpg?resize=150%2C150&ssl=1); width: 150px; height: 150px;\"><\/span><\/a>\n\t\t\t<br style=\"clear: both;\" \/>\n\t\t\t<a href=\"https:\/\/i0.wp.com\/vonderheideducht.de\/wp-content\/uploads\/2015\/12\/014.jpg?fit=474%2C313&ssl=1\" title=\"E-Wurf\" rel=\"polaroid_1619560174\" class=\"polaroid-gallery-item showcaption\"><span class=\"polaroid-gallery-image\" title=\"\" style=\"background-image: url(https:\/\/i0.wp.com\/vonderheideducht.de\/wp-content\/uploads\/2015\/12\/014.jpg?resize=150%2C150&ssl=1); width: 150px; height: 150px;\"><\/span><\/a>\n\t\t\t<a href=\"https:\/\/i0.wp.com\/vonderheideducht.de\/wp-content\/uploads\/2015\/12\/013.jpg?fit=474%2C313&ssl=1\" title=\"E-Wurf\" rel=\"polaroid_1619560174\" class=\"polaroid-gallery-item showcaption\"><span class=\"polaroid-gallery-image\" title=\"\" style=\"background-image: url(https:\/\/i0.wp.com\/vonderheideducht.de\/wp-content\/uploads\/2015\/12\/013.jpg?resize=150%2C150&ssl=1); width: 150px; height: 150px;\"><\/span><\/a>\n\t\t\t<br style=\"clear: both;\" \/>\n\t\t\t<a href=\"https:\/\/i0.wp.com\/vonderheideducht.de\/wp-content\/uploads\/2015\/12\/054.jpg?fit=474%2C313&ssl=1\" title=\"E-Wurf\" rel=\"polaroid_1619560174\" class=\"polaroid-gallery-item showcaption\"><span class=\"polaroid-gallery-image\" title=\"\" style=\"background-image: url(https:\/\/i0.wp.com\/vonderheideducht.de\/wp-content\/uploads\/2015\/12\/054.jpg?resize=150%2C150&ssl=1); width: 150px; height: 150px;\"><\/span><\/a>\n\t\t\t<a href=\"https:\/\/i0.wp.com\/vonderheideducht.de\/wp-content\/uploads\/2015\/12\/eiko3.jpg?fit=474%2C313&ssl=1\" title=\"E-Wurf\" rel=\"polaroid_1619560174\" class=\"polaroid-gallery-item showcaption\"><span class=\"polaroid-gallery-image\" title=\"\" style=\"background-image: url(https:\/\/i0.wp.com\/vonderheideducht.de\/wp-content\/uploads\/2015\/12\/eiko3.jpg?resize=150%2C150&ssl=1); width: 150px; height: 150px;\"><\/span><\/a>\n\t\t\t<br style=\"clear: both;\" \/>\n\t\t\t<a href=\"https:\/\/i0.wp.com\/vonderheideducht.de\/wp-content\/uploads\/2015\/12\/elvis4.jpg?fit=474%2C313&ssl=1\" title=\"E-Wurf\" rel=\"polaroid_1619560174\" class=\"polaroid-gallery-item showcaption\"><span class=\"polaroid-gallery-image\" title=\"\" style=\"background-image: url(https:\/\/i0.wp.com\/vonderheideducht.de\/wp-content\/uploads\/2015\/12\/elvis4.jpg?resize=150%2C150&ssl=1); width: 150px; height: 150px;\"><\/span><\/a>\n\t\t\t<a href=\"https:\/\/i0.wp.com\/vonderheideducht.de\/wp-content\/uploads\/2015\/12\/elvis3.jpg?fit=474%2C313&ssl=1\" title=\"E-Wurf\" rel=\"polaroid_1619560174\" class=\"polaroid-gallery-item showcaption\"><span class=\"polaroid-gallery-image\" title=\"\" style=\"background-image: url(https:\/\/i0.wp.com\/vonderheideducht.de\/wp-content\/uploads\/2015\/12\/elvis3.jpg?resize=150%2C150&ssl=1); width: 150px; height: 150px;\"><\/span><\/a>\n\t\t\t<br style=\"clear: both;\" \/>\n\t\t\t<a href=\"https:\/\/i0.wp.com\/vonderheideducht.de\/wp-content\/uploads\/2015\/12\/elvis2.jpg?fit=474%2C313&ssl=1\" title=\"E-Wurf\" rel=\"polaroid_1619560174\" class=\"polaroid-gallery-item showcaption\"><span class=\"polaroid-gallery-image\" title=\"\" style=\"background-image: url(https:\/\/i0.wp.com\/vonderheideducht.de\/wp-content\/uploads\/2015\/12\/elvis2.jpg?resize=150%2C150&ssl=1); width: 150px; height: 150px;\"><\/span><\/a>\n\t\t\t<a href=\"https:\/\/i0.wp.com\/vonderheideducht.de\/wp-content\/uploads\/2015\/12\/eiko2.jpg?fit=474%2C313&ssl=1\" title=\"E-Wurf\" rel=\"polaroid_1619560174\" class=\"polaroid-gallery-item showcaption\"><span class=\"polaroid-gallery-image\" title=\"\" style=\"background-image: url(https:\/\/i0.wp.com\/vonderheideducht.de\/wp-content\/uploads\/2015\/12\/eiko2.jpg?resize=150%2C150&ssl=1); width: 150px; height: 150px;\"><\/span><\/a>\n\t\t\t<br style=\"clear: both;\" \/>\n\t\t\t<a href=\"https:\/\/i0.wp.com\/vonderheideducht.de\/wp-content\/uploads\/2015\/12\/eiko.jpg?fit=474%2C313&ssl=1\" title=\"E-Wurf\" rel=\"polaroid_1619560174\" class=\"polaroid-gallery-item showcaption\"><span class=\"polaroid-gallery-image\" title=\"\" style=\"background-image: url(https:\/\/i0.wp.com\/vonderheideducht.de\/wp-content\/uploads\/2015\/12\/eiko.jpg?resize=150%2C150&ssl=1); width: 150px; height: 150px;\"><\/span><\/a>\n\t\t\t<a href=\"https:\/\/i0.wp.com\/vonderheideducht.de\/wp-content\/uploads\/2015\/12\/001_dievier002.jpg?fit=474%2C313&ssl=1\" title=\"E-Wurf\" rel=\"polaroid_1619560174\" class=\"polaroid-gallery-item showcaption\"><span class=\"polaroid-gallery-image\" title=\"\" style=\"background-image: url(https:\/\/i0.wp.com\/vonderheideducht.de\/wp-content\/uploads\/2015\/12\/001_dievier002.jpg?resize=150%2C150&ssl=1); width: 150px; height: 150px;\"><\/span><\/a>\n\t\t\t<br style=\"clear: both;\" \/>\n\t\t\t<a href=\"https:\/\/i0.wp.com\/vonderheideducht.de\/wp-content\/uploads\/2015\/12\/elisa-schwimmt.jpg?fit=474%2C313&ssl=1\" title=\"E-Wurf\" rel=\"polaroid_1619560174\" class=\"polaroid-gallery-item showcaption\"><span class=\"polaroid-gallery-image\" title=\"\" style=\"background-image: url(https:\/\/i0.wp.com\/vonderheideducht.de\/wp-content\/uploads\/2015\/12\/elisa-schwimmt.jpg?resize=150%2C150&ssl=1); width: 150px; height: 150px;\"><\/span><\/a>\n\t\t\t<a href=\"https:\/\/i0.wp.com\/vonderheideducht.de\/wp-content\/uploads\/2015\/12\/elisa2.jpg?fit=474%2C313&ssl=1\" title=\"E-Wurf\" rel=\"polaroid_1619560174\" class=\"polaroid-gallery-item showcaption\"><span class=\"polaroid-gallery-image\" title=\"\" style=\"background-image: url(https:\/\/i0.wp.com\/vonderheideducht.de\/wp-content\/uploads\/2015\/12\/elisa2.jpg?resize=150%2C150&ssl=1); width: 150px; height: 150px;\"><\/span><\/a>\n\t\t\t<br style=\"clear: both;\" \/>\n\t\t\t<a href=\"https:\/\/i0.wp.com\/vonderheideducht.de\/wp-content\/uploads\/2015\/12\/enjoy.jpg?fit=474%2C313&ssl=1\" title=\"E-Wurf\" rel=\"polaroid_1619560174\" class=\"polaroid-gallery-item showcaption\"><span class=\"polaroid-gallery-image\" title=\"\" style=\"background-image: url(https:\/\/i0.wp.com\/vonderheideducht.de\/wp-content\/uploads\/2015\/12\/enjoy.jpg?resize=150%2C150&ssl=1); width: 150px; height: 150px;\"><\/span><\/a>\n\t\t\t<a href=\"https:\/\/i0.wp.com\/vonderheideducht.de\/wp-content\/uploads\/2015\/12\/emma.jpg?fit=474%2C313&ssl=1\" title=\"E-Wurf\" rel=\"polaroid_1619560174\" class=\"polaroid-gallery-item showcaption\"><span class=\"polaroid-gallery-image\" title=\"\" style=\"background-image: url(https:\/\/i0.wp.com\/vonderheideducht.de\/wp-content\/uploads\/2015\/12\/emma.jpg?resize=150%2C150&ssl=1); width: 150px; height: 150px;\"><\/span><\/a>\n\t\t\t<br style=\"clear: both;\" \/>\n\t\t\t<a href=\"https:\/\/i0.wp.com\/vonderheideducht.de\/wp-content\/uploads\/2015\/12\/enjoy5.jpg?fit=333%2C500&ssl=1\" title=\"Enjoy\" rel=\"polaroid_1619560174\" class=\"polaroid-gallery-item showcaption\"><span class=\"polaroid-gallery-image\" title=\"\" style=\"background-image: url(https:\/\/i0.wp.com\/vonderheideducht.de\/wp-content\/uploads\/2015\/12\/enjoy5.jpg?resize=150%2C150&ssl=1); width: 150px; height: 150px;\"><\/span><\/a>\n\t\t\t<a href=\"https:\/\/i0.wp.com\/vonderheideducht.de\/wp-content\/uploads\/2015\/12\/enjoy4.jpg?fit=474%2C313&ssl=1\" title=\"Enjoy\" rel=\"polaroid_1619560174\" class=\"polaroid-gallery-item showcaption\"><span class=\"polaroid-gallery-image\" title=\"\" style=\"background-image: url(https:\/\/i0.wp.com\/vonderheideducht.de\/wp-content\/uploads\/2015\/12\/enjoy4.jpg?resize=150%2C150&ssl=1); width: 150px; height: 150px;\"><\/span><\/a>\n\t\t\t<br style=\"clear: both;\" \/>\n\t\t\t<a href=\"https:\/\/i0.wp.com\/vonderheideducht.de\/wp-content\/uploads\/2015\/12\/enjoy3.jpg?fit=474%2C313&ssl=1\" title=\"Enjoy\" rel=\"polaroid_1619560174\" class=\"polaroid-gallery-item showcaption\"><span class=\"polaroid-gallery-image\" title=\"\" style=\"background-image: url(https:\/\/i0.wp.com\/vonderheideducht.de\/wp-content\/uploads\/2015\/12\/enjoy3.jpg?resize=150%2C150&ssl=1); width: 150px; height: 150px;\"><\/span><\/a>\n\t\t\t<a href=\"https:\/\/i0.wp.com\/vonderheideducht.de\/wp-content\/uploads\/2015\/12\/eschra.jpg?fit=474%2C313&ssl=1\" title=\"eschra\" rel=\"polaroid_1619560174\" class=\"polaroid-gallery-item showcaption\"><span class=\"polaroid-gallery-image\" title=\"\" style=\"background-image: url(https:\/\/i0.wp.com\/vonderheideducht.de\/wp-content\/uploads\/2015\/12\/eschra.jpg?resize=150%2C150&ssl=1); width: 150px; height: 150px;\"><\/span><\/a>\n\t\t\t<br style=\"clear: both;\" \/>\n\t\t\t<a href=\"https:\/\/i0.wp.com\/vonderheideducht.de\/wp-content\/uploads\/2015\/12\/5er.jpg?fit=474%2C313&ssl=1\" title=\"E-Wurf\" rel=\"polaroid_1619560174\" class=\"polaroid-gallery-item showcaption\"><span class=\"polaroid-gallery-image\" title=\"\" style=\"background-image: url(https:\/\/i0.wp.com\/vonderheideducht.de\/wp-content\/uploads\/2015\/12\/5er.jpg?resize=150%2C150&ssl=1); width: 150px; height: 150px;\"><\/span><\/a>\n\t\t\t<a href=\"https:\/\/i0.wp.com\/vonderheideducht.de\/wp-content\/uploads\/2015\/12\/vater_dickschesersterwurf3.jpg?fit=474%2C313&ssl=1\" title=\"vater_dickschesersterwurf3\" rel=\"polaroid_1619560174\" class=\"polaroid-gallery-item showcaption\"><span class=\"polaroid-gallery-image\" title=\"\" style=\"background-image: url(https:\/\/i0.wp.com\/vonderheideducht.de\/wp-content\/uploads\/2015\/12\/vater_dickschesersterwurf3.jpg?resize=150%2C150&ssl=1); width: 150px; height: 150px;\"><\/span><\/a>\n\t\t\t<br style=\"clear: both;\" \/>\n\t\t\t<a href=\"https:\/\/i0.wp.com\/vonderheideducht.de\/wp-content\/uploads\/2015\/12\/vater_dickschesersterwurf.jpg?fit=474%2C313&ssl=1\" title=\"vater_dickschesersterwurf\" rel=\"polaroid_1619560174\" class=\"polaroid-gallery-item showcaption\"><span class=\"polaroid-gallery-image\" title=\"\" style=\"background-image: url(https:\/\/i0.wp.com\/vonderheideducht.de\/wp-content\/uploads\/2015\/12\/vater_dickschesersterwurf.jpg?resize=150%2C150&ssl=1); width: 150px; height: 150px;\"><\/span><\/a>\n\t\t\t<a href=\"https:\/\/i0.wp.com\/vonderheideducht.de\/wp-content\/uploads\/2015\/12\/enjoy2.jpg?fit=474%2C313&ssl=1\" title=\"E-Wurf\" rel=\"polaroid_1619560174\" class=\"polaroid-gallery-item showcaption\"><span class=\"polaroid-gallery-image\" title=\"\" style=\"background-image: url(https:\/\/i0.wp.com\/vonderheideducht.de\/wp-content\/uploads\/2015\/12\/enjoy2.jpg?resize=150%2C150&ssl=1); width: 150px; height: 150px;\"><\/span><\/a>\n\t\t\t<br style=\"clear: both;\" \/>\n\t\t\t<a href=\"https:\/\/i0.wp.com\/vonderheideducht.de\/wp-content\/uploads\/2015\/12\/vater_dickschesersterwurf2.jpg?fit=474%2C313&ssl=1\" title=\"vater_dickschesersterwurf2\" rel=\"polaroid_1619560174\" class=\"polaroid-gallery-item showcaption\"><span class=\"polaroid-gallery-image\" title=\"\" style=\"background-image: url(https:\/\/i0.wp.com\/vonderheideducht.de\/wp-content\/uploads\/2015\/12\/vater_dickschesersterwurf2.jpg?resize=150%2C150&ssl=1); width: 150px; height: 150px;\"><\/span><\/a>\n\t\t\t<br style=\"clear: both;\" \/><\/div>\n\n","protected":false},"excerpt":{"rendered":"<p>H\u00fcndin: unsere Dicksche von der Heideducht&nbsp;&nbsp; Farbe Schwarz Deckr\u00fcde&nbsp; Birchen Belschirash NHSB 2389430&nbsp; Rot Geboren am 17.3.2006 1 Baby&nbsp; R\u00fcde: Elvis &#8211; Schw.-loh- 300g &#8211; 4 Uhr 30&nbsp; \/\/ &nbsp;&nbsp;&nbsp;&nbsp;&nbsp;&nbsp;&nbsp;&nbsp;&nbsp; verstorben&nbsp;&nbsp;&nbsp; &#8211; &nbsp;&nbsp;&nbsp;&nbsp; &nbsp; gesund bis Herbst 2013 Bronchitis Lungenendz\u00fcndung 2 Baby H\u00fcndin: Eschra &#8211;&nbsp; Schwarz &#8211; 300g&nbsp; -um 4 Uhr 50&nbsp;&nbsp; \/\/ &nbsp;&nbsp; nach &hellip; <a href=\"https:\/\/vonderheideducht.de\/?page_id=976\" class=\"more-link\"><span class=\"screen-reader-text\">E-Wurf von Dicksche 17.03.2006<\/span> weiterlesen <span class=\"meta-nav\">&rarr;<\/span><\/a><\/p>\n","protected":false},"author":1,"featured_media":0,"parent":30,"menu_order":0,"comment_status":"open","ping_status":"closed","template":"","meta":{"ngg_post_thumbnail":0,"jetpack_post_was_ever_published":false,"footnotes":""},"class_list":["post-976","page","type-page","status-publish","hentry"],"jetpack_sharing_enabled":true,"jetpack_shortlink":"https:\/\/wp.me\/P71my5-fK","jetpack_likes_enabled":true,"_links":{"self":[{"href":"https:\/\/vonderheideducht.de\/index.php?rest_route=\/wp\/v2\/pages\/976","targetHints":{"allow":["GET"]}}],"collection":[{"href":"https:\/\/vonderheideducht.de\/index.php?rest_route=\/wp\/v2\/pages"}],"about":[{"href":"https:\/\/vonderheideducht.de\/index.php?rest_route=\/wp\/v2\/types\/page"}],"author":[{"embeddable":true,"href":"https:\/\/vonderheideducht.de\/index.php?rest_route=\/wp\/v2\/users\/1"}],"replies":[{"embeddable":true,"href":"https:\/\/vonderheideducht.de\/index.php?rest_route=%2Fwp%2Fv2%2Fcomments&post=976"}],"version-history":[{"count":8,"href":"https:\/\/vonderheideducht.de\/index.php?rest_route=\/wp\/v2\/pages\/976\/revisions"}],"predecessor-version":[{"id":5433,"href":"https:\/\/vonderheideducht.de\/index.php?rest_route=\/wp\/v2\/pages\/976\/revisions\/5433"}],"up":[{"embeddable":true,"href":"https:\/\/vonderheideducht.de\/index.php?rest_route=\/wp\/v2\/pages\/30"}],"wp:attachment":[{"href":"https:\/\/vonderheideducht.de\/index.php?rest_route=%2Fwp%2Fv2%2Fmedia&parent=976"}],"curies":[{"name":"wp","href":"https:\/\/api.w.org\/{rel}","templated":true}]}}